{"id":727179,"date":"2026-02-10T13:14:59","date_gmt":"2026-02-10T12:14:59","guid":{"rendered":"https:\/\/lucacastelli.com\/prodotto\/chariot-de-guidage-stihl-fw-20-ts-710i-ts-910i\/"},"modified":"2026-02-10T13:14:59","modified_gmt":"2026-02-10T12:14:59","slug":"chariot-de-guidage-stihl-fw-20-ts-710i-ts-910i","status":"publish","type":"product","link":"https:\/\/lucacastelli.com\/fr\/produit\/chariot-de-guidage-stihl-fw-20-ts-710i-ts-910i\/","title":{"rendered":"Chariot de guidage STIHL FW 20 TS 710i, TS 910i"},"content":{"rendered":"<p>Le chariot de guidage pratique STIHL FW 20 pour votre d\u00e9coupeuse STIHL facilite les coupes pr\u00e9cises sur de longues distances. En raison du poids \u00e9lev\u00e9 de la d\u00e9coupeuse, la coupe manuelle sur de longues distances repr\u00e9sente un d\u00e9fi majeur. Le chariot de guidage FW 20 transforme vos outils portatifs en une machine de d\u00e9coupe mobile en un clin d\u2019\u0153il gr\u00e2ce \u00e0 son dispositif de fixation rapide pratique. La profondeur de coupe peut \u00e9galement \u00eatre r\u00e9gl\u00e9e avec pr\u00e9cision gr\u00e2ce \u00e0 cet accessoire pratique pour votre d\u00e9coupeuse. Le chariot de guidage FW 20 est adapt\u00e9 aux travaux professionnels sur les chantiers et dans la construction routi\u00e8re. Il est facile \u00e0 d\u00e9monter, occupe tr\u00e8s peu d\u2019espace et peut \u00eatre ais\u00e9ment transport\u00e9 par une seule personne. Lors de travaux sur des chantiers sans raccordement d\u2019eau, il est possible de compl\u00e9ter le chariot FW 20 par un r\u00e9servoir d\u2019eau optionnel pour FW 20.      <\/p>\n","protected":false},"excerpt":{"rendered":"<p>Le chariot de guidage pratique STIHL FW 20 pour votre d\u00e9coupeuse STIHL facilite les coupes pr\u00e9cises sur de longues distances.<\/p>\n","protected":false},"featured_media":720738,"template":"","meta":{"_seopress_robots_primary_cat":"none","_seopress_titles_title":"","_seopress_titles_desc":"","_seopress_robots_index":""},"product_brand":[3366],"product_cat":[29,495,512,496],"product_tag":[],"class_list":{"0":"post-727179","1":"product","2":"type-product","3":"status-publish","4":"has-post-thumbnail","6":"product_brand-stihl","7":"product_cat-macchinari","8":"product_cat-troncatrici-e-mototroncatrici","9":"product_cat-accessori-e-materiale-di-consumo-troncatrici-e-mototroncatrici","10":"product_cat-troncatrici","11":"sws-gruppo-macchinari-fr","12":"sws-conto-ricavi-merci-rivendita-macchinari-fr","13":"sws-gruppo-iva-iva81-fr","15":"first","16":"instock","17":"sale","18":"shipping-taxable","19":"purchasable","20":"product-type-simple"},"_links":{"self":[{"href":"https:\/\/lucacastelli.com\/fr\/wp-json\/wp\/v2\/product\/727179","targetHints":{"allow":["GET"]}}],"collection":[{"href":"https:\/\/lucacastelli.com\/fr\/wp-json\/wp\/v2\/product"}],"about":[{"href":"https:\/\/lucacastelli.com\/fr\/wp-json\/wp\/v2\/types\/product"}],"wp:featuredmedia":[{"embeddable":true,"href":"https:\/\/lucacastelli.com\/fr\/wp-json\/wp\/v2\/media\/720738"}],"wp:attachment":[{"href":"https:\/\/lucacastelli.com\/fr\/wp-json\/wp\/v2\/media?parent=727179"}],"wp:term":[{"taxonomy":"product_brand","embeddable":true,"href":"https:\/\/lucacastelli.com\/fr\/wp-json\/wp\/v2\/product_brand?post=727179"},{"taxonomy":"product_cat","embeddable":true,"href":"https:\/\/lucacastelli.com\/fr\/wp-json\/wp\/v2\/product_cat?post=727179"},{"taxonomy":"product_tag","embeddable":true,"href":"https:\/\/lucacastelli.com\/fr\/wp-json\/wp\/v2\/product_tag?post=727179"}],"curies":[{"name":"wp","href":"https:\/\/api.w.org\/{rel}","templated":true}]}}