{"id":727160,"date":"2026-02-15T10:37:45","date_gmt":"2026-02-15T09:37:45","guid":{"rendered":"https:\/\/lucacastelli.com\/prodotto\/fausse-fourche-teufelberger-pulleysaver-pull-down\/"},"modified":"2026-02-15T10:37:45","modified_gmt":"2026-02-15T09:37:45","slug":"fausse-fourche-teufelberger-pulleysaver-pull-down","status":"publish","type":"product","link":"https:\/\/lucacastelli.com\/fr\/produit\/fausse-fourche-teufelberger-pulleysaver-pull-down\/","title":{"rendered":"Fausse fourche Teufelberger pulleySaver Pull Down"},"content":{"rendered":"<p>Fausse fourche selon EN 795 B, adapt\u00e9e aux cordes jusqu\u2019\u00e0 14 mm de diam\u00e8tre. Assure un coulissement fluide de la corde de rappel. Particuli\u00e8rement polyvalente comme point d\u2019ancrage. Diam\u00e8tre de corde 12 mm. Livr\u00e9e avec c\u00f4ne de r\u00e9cup\u00e9ration DMM (20 mm).  <\/p>\n<p>Il s\u2019agit d\u2019une protection de corde conforme \u00e0 la norme EN 795 B. Elle r\u00e9duit la r\u00e9sistance au frottement et garantit ainsi un coulissement fluide de la corde de rappel. Cela permet une ascension particuli\u00e8rement efficace, car elle n\u00e9cessite moins d\u2019effort. Le Teufelberger Pulleysaver Pull Down peut \u00eatre install\u00e9 de mani\u00e8re tr\u00e8s polyvalente lorsqu\u2019il est utilis\u00e9 comme point d\u2019ancrage : en double comme \u00e9l\u00e9ment oscillant, en \u00e9trangleur, enroul\u00e9 en double, \u00e9trangl\u00e9 en double et en double \u00e0 l\u2019aide du Prusikloop. L\u2019\u0153illet \u00e9lastique pour un retrait facile de la fausse fourche revient \u00e0 sa position initiale m\u00eame apr\u00e8s mille cycles.   <\/p>\n<ul>\n<li>Fausse fourche selon EN 795 B<\/li>\n<li>adapt\u00e9e aux diam\u00e8tres de corde jusqu\u2019\u00e0 14 mm<\/li>\n<li>assure un coulissement fluide de la corde de rappel<\/li>\n<li>particuli\u00e8rement polyvalente comme point d\u2019ancrage<\/li>\n<li>Diam\u00e8tre de corde 12 mm<\/li>\n<li>Livr\u00e9e avec c\u00f4ne de r\u00e9cup\u00e9ration DMM (20 mm)<\/li>\n<\/ul>\n","protected":false},"excerpt":{"rendered":"<p>Fausse fourche selon EN 795 B, adapt\u00e9e aux cordes jusqu\u2019\u00e0 14 mm de diam\u00e8tre. Assure un coulissement fluide de la<\/p>\n","protected":false},"featured_media":726786,"template":"","meta":{"_seopress_robots_primary_cat":"none","_seopress_titles_title":"","_seopress_titles_desc":"","_seopress_robots_index":""},"product_brand":[6764],"product_cat":[33,537,814],"product_tag":[],"class_list":{"0":"post-727160","1":"product","2":"type-product","3":"status-publish","4":"has-post-thumbnail","6":"product_brand-teufelberger","7":"product_cat-attrezzature","8":"product_cat-attrezzatura-da-lavoro","9":"product_cat-imbraghi-e-materiale-di-sicurezza","10":"sws-gruppo-abb-libero-fr","11":"sws-conto-ricavi-merci-rivendita-abbigliamento-fr","12":"sws-gruppo-iva-iva81-fr","14":"first","15":"instock","16":"shipping-taxable","17":"purchasable","18":"product-type-variable"},"_links":{"self":[{"href":"https:\/\/lucacastelli.com\/fr\/wp-json\/wp\/v2\/product\/727160","targetHints":{"allow":["GET"]}}],"collection":[{"href":"https:\/\/lucacastelli.com\/fr\/wp-json\/wp\/v2\/product"}],"about":[{"href":"https:\/\/lucacastelli.com\/fr\/wp-json\/wp\/v2\/types\/product"}],"wp:featuredmedia":[{"embeddable":true,"href":"https:\/\/lucacastelli.com\/fr\/wp-json\/wp\/v2\/media\/726786"}],"wp:attachment":[{"href":"https:\/\/lucacastelli.com\/fr\/wp-json\/wp\/v2\/media?parent=727160"}],"wp:term":[{"taxonomy":"product_brand","embeddable":true,"href":"https:\/\/lucacastelli.com\/fr\/wp-json\/wp\/v2\/product_brand?post=727160"},{"taxonomy":"product_cat","embeddable":true,"href":"https:\/\/lucacastelli.com\/fr\/wp-json\/wp\/v2\/product_cat?post=727160"},{"taxonomy":"product_tag","embeddable":true,"href":"https:\/\/lucacastelli.com\/fr\/wp-json\/wp\/v2\/product_tag?post=727160"}],"curies":[{"name":"wp","href":"https:\/\/api.w.org\/{rel}","templated":true}]}}