{"id":727125,"date":"2026-02-15T11:01:31","date_gmt":"2026-02-15T10:01:31","guid":{"rendered":"https:\/\/lucacastelli.com\/prodotto\/elingue-ronde-en-polyester-avec-fourreau-exterieur-renforce\/"},"modified":"2026-02-15T11:01:31","modified_gmt":"2026-02-15T10:01:31","slug":"elingue-ronde-en-polyester-avec-fourreau-exterieur-renforce","status":"publish","type":"product","link":"https:\/\/lucacastelli.com\/fr\/produit\/elingue-ronde-en-polyester-avec-fourreau-exterieur-renforce\/","title":{"rendered":"\u00c9lingue ronde en polyester avec fourreau ext\u00e9rieur renforc\u00e9"},"content":{"rendered":"<p>Conforme \u00e0 la norme EN 1492-2, coefficient de s\u00e9curit\u00e9 7. Fourreau de protection double couche. Charge utile directe 3 t. Charge utile en U 6 t. Charge utile en n\u0153ud coulant 2,4 t. Charge de rupture directe 21 t. Code couleur jaune.      <\/p>\n<p>Ces \u00e9lingues rondes en polyester sont dot\u00e9es d&#8217;un fourreau ext\u00e9rieur extra r\u00e9sistant et anti-abrasion. Particuli\u00e8rement adapt\u00e9es aux conditions d&#8217;utilisation difficiles. Fabriqu\u00e9es selon la norme EN 1492-2, coefficient de s\u00e9curit\u00e9 7. Fourreau de protection double couche.   <\/p>\n<ul>\n<li>Charge utile directe 3 t \/ 4 t \/ 6 t \/ 8 t \/ 10 t.<\/li>\n<li>Charge utile en U 6 t \/ 8 t \/ 12 t \/ 16 t \/ 20 t.<\/li>\n<li>Charge utile en n\u0153ud coulant 2,4 t \/ 3,2 t \/ 4,8 t \/ 6,4 t \/ 8,0 t.<\/li>\n<li>Charge de rupture directe 21 t \/ 28 t \/ 42 t \/ 56 t \/ 70 t.<\/li>\n<li>Code couleur jaune<\/li>\n<\/ul>\n","protected":false},"excerpt":{"rendered":"<p>Conforme \u00e0 la norme EN 1492-2, coefficient de s\u00e9curit\u00e9 7. Fourreau de protection double couche. Charge utile directe 3 t.<\/p>\n","protected":false},"featured_media":726842,"template":"","meta":{"_seopress_robots_primary_cat":"none","_seopress_titles_title":"","_seopress_titles_desc":"","_seopress_robots_index":""},"product_brand":[3411],"product_cat":[33,537,814],"product_tag":[],"class_list":{"0":"post-727125","1":"product","2":"type-product","3":"status-publish","4":"has-post-thumbnail","6":"product_brand-luca-castelli-legnami","7":"product_cat-attrezzature","8":"product_cat-attrezzatura-da-lavoro","9":"product_cat-imbraghi-e-materiale-di-sicurezza","10":"sws-gruppo-abb-libero-fr","11":"sws-conto-ricavi-merci-rivendita-abbigliamento-fr","12":"sws-gruppo-iva-iva81-fr","14":"first","15":"instock","16":"shipping-taxable","17":"purchasable","18":"product-type-variable"},"_links":{"self":[{"href":"https:\/\/lucacastelli.com\/fr\/wp-json\/wp\/v2\/product\/727125","targetHints":{"allow":["GET"]}}],"collection":[{"href":"https:\/\/lucacastelli.com\/fr\/wp-json\/wp\/v2\/product"}],"about":[{"href":"https:\/\/lucacastelli.com\/fr\/wp-json\/wp\/v2\/types\/product"}],"wp:featuredmedia":[{"embeddable":true,"href":"https:\/\/lucacastelli.com\/fr\/wp-json\/wp\/v2\/media\/726842"}],"wp:attachment":[{"href":"https:\/\/lucacastelli.com\/fr\/wp-json\/wp\/v2\/media?parent=727125"}],"wp:term":[{"taxonomy":"product_brand","embeddable":true,"href":"https:\/\/lucacastelli.com\/fr\/wp-json\/wp\/v2\/product_brand?post=727125"},{"taxonomy":"product_cat","embeddable":true,"href":"https:\/\/lucacastelli.com\/fr\/wp-json\/wp\/v2\/product_cat?post=727125"},{"taxonomy":"product_tag","embeddable":true,"href":"https:\/\/lucacastelli.com\/fr\/wp-json\/wp\/v2\/product_tag?post=727125"}],"curies":[{"name":"wp","href":"https:\/\/api.w.org\/{rel}","templated":true}]}}