{"id":727077,"date":"2026-02-13T09:44:26","date_gmt":"2026-02-13T08:44:26","guid":{"rendered":"https:\/\/lucacastelli.com\/prodotto\/longe-de-maintien-en-acier-courant-stileo-12-mm\/"},"modified":"2026-02-13T09:44:26","modified_gmt":"2026-02-13T08:44:26","slug":"longe-de-maintien-en-acier-courant-stileo-12-mm","status":"publish","type":"product","link":"https:\/\/lucacastelli.com\/fr\/produit\/longe-de-maintien-en-acier-courant-stileo-12-mm\/","title":{"rendered":"Longe de maintien en acier Courant Stileo 12 mm"},"content":{"rendered":"<p>\u00c2me en acier tress\u00e9. R\u00e9glage continu de la position de travail via un bloqueur de corde. <\/p>\n<p>La longe de s\u00e9curit\u00e9 en acier Stileo de Courant offre les normes de s\u00e9curit\u00e9 les plus \u00e9lev\u00e9es selon la norme EN 358. Gr\u00e2ce \u00e0 son \u00e2me en acier tress\u00e9, travailler avec des scies en toute s\u00e9curit\u00e9 n\u2019est plus un probl\u00e8me. Avec le r\u00e9ducteur de longueur de corde facile \u00e0 utiliser, vous pouvez r\u00e9gler en continu votre position de travail et agir de mani\u00e8re flexible et s\u00fbre dans de nombreuses situations. Le mousqueton pivotant Trilock aide \u00e0 pr\u00e9venir les torsions et garantit un confort suppl\u00e9mentaire au quotidien.   <\/p>\n","protected":false},"excerpt":{"rendered":"<p>\u00c2me en acier tress\u00e9. R\u00e9glage continu de la position de travail via un bloqueur de corde. La longe de s\u00e9curit\u00e9<\/p>\n","protected":false},"featured_media":724294,"template":"","meta":{"_seopress_robots_primary_cat":"none","_seopress_titles_title":"","_seopress_titles_desc":"","_seopress_robots_index":""},"product_brand":[4401],"product_cat":[33,537,822,814],"product_tag":[],"class_list":{"0":"post-727077","1":"product","2":"type-product","3":"status-publish","4":"has-post-thumbnail","6":"product_brand-courant","7":"product_cat-attrezzature","8":"product_cat-attrezzatura-da-lavoro","9":"product_cat-altro-attrezzatura-da-lavoro","10":"product_cat-imbraghi-e-materiale-di-sicurezza","11":"sws-gruppo-macchinari-fr","12":"sws-conto-ricavi-merci-rivendita-macchinari-fr","13":"sws-gruppo-iva-iva81-fr","15":"first","16":"instock","17":"shipping-taxable","18":"purchasable","19":"product-type-variable"},"_links":{"self":[{"href":"https:\/\/lucacastelli.com\/fr\/wp-json\/wp\/v2\/product\/727077","targetHints":{"allow":["GET"]}}],"collection":[{"href":"https:\/\/lucacastelli.com\/fr\/wp-json\/wp\/v2\/product"}],"about":[{"href":"https:\/\/lucacastelli.com\/fr\/wp-json\/wp\/v2\/types\/product"}],"wp:featuredmedia":[{"embeddable":true,"href":"https:\/\/lucacastelli.com\/fr\/wp-json\/wp\/v2\/media\/724294"}],"wp:attachment":[{"href":"https:\/\/lucacastelli.com\/fr\/wp-json\/wp\/v2\/media?parent=727077"}],"wp:term":[{"taxonomy":"product_brand","embeddable":true,"href":"https:\/\/lucacastelli.com\/fr\/wp-json\/wp\/v2\/product_brand?post=727077"},{"taxonomy":"product_cat","embeddable":true,"href":"https:\/\/lucacastelli.com\/fr\/wp-json\/wp\/v2\/product_cat?post=727077"},{"taxonomy":"product_tag","embeddable":true,"href":"https:\/\/lucacastelli.com\/fr\/wp-json\/wp\/v2\/product_tag?post=727077"}],"curies":[{"name":"wp","href":"https:\/\/api.w.org\/{rel}","templated":true}]}}