{"id":727047,"date":"2026-02-10T11:07:27","date_gmt":"2026-02-10T10:07:27","guid":{"rendered":"https:\/\/lucacastelli.com\/prodotto\/protection-contre-lusure-de-la-courroie-decoupeuse-thermique-ts-910i\/"},"modified":"2026-02-10T11:07:27","modified_gmt":"2026-02-10T10:07:27","slug":"protection-contre-lusure-de-la-courroie-decoupeuse-thermique-ts-910i","status":"publish","type":"product","link":"https:\/\/lucacastelli.com\/fr\/produit\/protection-contre-lusure-de-la-courroie-decoupeuse-thermique-ts-910i\/","title":{"rendered":"Protection contre l\u2019usure de la courroie &#8211; D\u00e9coupeuse thermique TS 910i"},"content":{"rendered":"<p>D\u00e9flecteur renforc\u00e9 en m\u00e9tal : travaillez plus longtemps sans interruption.<\/p>\n<p>Con\u00e7u pour les applications de d\u00e9coupe exigeantes, le d\u00e9flecteur renforc\u00e9 en m\u00e9tal offre une durabilit\u00e9 exceptionnelle l\u00e0 o\u00f9 elle compte le plus. \u00c9quip\u00e9 d\u2019une protection anti-usure en acier inoxydable qui dure jusqu\u2019\u00e0 cinq fois plus longtemps que les d\u00e9flecteurs conventionnels, il r\u00e9duit consid\u00e9rablement les temps d\u2019arr\u00eat et la maintenance lors de travaux fr\u00e9quents \u00e0 la profondeur de coupe maximale.<br \/>\nCon\u00e7u pour r\u00e9sister \u00e0 l\u2019usure frontale, lat\u00e9rale et lors de coupes d\u2019angle, ce d\u00e9flecteur robuste aide \u00e0 maintenir des performances constantes dans les travaux les plus difficiles, vous permettant de vous concentrer sur votre t\u00e2che. <\/p>\n","protected":false},"excerpt":{"rendered":"<p>D\u00e9flecteur renforc\u00e9 en m\u00e9tal : travaillez plus longtemps sans interruption. Con\u00e7u pour les applications de d\u00e9coupe exigeantes, le d\u00e9flecteur renforc\u00e9<\/p>\n","protected":false},"featured_media":720527,"template":"","meta":{"_seopress_robots_primary_cat":"none","_seopress_titles_title":"","_seopress_titles_desc":"","_seopress_robots_index":""},"product_brand":[3555],"product_cat":[1688,1689,167,1686],"product_tag":[],"class_list":{"0":"post-727047","1":"product","2":"type-product","3":"status-publish","4":"has-post-thumbnail","6":"product_brand-stihl-fr","7":"product_cat-accessoires-et-consommables-fr-8","8":"product_cat-coupe-bordures-et-elagueurs","9":"product_cat-machines","10":"product_cat-tronconneuses-fr","11":"sws-gruppo-macchinari-fr","12":"sws-conto-ricavi-merci-rivendita-macchinari-fr","13":"sws-gruppo-iva-iva81-fr","15":"first","16":"instock","17":"shipping-taxable","18":"purchasable","19":"product-type-simple"},"_links":{"self":[{"href":"https:\/\/lucacastelli.com\/fr\/wp-json\/wp\/v2\/product\/727047","targetHints":{"allow":["GET"]}}],"collection":[{"href":"https:\/\/lucacastelli.com\/fr\/wp-json\/wp\/v2\/product"}],"about":[{"href":"https:\/\/lucacastelli.com\/fr\/wp-json\/wp\/v2\/types\/product"}],"wp:featuredmedia":[{"embeddable":true,"href":"https:\/\/lucacastelli.com\/fr\/wp-json\/wp\/v2\/media\/720527"}],"wp:attachment":[{"href":"https:\/\/lucacastelli.com\/fr\/wp-json\/wp\/v2\/media?parent=727047"}],"wp:term":[{"taxonomy":"product_brand","embeddable":true,"href":"https:\/\/lucacastelli.com\/fr\/wp-json\/wp\/v2\/product_brand?post=727047"},{"taxonomy":"product_cat","embeddable":true,"href":"https:\/\/lucacastelli.com\/fr\/wp-json\/wp\/v2\/product_cat?post=727047"},{"taxonomy":"product_tag","embeddable":true,"href":"https:\/\/lucacastelli.com\/fr\/wp-json\/wp\/v2\/product_tag?post=727047"}],"curies":[{"name":"wp","href":"https:\/\/api.w.org\/{rel}","templated":true}]}}