{"id":727020,"date":"2026-02-12T17:27:59","date_gmt":"2026-02-12T16:27:59","guid":{"rendered":"https:\/\/lucacastelli.com\/prodotto\/meindl-island-men-mfs-active\/"},"modified":"2026-02-12T17:27:59","modified_gmt":"2026-02-12T16:27:59","slug":"meindl-island-men-mfs-active","status":"publish","type":"product","link":"https:\/\/lucacastelli.com\/fr\/produit\/meindl-island-men-mfs-active\/","title":{"rendered":"MEINDL Island Men MFS Active"},"content":{"rendered":"<p>Le classique Meindl depuis plus de 30 ans, continuellement am\u00e9lior\u00e9 et perfectionn\u00e9. La chaussure de trekking classique Island MFS Active en cuir nubuck Sil r\u00e9sistant est imperm\u00e9able et respirante gr\u00e2ce au GORE-TEX. La mousse \u00e0 m\u00e9moire de forme sp\u00e9ciale au niveau de la cheville s\u2019adapte parfaitement \u00e0 la forme du pied gr\u00e2ce \u00e0 la chaleur corporelle. Le syst\u00e8me Meindl DiGAfix\u00ae garantit une fixation optimale du talon. La semelle Meindl Multigriff\u00ae de Vibram\u00ae assure toujours une adh\u00e9rence s\u00fbre.    <\/p>\n<p>&nbsp;<\/p>\n<p>Informations sur le fabricant<\/p>\n<p><b>Mat\u00e9riau ext\u00e9rieur<\/b><\/p>\n<p>Sil &#8211; Cuir nubuck huil\u00e9<\/p>\n<p><b>Doublure<\/b><\/p>\n<p>GORE-TEX\u00ae Performance Comfort Footwear<\/p>\n<p><b>Semelle int\u00e9rieure<\/b><\/p>\n<p>AIR-ACTIVE\u00ae SOFT PRINT drysole<\/p>\n<p><b>Semelle<\/b><\/p>\n<p>Meindl Multigriff\u00ae de Vibram\u00ae<\/p>\n<p><b>Tailles<\/b><\/p>\n<p>5 &#8211; 12 \/ 13, 14, 15<\/p>\n","protected":false},"excerpt":{"rendered":"<p>Le classique Meindl depuis plus de 30 ans, continuellement am\u00e9lior\u00e9 et perfectionn\u00e9. La chaussure de trekking classique Island MFS Active<\/p>\n","protected":false},"featured_media":723516,"template":"","meta":{"_seopress_robots_primary_cat":"none","_seopress_titles_title":"","_seopress_titles_desc":"","_seopress_robots_index":""},"product_brand":[3427],"product_cat":[28,568,569],"product_tag":[],"class_list":{"0":"post-727020","1":"product","2":"type-product","3":"status-publish","4":"has-post-thumbnail","6":"product_brand-meindl","7":"product_cat-calzature","8":"product_cat-calzature-per-il-tempo-libero","9":"product_cat-calzature-da-uomo","10":"sws-gruppo-abb-libero-fr","11":"sws-conto-ricavi-merci-rivendita-abbigliamento-fr","12":"sws-gruppo-iva-iva81-fr","14":"first","15":"instock","16":"sale","17":"shipping-taxable","18":"purchasable","19":"product-type-variable","20":"has-default-attributes"},"_links":{"self":[{"href":"https:\/\/lucacastelli.com\/fr\/wp-json\/wp\/v2\/product\/727020","targetHints":{"allow":["GET"]}}],"collection":[{"href":"https:\/\/lucacastelli.com\/fr\/wp-json\/wp\/v2\/product"}],"about":[{"href":"https:\/\/lucacastelli.com\/fr\/wp-json\/wp\/v2\/types\/product"}],"wp:featuredmedia":[{"embeddable":true,"href":"https:\/\/lucacastelli.com\/fr\/wp-json\/wp\/v2\/media\/723516"}],"wp:attachment":[{"href":"https:\/\/lucacastelli.com\/fr\/wp-json\/wp\/v2\/media?parent=727020"}],"wp:term":[{"taxonomy":"product_brand","embeddable":true,"href":"https:\/\/lucacastelli.com\/fr\/wp-json\/wp\/v2\/product_brand?post=727020"},{"taxonomy":"product_cat","embeddable":true,"href":"https:\/\/lucacastelli.com\/fr\/wp-json\/wp\/v2\/product_cat?post=727020"},{"taxonomy":"product_tag","embeddable":true,"href":"https:\/\/lucacastelli.com\/fr\/wp-json\/wp\/v2\/product_tag?post=727020"}],"curies":[{"name":"wp","href":"https:\/\/api.w.org\/{rel}","templated":true}]}}