{"id":727019,"date":"2026-02-09T11:20:06","date_gmt":"2026-02-09T10:20:06","guid":{"rendered":"https:\/\/lucacastelli.com\/prodotto\/petzl-zillon\/"},"modified":"2026-02-09T11:20:06","modified_gmt":"2026-02-09T10:20:06","slug":"petzl-zillon","status":"publish","type":"product","link":"https:\/\/lucacastelli.com\/fr\/produit\/petzl-zillon\/","title":{"rendered":"PETZL ZILLON"},"content":{"rendered":"<p class=\"productSubtitle\">Longe de maintien r\u00e9glable pour l\u2019\u00e9lagage<\/p>\n<div class=\"productCaracteristiquesPosition inlineblock\">\n<p class=\"productCaracteristiques inlineblock\">ZILLON est une longe de maintien pour l\u2019\u00e9lagage, r\u00e9glable tr\u00e8s facilement d\u2019une seule main, m\u00eame sous tension. Elle est con\u00e7ue pour \u00eatre utilis\u00e9e \u00e0 double sur les points d\u2019attache lat\u00e9raux du harnais ou \u00e0 simple sur le point d\u2019attache ventral avec la main sur le brin libre. La couleur jaune garantit une excellente visibilit\u00e9.  <\/p>\n<\/div>\n<h3>Description d\u00e9taill\u00e9e<\/h3>\n<div class=\"list\">\n<ul>\n<li>Con\u00e7ue pour \u00eatre utilis\u00e9e sur les points d\u2019attache lat\u00e9raux du harnais ou \u00e0 simple sur le point d\u2019attache ventral avec la main sur le brin libre.<\/li>\n<li>Simple \u00e0 utiliser et efficace :<br \/>\n&#8211; facilement r\u00e9glable sous tension. Le r\u00e9glage peut \u00eatre effectu\u00e9 d\u2019une seule main gr\u00e2ce \u00e0 une grande progressivit\u00e9 de d\u00e9blocage et de blocage de l\u2019appareil,<br \/>\n&#8211; corde souple pour garantir une bonne fluidit\u00e9 et de couleur jaune pour une excellente visibilit\u00e9,<br \/>\n&#8211; poulie sur roulement \u00e0 billes \u00e9tanche pour ravaler sans effort le mou de la corde. <\/li>\n<li>Durable et r\u00e9parable :<br \/>\n&#8211; \u00e9l\u00e9ments de friction en acier pour r\u00e9duire l\u2019usure,<br \/>\n&#8211; r\u00e9parable par l\u2019utilisateur, ZILLON dispose de pi\u00e8ces de rechange pour prolonger sa dur\u00e9e de vie.<\/li>\n<li>Disponible en trois longueurs : 2,5, 4 et 5,5 m.<\/li>\n<\/ul>\n<\/div>\n<h3>Caract\u00e9ristiques<\/h3>\n<div class=\"list\">\n<ul>\n<li>Mat\u00e9riaux : acier inoxydable, aluminium, plastique, polyester<\/li>\n<li>Certification(s) : CE EN 358<\/li>\n<\/ul>\n<\/div>\n<p>&nbsp;<\/p>\n<table>\n<tbody>\n<tr>\n<th class=\"rowTitle\">R\u00e9f\u00e9rences<\/th>\n<th>L22A 025<\/th>\n<th>L22A 040<\/th>\n<th>L22A 055<\/th>\n<\/tr>\n<tr>\n<td class=\"rowTitle\">Longueur<\/td>\n<td>2,5 m<\/td>\n<td>4 m<\/td>\n<td>5,5 m<\/td>\n<\/tr>\n<tr>\n<td class=\"rowTitle\">Poids<\/td>\n<td>570 g<\/td>\n<td>735 g<\/td>\n<td>900 g<\/td>\n<\/tr>\n<tr>\n<td class=\"rowTitle\">Garantie<\/td>\n<td>3 ans<\/td>\n<td>3 ans<\/td>\n<td>3 ans<\/td>\n<\/tr>\n<tr>\n<td class=\"rowTitle\">Conditionnement<\/td>\n<td>1<\/td>\n<td>1<\/td>\n<td>1<\/td>\n<\/tr>\n<\/tbody>\n<\/table>\n","protected":false},"excerpt":{"rendered":"<p>Longe de maintien r\u00e9glable pour l\u2019\u00e9lagage ZILLON est une longe de maintien pour l\u2019\u00e9lagage, r\u00e9glable tr\u00e8s facilement d\u2019une seule main,<\/p>\n","protected":false},"featured_media":718907,"template":"","meta":{"_seopress_robots_primary_cat":"none","_seopress_titles_title":"","_seopress_titles_desc":"","_seopress_robots_index":""},"product_brand":[3667],"product_cat":[144,1397,1402],"product_tag":[],"class_list":{"0":"post-727019","1":"product","2":"type-product","3":"status-publish","4":"has-post-thumbnail","6":"product_brand-petzl-fr","7":"product_cat-equipement","8":"product_cat-equipement-de-travail","9":"product_cat-harnais-et-equipements-de-securite","10":"sws-gruppo-abb-libero-fr","11":"sws-conto-ricavi-merci-rivendita-abbigliamento-fr","12":"sws-gruppo-iva-iva81-fr","14":"first","15":"instock","16":"shipping-taxable","17":"purchasable","18":"product-type-variable"},"_links":{"self":[{"href":"https:\/\/lucacastelli.com\/fr\/wp-json\/wp\/v2\/product\/727019","targetHints":{"allow":["GET"]}}],"collection":[{"href":"https:\/\/lucacastelli.com\/fr\/wp-json\/wp\/v2\/product"}],"about":[{"href":"https:\/\/lucacastelli.com\/fr\/wp-json\/wp\/v2\/types\/product"}],"wp:featuredmedia":[{"embeddable":true,"href":"https:\/\/lucacastelli.com\/fr\/wp-json\/wp\/v2\/media\/718907"}],"wp:attachment":[{"href":"https:\/\/lucacastelli.com\/fr\/wp-json\/wp\/v2\/media?parent=727019"}],"wp:term":[{"taxonomy":"product_brand","embeddable":true,"href":"https:\/\/lucacastelli.com\/fr\/wp-json\/wp\/v2\/product_brand?post=727019"},{"taxonomy":"product_cat","embeddable":true,"href":"https:\/\/lucacastelli.com\/fr\/wp-json\/wp\/v2\/product_cat?post=727019"},{"taxonomy":"product_tag","embeddable":true,"href":"https:\/\/lucacastelli.com\/fr\/wp-json\/wp\/v2\/product_tag?post=727019"}],"curies":[{"name":"wp","href":"https:\/\/api.w.org\/{rel}","templated":true}]}}