{"id":727016,"date":"2026-02-10T11:15:53","date_gmt":"2026-02-10T10:15:53","guid":{"rendered":"https:\/\/lucacastelli.com\/prodotto\/butee-de-profondeur-stihl-avec-raccord-daspiration-pour-tsa-300-tsa-350-et-tsa-500-b\/"},"modified":"2026-02-10T11:15:53","modified_gmt":"2026-02-10T10:15:53","slug":"butee-de-profondeur-stihl-avec-raccord-daspiration-pour-tsa-300-tsa-350-et-tsa-500-b","status":"publish","type":"product","link":"https:\/\/lucacastelli.com\/fr\/produit\/butee-de-profondeur-stihl-avec-raccord-daspiration-pour-tsa-300-tsa-350-et-tsa-500-b\/","title":{"rendered":"But\u00e9e de profondeur STIHL avec raccord d\u2019aspiration pour TSA 300, TSA 350 et TSA 500 B"},"content":{"rendered":"<p>But\u00e9e de profondeur STIHL avec raccord d\u2019aspiration : favorise une coupe avec peu de poussi\u00e8re<br \/>\nLa but\u00e9e de profondeur STIHL avec raccord d\u2019aspiration offre un support efficace pour une coupe de mat\u00e9riaux min\u00e9raux avec peu de poussi\u00e8re sur des surfaces planes avec la d\u00e9coupeuse \u00e0 batterie STIHL TSA 300.<\/p>\n<p>Cette but\u00e9e de profondeur permet un r\u00e9glage continu de la profondeur de coupe et dispose d\u2019une but\u00e9e parall\u00e8le comme guide. Pour minimiser la formation de poussi\u00e8re, vous pouvez brancher un syst\u00e8me d\u2019aspiration au raccord d\u2019aspiration. Cela permet de r\u00e9duire efficacement la poussi\u00e8re, en particulier sur les surfaces planes avec une coupe tirante. Pour cela, un aspirateur eau et poussi\u00e8re compatible et puissant est n\u00e9cessaire, comme l\u2019aspirateur \u00e9lectrique eau et poussi\u00e8re STIHL SE 133 ME.   <\/p>\n","protected":false},"excerpt":{"rendered":"<p>But\u00e9e de profondeur STIHL avec raccord d\u2019aspiration : favorise une coupe avec peu de poussi\u00e8re La but\u00e9e de profondeur STIHL<\/p>\n","protected":false},"featured_media":720540,"template":"","meta":{"_seopress_robots_primary_cat":"none","_seopress_titles_title":"","_seopress_titles_desc":"","_seopress_robots_index":""},"product_brand":[3366],"product_cat":[29,495,512,496],"product_tag":[],"class_list":{"0":"post-727016","1":"product","2":"type-product","3":"status-publish","4":"has-post-thumbnail","6":"product_brand-stihl","7":"product_cat-macchinari","8":"product_cat-troncatrici-e-mototroncatrici","9":"product_cat-accessori-e-materiale-di-consumo-troncatrici-e-mototroncatrici","10":"product_cat-troncatrici","11":"sws-gruppo-macchinari-fr","12":"sws-conto-ricavi-merci-rivendita-macchinari-fr","13":"sws-gruppo-iva-iva81-fr","15":"first","16":"instock","17":"shipping-taxable","18":"purchasable","19":"product-type-simple"},"_links":{"self":[{"href":"https:\/\/lucacastelli.com\/fr\/wp-json\/wp\/v2\/product\/727016","targetHints":{"allow":["GET"]}}],"collection":[{"href":"https:\/\/lucacastelli.com\/fr\/wp-json\/wp\/v2\/product"}],"about":[{"href":"https:\/\/lucacastelli.com\/fr\/wp-json\/wp\/v2\/types\/product"}],"wp:featuredmedia":[{"embeddable":true,"href":"https:\/\/lucacastelli.com\/fr\/wp-json\/wp\/v2\/media\/720540"}],"wp:attachment":[{"href":"https:\/\/lucacastelli.com\/fr\/wp-json\/wp\/v2\/media?parent=727016"}],"wp:term":[{"taxonomy":"product_brand","embeddable":true,"href":"https:\/\/lucacastelli.com\/fr\/wp-json\/wp\/v2\/product_brand?post=727016"},{"taxonomy":"product_cat","embeddable":true,"href":"https:\/\/lucacastelli.com\/fr\/wp-json\/wp\/v2\/product_cat?post=727016"},{"taxonomy":"product_tag","embeddable":true,"href":"https:\/\/lucacastelli.com\/fr\/wp-json\/wp\/v2\/product_tag?post=727016"}],"curies":[{"name":"wp","href":"https:\/\/api.w.org\/{rel}","templated":true}]}}