{"id":727001,"date":"2026-02-10T11:38:05","date_gmt":"2026-02-10T10:38:05","guid":{"rendered":"https:\/\/lucacastelli.com\/prodotto\/stihl-reservoir-deau-sous-pression\/"},"modified":"2026-02-15T11:43:27","modified_gmt":"2026-02-15T10:43:27","slug":"stihl-reservoir-deau-sous-pression","status":"publish","type":"product","link":"https:\/\/lucacastelli.com\/fr\/produit\/stihl-reservoir-deau-sous-pression\/","title":{"rendered":"STIHL R\u00e9servoir d\u2019eau sous pression"},"content":{"rendered":"<p>Le r\u00e9servoir d\u2019eau sous pression de 10 litres pour l\u2019approvisionnement en eau mobile garantit une coupe \u00e0 eau propre sans formation de poussi\u00e8re sur les chantiers d\u00e9pourvus de raccordement d\u2019eau.<\/p>\n<p>Pour toutes les d\u00e9coupeuses \u00e0 disque et la PKA 30.<\/p>\n","protected":false},"excerpt":{"rendered":"<p>Le r\u00e9servoir d\u2019eau sous pression de 10 litres pour l\u2019approvisionnement en eau mobile garantit une coupe \u00e0 eau propre sans<\/p>\n","protected":false},"featured_media":720584,"template":"","meta":{"_seopress_robots_primary_cat":"","_seopress_titles_title":"","_seopress_titles_desc":"","_seopress_robots_index":""},"product_brand":[3366],"product_cat":[29,495,512,511,496],"product_tag":[],"class_list":{"0":"post-727001","1":"product","2":"type-product","3":"status-publish","4":"has-post-thumbnail","6":"product_brand-stihl","7":"product_cat-macchinari","8":"product_cat-troncatrici-e-mototroncatrici","9":"product_cat-accessori-e-materiale-di-consumo-troncatrici-e-mototroncatrici","10":"product_cat-mototroncatrici","11":"product_cat-troncatrici","12":"sws-gruppo-macchinari-fr","13":"sws-conto-ricavi-merci-rivendita-macchinari-fr","14":"sws-gruppo-iva-iva81-fr","16":"first","17":"instock","18":"shipping-taxable","19":"purchasable","20":"product-type-simple"},"_links":{"self":[{"href":"https:\/\/lucacastelli.com\/fr\/wp-json\/wp\/v2\/product\/727001","targetHints":{"allow":["GET"]}}],"collection":[{"href":"https:\/\/lucacastelli.com\/fr\/wp-json\/wp\/v2\/product"}],"about":[{"href":"https:\/\/lucacastelli.com\/fr\/wp-json\/wp\/v2\/types\/product"}],"wp:featuredmedia":[{"embeddable":true,"href":"https:\/\/lucacastelli.com\/fr\/wp-json\/wp\/v2\/media\/720584"}],"wp:attachment":[{"href":"https:\/\/lucacastelli.com\/fr\/wp-json\/wp\/v2\/media?parent=727001"}],"wp:term":[{"taxonomy":"product_brand","embeddable":true,"href":"https:\/\/lucacastelli.com\/fr\/wp-json\/wp\/v2\/product_brand?post=727001"},{"taxonomy":"product_cat","embeddable":true,"href":"https:\/\/lucacastelli.com\/fr\/wp-json\/wp\/v2\/product_cat?post=727001"},{"taxonomy":"product_tag","embeddable":true,"href":"https:\/\/lucacastelli.com\/fr\/wp-json\/wp\/v2\/product_tag?post=727001"}],"curies":[{"name":"wp","href":"https:\/\/api.w.org\/{rel}","templated":true}]}}