{"id":726998,"date":"2026-02-10T11:45:14","date_gmt":"2026-02-10T10:45:14","guid":{"rendered":"https:\/\/lucacastelli.com\/prodotto\/stihl-kit-de-roues-pour-tsa-500\/"},"modified":"2026-02-10T11:45:14","modified_gmt":"2026-02-10T10:45:14","slug":"stihl-kit-de-roues-pour-tsa-500","status":"publish","type":"product","link":"https:\/\/lucacastelli.com\/fr\/produit\/stihl-kit-de-roues-pour-tsa-500\/","title":{"rendered":"STIHL Kit de roues pour TSA 500"},"content":{"rendered":"<p>Kit de roues : aide au guidage pour la d\u00e9coupeuse \u00e0 batterie TSA 500<br \/>\nLe kit de roues STIHL pratique facilite le guidage de la d\u00e9coupeuse \u00e0 batterie STIHL TSA 500, m\u00eame lors de coupes longues. Deux roues sont mont\u00e9es sous le pied avant et servent d\u2019aide au guidage, r\u00e9duisant l\u2019effort sur les bras et le dos. Sur des surfaces planes, ce kit d\u2019accessoires pratique permet de r\u00e9aliser des coupes particuli\u00e8rement pr\u00e9cises. En cas de coupes obliques, le kit de roues sert de point d\u2019appui. Cela est particuli\u00e8rement utile dans la construction routi\u00e8re. Mais sur les chantiers de construction \u00e9galement, le kit de roues permet de travailler de mani\u00e8re rapide et pr\u00e9cise.     <\/p>\n","protected":false},"excerpt":{"rendered":"<p>Kit de roues : aide au guidage pour la d\u00e9coupeuse \u00e0 batterie TSA 500 Le kit de roues STIHL pratique<\/p>\n","protected":false},"featured_media":720595,"template":"","meta":{"_seopress_robots_primary_cat":"","_seopress_titles_title":"","_seopress_titles_desc":"","_seopress_robots_index":""},"product_brand":[3366],"product_cat":[29,495,512,496],"product_tag":[],"class_list":{"0":"post-726998","1":"product","2":"type-product","3":"status-publish","4":"has-post-thumbnail","6":"product_brand-stihl","7":"product_cat-macchinari","8":"product_cat-troncatrici-e-mototroncatrici","9":"product_cat-accessori-e-materiale-di-consumo-troncatrici-e-mototroncatrici","10":"product_cat-troncatrici","11":"sws-gruppo-macchinari-fr","12":"sws-conto-ricavi-merci-rivendita-macchinari-fr","13":"sws-gruppo-iva-iva81-fr","15":"first","16":"instock","17":"shipping-taxable","18":"purchasable","19":"product-type-simple"},"_links":{"self":[{"href":"https:\/\/lucacastelli.com\/fr\/wp-json\/wp\/v2\/product\/726998","targetHints":{"allow":["GET"]}}],"collection":[{"href":"https:\/\/lucacastelli.com\/fr\/wp-json\/wp\/v2\/product"}],"about":[{"href":"https:\/\/lucacastelli.com\/fr\/wp-json\/wp\/v2\/types\/product"}],"wp:featuredmedia":[{"embeddable":true,"href":"https:\/\/lucacastelli.com\/fr\/wp-json\/wp\/v2\/media\/720595"}],"wp:attachment":[{"href":"https:\/\/lucacastelli.com\/fr\/wp-json\/wp\/v2\/media?parent=726998"}],"wp:term":[{"taxonomy":"product_brand","embeddable":true,"href":"https:\/\/lucacastelli.com\/fr\/wp-json\/wp\/v2\/product_brand?post=726998"},{"taxonomy":"product_cat","embeddable":true,"href":"https:\/\/lucacastelli.com\/fr\/wp-json\/wp\/v2\/product_cat?post=726998"},{"taxonomy":"product_tag","embeddable":true,"href":"https:\/\/lucacastelli.com\/fr\/wp-json\/wp\/v2\/product_tag?post=726998"}],"curies":[{"name":"wp","href":"https:\/\/api.w.org\/{rel}","templated":true}]}}