{"id":726964,"date":"2026-02-10T11:22:00","date_gmt":"2026-02-10T10:22:00","guid":{"rendered":"https:\/\/lucacastelli.com\/prodotto\/stihl-manchon-ondule-ts\/"},"modified":"2026-02-10T11:22:00","modified_gmt":"2026-02-10T10:22:00","slug":"stihl-manchon-ondule-ts","status":"publish","type":"product","link":"https:\/\/lucacastelli.com\/fr\/produit\/stihl-manchon-ondule-ts\/","title":{"rendered":"STIHL Manchon ondul\u00e9 TS"},"content":{"rendered":"<p>Manchon TS : adaptateur pour disques \u00e0 d\u00e9couper<br \/>\nLe manchon STIHL est un adaptateur pour disques \u00e0 d\u00e9couper. Il permet d\u2019utiliser des disques \u00e0 d\u00e9couper avec un al\u00e9sage de 25,4 mm sur la d\u00e9coupeuse STIHL. Ce manchon en laiton \u00e0 haute valeur ajout\u00e9e est donc adapt\u00e9 aux al\u00e9sages de 1&#8243; du disque \u00e0 d\u00e9couper et est compatible avec l\u2019arbre de 20 mm de la d\u00e9coupeuse thermique STIHL.  <\/p>\n","protected":false},"excerpt":{"rendered":"<p>Manchon TS : adaptateur pour disques \u00e0 d\u00e9couper Le manchon STIHL est un adaptateur pour disques \u00e0 d\u00e9couper. Il permet<\/p>\n","protected":false},"featured_media":720552,"template":"","meta":{"_seopress_robots_primary_cat":"none","_seopress_titles_title":"","_seopress_titles_desc":"","_seopress_robots_index":""},"product_brand":[3366],"product_cat":[29,495,512,496],"product_tag":[],"class_list":{"0":"post-726964","1":"product","2":"type-product","3":"status-publish","4":"has-post-thumbnail","6":"product_brand-stihl","7":"product_cat-macchinari","8":"product_cat-troncatrici-e-mototroncatrici","9":"product_cat-accessori-e-materiale-di-consumo-troncatrici-e-mototroncatrici","10":"product_cat-troncatrici","11":"sws-gruppo-macchinari-fr","12":"sws-conto-ricavi-merci-rivendita-macchinari-fr","13":"sws-gruppo-iva-iva81-fr","15":"first","16":"instock","17":"shipping-taxable","18":"purchasable","19":"product-type-simple"},"_links":{"self":[{"href":"https:\/\/lucacastelli.com\/fr\/wp-json\/wp\/v2\/product\/726964","targetHints":{"allow":["GET"]}}],"collection":[{"href":"https:\/\/lucacastelli.com\/fr\/wp-json\/wp\/v2\/product"}],"about":[{"href":"https:\/\/lucacastelli.com\/fr\/wp-json\/wp\/v2\/types\/product"}],"wp:featuredmedia":[{"embeddable":true,"href":"https:\/\/lucacastelli.com\/fr\/wp-json\/wp\/v2\/media\/720552"}],"wp:attachment":[{"href":"https:\/\/lucacastelli.com\/fr\/wp-json\/wp\/v2\/media?parent=726964"}],"wp:term":[{"taxonomy":"product_brand","embeddable":true,"href":"https:\/\/lucacastelli.com\/fr\/wp-json\/wp\/v2\/product_brand?post=726964"},{"taxonomy":"product_cat","embeddable":true,"href":"https:\/\/lucacastelli.com\/fr\/wp-json\/wp\/v2\/product_cat?post=726964"},{"taxonomy":"product_tag","embeddable":true,"href":"https:\/\/lucacastelli.com\/fr\/wp-json\/wp\/v2\/product_tag?post=726964"}],"curies":[{"name":"wp","href":"https:\/\/api.w.org\/{rel}","templated":true}]}}