{"id":726963,"date":"2026-02-12T17:42:59","date_gmt":"2026-02-12T16:42:59","guid":{"rendered":"https:\/\/lucacastelli.com\/prodotto\/meindl-air-revolution-5-3\/"},"modified":"2026-02-12T17:42:59","modified_gmt":"2026-02-12T16:42:59","slug":"meindl-air-revolution-5-3","status":"publish","type":"product","link":"https:\/\/lucacastelli.com\/fr\/produit\/meindl-air-revolution-5-3\/","title":{"rendered":"MEINDL Air Revolution 5.3"},"content":{"rendered":"<p>L\u2019Air Revolution 5.3 est un mod\u00e8le \u00e9prouv\u00e9 de la s\u00e9rie Air Revolution\u00ae. La technologie Air Revolution\u00ae se distingue par un confort climatique optimal et une excellente stabilit\u00e9. Cela rend l\u2019Air Revolution 5.3 id\u00e9ale pour le trekking ambitieux, les randonn\u00e9es alpines de difficult\u00e9 moyenne et les via ferrata.  <\/p>\n<p>&nbsp;<\/p>\n<p>Informations sur le fabricant<\/p>\n<p><b>Tige : <\/b>cuir su\u00e9d\u00e9 \/ mesh<\/p>\n<p><b>Doublure : <\/b>GORE-TEX\u00ae<\/p>\n<p><b>Semelle int\u00e9rieure : <\/b>AIR-ACTIVE\u00ae SOFT PRINT drysole<\/p>\n<p><b>Semelle : <\/b>semelle en caoutchouc Vibram\u00ae avec technologie Frame<\/p>\n<p><b>Pointures : <\/b>6 &#8211; 12<\/p>\n","protected":false},"excerpt":{"rendered":"<p>L\u2019Air Revolution 5.3 est un mod\u00e8le \u00e9prouv\u00e9 de la s\u00e9rie Air Revolution\u00ae. La technologie Air Revolution\u00ae se distingue par un<\/p>\n","protected":false},"featured_media":723564,"template":"","meta":{"_seopress_robots_primary_cat":"none","_seopress_titles_title":"","_seopress_titles_desc":"","_seopress_robots_index":""},"product_brand":[3427],"product_cat":[28,568,569],"product_tag":[],"class_list":{"0":"post-726963","1":"product","2":"type-product","3":"status-publish","4":"has-post-thumbnail","6":"product_brand-meindl","7":"product_cat-calzature","8":"product_cat-calzature-per-il-tempo-libero","9":"product_cat-calzature-da-uomo","10":"sws-gruppo-abb-libero-fr","11":"sws-conto-ricavi-merci-rivendita-abbigliamento-fr","12":"sws-gruppo-iva-iva81-fr","14":"first","15":"instock","16":"sale","17":"shipping-taxable","18":"purchasable","19":"product-type-variable","20":"has-default-attributes"},"_links":{"self":[{"href":"https:\/\/lucacastelli.com\/fr\/wp-json\/wp\/v2\/product\/726963","targetHints":{"allow":["GET"]}}],"collection":[{"href":"https:\/\/lucacastelli.com\/fr\/wp-json\/wp\/v2\/product"}],"about":[{"href":"https:\/\/lucacastelli.com\/fr\/wp-json\/wp\/v2\/types\/product"}],"wp:featuredmedia":[{"embeddable":true,"href":"https:\/\/lucacastelli.com\/fr\/wp-json\/wp\/v2\/media\/723564"}],"wp:attachment":[{"href":"https:\/\/lucacastelli.com\/fr\/wp-json\/wp\/v2\/media?parent=726963"}],"wp:term":[{"taxonomy":"product_brand","embeddable":true,"href":"https:\/\/lucacastelli.com\/fr\/wp-json\/wp\/v2\/product_brand?post=726963"},{"taxonomy":"product_cat","embeddable":true,"href":"https:\/\/lucacastelli.com\/fr\/wp-json\/wp\/v2\/product_cat?post=726963"},{"taxonomy":"product_tag","embeddable":true,"href":"https:\/\/lucacastelli.com\/fr\/wp-json\/wp\/v2\/product_tag?post=726963"}],"curies":[{"name":"wp","href":"https:\/\/api.w.org\/{rel}","templated":true}]}}