{"id":713336,"date":"2026-02-05T14:12:33","date_gmt":"2026-02-05T13:12:33","guid":{"rendered":"https:\/\/lucacastelli.com\/prodotto\/stihl-pied-dappui-pour-kma-80-r-et-kma-120-r\/"},"modified":"2026-02-05T14:12:33","modified_gmt":"2026-02-05T13:12:33","slug":"stihl-pied-dappui-pour-kma-80-r-et-kma-120-r","status":"publish","type":"product","link":"https:\/\/lucacastelli.com\/fr\/produit\/stihl-pied-dappui-pour-kma-80-r-et-kma-120-r\/","title":{"rendered":"STIHL Pied d&#8217;appui pour KMA 80 R et KMA 120 R"},"content":{"rendered":"<p>Support pour KMA 80 R et KMA 120 R : prot\u00e8ge la batterie contre d&#8217;\u00e9ventuels dommages.<\/p>\n<p>Lorsque vous travaillez avec les moteurs combin\u00e9s \u00e0 batterie STIHL KMA 80 R ou STIHL KMA 120 R, ce support STIHL emp\u00eache le contact direct de la batterie avec le sol. Surtout sur les terrains irr\u00e9guliers ou humides, le support offre une protection suppl\u00e9mentaire \u00e0 la batterie de votre appareil STIHL contre l&#8217;humidit\u00e9 et la salet\u00e9. Ainsi, le support contribue \u00e0 garantir que la batterie puisse \u00eatre utilis\u00e9e \u00e0 pleine puissance. La poign\u00e9e suppl\u00e9mentaire sur le support permet \u00e9galement d&#8217;augmenter votre port\u00e9e pendant une courte p\u00e9riode.<br \/>\nLes deux moteurs combin\u00e9s \u00e0 batterie STIHL KMA 80 R et STIHL KMA 120 R peuvent \u00eatre \u00e9quip\u00e9s de ce support.   <\/p>\n","protected":false},"excerpt":{"rendered":"<p>Support pour KMA 80 R et KMA 120 R : prot\u00e8ge la batterie contre d&#8217;\u00e9ventuels dommages. Lorsque vous travaillez avec<\/p>\n","protected":false},"featured_media":713174,"template":"","meta":{"_seopress_robots_primary_cat":"none","_seopress_titles_title":"","_seopress_titles_desc":"","_seopress_robots_index":""},"product_brand":[3555],"product_cat":[167,1638,1642],"product_tag":[],"class_list":{"0":"post-713336","1":"product","2":"type-product","3":"status-publish","4":"has-post-thumbnail","6":"product_brand-stihl-fr","7":"product_cat-machines","8":"product_cat-systemes-kombi-et-multi","9":"product_cat-accessoires-et-consommables-fr-5","10":"sws-gruppo-macchinari-fr","11":"sws-conto-ricavi-merci-rivendita-macchinari-fr","12":"sws-gruppo-iva-iva81-fr","14":"first","15":"instock","16":"shipping-taxable","17":"purchasable","18":"product-type-simple"},"_links":{"self":[{"href":"https:\/\/lucacastelli.com\/fr\/wp-json\/wp\/v2\/product\/713336","targetHints":{"allow":["GET"]}}],"collection":[{"href":"https:\/\/lucacastelli.com\/fr\/wp-json\/wp\/v2\/product"}],"about":[{"href":"https:\/\/lucacastelli.com\/fr\/wp-json\/wp\/v2\/types\/product"}],"wp:featuredmedia":[{"embeddable":true,"href":"https:\/\/lucacastelli.com\/fr\/wp-json\/wp\/v2\/media\/713174"}],"wp:attachment":[{"href":"https:\/\/lucacastelli.com\/fr\/wp-json\/wp\/v2\/media?parent=713336"}],"wp:term":[{"taxonomy":"product_brand","embeddable":true,"href":"https:\/\/lucacastelli.com\/fr\/wp-json\/wp\/v2\/product_brand?post=713336"},{"taxonomy":"product_cat","embeddable":true,"href":"https:\/\/lucacastelli.com\/fr\/wp-json\/wp\/v2\/product_cat?post=713336"},{"taxonomy":"product_tag","embeddable":true,"href":"https:\/\/lucacastelli.com\/fr\/wp-json\/wp\/v2\/product_tag?post=713336"}],"curies":[{"name":"wp","href":"https:\/\/api.w.org\/{rel}","templated":true}]}}