{"id":713322,"date":"2026-02-05T15:16:12","date_gmt":"2026-02-05T14:16:12","guid":{"rendered":"https:\/\/lucacastelli.com\/prodotto\/protection-auditive-peltor-litecom-avec-serre-tete\/"},"modified":"2026-02-05T15:16:12","modified_gmt":"2026-02-05T14:16:12","slug":"protection-auditive-peltor-litecom-avec-serre-tete","status":"publish","type":"product","link":"https:\/\/lucacastelli.com\/fr\/produit\/protection-auditive-peltor-litecom-avec-serre-tete\/","title":{"rendered":"Protection auditive Peltor LiteCom avec serre-t\u00eate"},"content":{"rendered":"<p>EN 352. PMR 446. 8 canaux et 38 sous-canaux. Commande vocale VOX. Incl. 2 piles AA de 1,5 V. Livraison sans casque. Valeur SNR 32 dB. Poids environ 400 g.       <\/p>\n<p>Informations sur l&#8217;article<\/p>\n<p>Le casque antibruit Peltor LiteCom avec serre-t\u00eate est \u00e9quip\u00e9 d&#8217;une radio int\u00e9gr\u00e9e. Le microphone avec suppression du bruit permet de communiquer avec les autres m\u00eame dans des environnements bruyants. Cela permet, par exemple, de transmettre des instructions ou de communiquer sans probl\u00e8me avec l&#8217;op\u00e9rateur de la machine. La fonction VOX (Voice Operated Exchange) active la transmission radio sans bouton, simplement par commande vocale.   <\/p>\n<p>Les signaux radio sont transmis dans la bande de fr\u00e9quence PMR sans licence de 446 MHz. Cela permet la communication sans fil avec d&#8217;autres radios ou casques LiteCom sur la m\u00eame fr\u00e9quence. Une voix dans le casque antibruit guide l&#8217;utilisateur \u00e0 travers le menu. M\u00eame en portant des gants, les \u00e9l\u00e9ments de commande du casque antibruit Peltor LiteCom avec serre-t\u00eate sont facilement accessibles.   <\/p>\n<ul>\n<li>Casque antibruit avec serre-t\u00eate et radio int\u00e9gr\u00e9e<\/li>\n<li>Communication mains libres dans des environnements bruyants<\/li>\n<li>Activation du microphone par commande vocale (VOX)<\/li>\n<li>Valeur SNR 32 dB<\/li>\n<li>Gamme de fr\u00e9quence 446 MHz (PMR)<\/li>\n<li>8 canaux avec 38 sous-canaux<\/li>\n<li>Port\u00e9e jusqu&#8217;\u00e0 3 km<\/li>\n<li>Indicateur de l&#8217;\u00e9tat de la batterie<\/li>\n<li>Environ 20 heures d&#8217;autonomie<\/li>\n<li>Extinction automatique apr\u00e8s 2 heures d&#8217;inutilisation<\/li>\n<li>2 piles AA incluses<\/li>\n<li>Poids (piles incluses) 394 g<\/li>\n<\/ul>\n","protected":false},"excerpt":{"rendered":"<p>EN 352. PMR 446. 8 canaux et 38 sous-canaux. Commande vocale VOX. Incl. 2 piles AA de 1,5 V. Livraison<\/p>\n","protected":false},"featured_media":713291,"template":"","meta":{"_seopress_robots_primary_cat":"none","_seopress_titles_title":"","_seopress_titles_desc":"","_seopress_robots_index":""},"product_brand":[4724],"product_cat":[1405,144,1397],"product_tag":[],"class_list":{"0":"post-713322","1":"product","2":"type-product","3":"status-publish","4":"has-post-thumbnail","6":"product_brand-peltor-3m-fr","7":"product_cat-casques","8":"product_cat-equipement","9":"product_cat-equipement-de-travail","10":"sws-gruppo-abb-libero-fr","11":"sws-conto-ricavi-merci-rivendita-abbigliamento-fr","12":"sws-gruppo-iva-iva81-fr","14":"first","15":"instock","16":"sale","17":"shipping-taxable","18":"purchasable","19":"product-type-simple"},"_links":{"self":[{"href":"https:\/\/lucacastelli.com\/fr\/wp-json\/wp\/v2\/product\/713322","targetHints":{"allow":["GET"]}}],"collection":[{"href":"https:\/\/lucacastelli.com\/fr\/wp-json\/wp\/v2\/product"}],"about":[{"href":"https:\/\/lucacastelli.com\/fr\/wp-json\/wp\/v2\/types\/product"}],"wp:featuredmedia":[{"embeddable":true,"href":"https:\/\/lucacastelli.com\/fr\/wp-json\/wp\/v2\/media\/713291"}],"wp:attachment":[{"href":"https:\/\/lucacastelli.com\/fr\/wp-json\/wp\/v2\/media?parent=713322"}],"wp:term":[{"taxonomy":"product_brand","embeddable":true,"href":"https:\/\/lucacastelli.com\/fr\/wp-json\/wp\/v2\/product_brand?post=713322"},{"taxonomy":"product_cat","embeddable":true,"href":"https:\/\/lucacastelli.com\/fr\/wp-json\/wp\/v2\/product_cat?post=713322"},{"taxonomy":"product_tag","embeddable":true,"href":"https:\/\/lucacastelli.com\/fr\/wp-json\/wp\/v2\/product_tag?post=713322"}],"curies":[{"name":"wp","href":"https:\/\/api.w.org\/{rel}","templated":true}]}}