{"id":713311,"date":"2026-02-05T15:11:49","date_gmt":"2026-02-05T14:11:49","guid":{"rendered":"https:\/\/lucacastelli.com\/prodotto\/protections-auditives-peltor-litecom-avec-fixation-sur-casque\/"},"modified":"2026-02-05T15:11:49","modified_gmt":"2026-02-05T14:11:49","slug":"protections-auditives-peltor-litecom-avec-fixation-sur-casque","status":"publish","type":"product","link":"https:\/\/lucacastelli.com\/fr\/produit\/protections-auditives-peltor-litecom-avec-fixation-sur-casque\/","title":{"rendered":"Protections auditives Peltor LiteCom avec fixation sur casque"},"content":{"rendered":"<p>EN 352. PMR 446. 8 canaux et 38 sous-canaux. Commande vocale VOX. Incl. 2 piles AA jetables de 1,5 V. Livraison sans casque. Valeur SNR 33 dB. Poids environ 420 g.       <\/p>\n<p>&nbsp;<\/p>\n<p>Le Peltor LiteCom avec fixation sur casque est un dispositif de protection auditive \u00e0 casque avec radio int\u00e9gr\u00e9e facile \u00e0 utiliser. Il permet de communiquer avec d&#8217;autres personnes dans des environnements bruyants. Il est ainsi possible de transmettre rapidement des instructions ou de communiquer sans difficult\u00e9 avec l&#8217;op\u00e9rateur de la machine. La commande vocale VOX (Voice Operated Exchange) permet de transmettre sans devoir appuyer sur aucune touche.   <\/p>\n<p>Le dispositif utilise la bande de fr\u00e9quence PMR sans licence de 446 MHz. Cela permet la communication sans fil avec d&#8217;autres casques LiteCom ou radios sur la m\u00eame fr\u00e9quence. La navigation dans le menu s&#8217;effectue via une voix dans l&#8217;oreillette. Les commandes du casque antibruit sont facilement accessibles m\u00eame avec des gants.   <\/p>\n<ul>\n<li>Casque antibruit avec fixation sur casque et radio int\u00e9gr\u00e9e<\/li>\n<li>Permet la communication mains libres dans des environnements bruyants<\/li>\n<li>Activation du microphone \u00e0 commande vocale (VOX)<\/li>\n<li>Valeur SNR 33 dB<\/li>\n<li>Port\u00e9e jusqu&#8217;\u00e0 3 km<\/li>\n<li>Bande de fr\u00e9quence 446 MHz (PMR)<\/li>\n<li>8 canaux avec 38 sous-canaux<\/li>\n<li>Indicateur de l&#8217;\u00e9tat de la batterie<\/li>\n<li>Dur\u00e9e de fonctionnement d&#8217;environ 20 heures<\/li>\n<li>Extinction automatique apr\u00e8s 2 heures d&#8217;inutilisation<\/li>\n<li>2 piles AA incluses<\/li>\n<li>Poids (piles incluses) 418 g<\/li>\n<\/ul>\n<p>Adapt\u00e9 \u00e0 tous les casques Peltor courants. Livraison sans casque. <\/p>\n","protected":false},"excerpt":{"rendered":"<p>EN 352. PMR 446. 8 canaux et 38 sous-canaux. Commande vocale VOX. Incl. 2 piles AA jetables de 1,5 V.<\/p>\n","protected":false},"featured_media":713284,"template":"","meta":{"_seopress_robots_primary_cat":"","_seopress_titles_title":"","_seopress_titles_desc":"","_seopress_robots_index":""},"product_brand":[4724],"product_cat":[144,1397,1405],"product_tag":[],"class_list":{"0":"post-713311","1":"product","2":"type-product","3":"status-publish","4":"has-post-thumbnail","6":"product_brand-peltor-3m-fr","7":"product_cat-equipement","8":"product_cat-equipement-de-travail","9":"product_cat-casques","10":"sws-gruppo-abb-libero-fr","11":"sws-conto-ricavi-merci-rivendita-abbigliamento-fr","12":"sws-gruppo-iva-iva81-fr","14":"first","15":"instock","16":"sale","17":"shipping-taxable","18":"purchasable","19":"product-type-simple"},"_links":{"self":[{"href":"https:\/\/lucacastelli.com\/fr\/wp-json\/wp\/v2\/product\/713311","targetHints":{"allow":["GET"]}}],"collection":[{"href":"https:\/\/lucacastelli.com\/fr\/wp-json\/wp\/v2\/product"}],"about":[{"href":"https:\/\/lucacastelli.com\/fr\/wp-json\/wp\/v2\/types\/product"}],"wp:featuredmedia":[{"embeddable":true,"href":"https:\/\/lucacastelli.com\/fr\/wp-json\/wp\/v2\/media\/713284"}],"wp:attachment":[{"href":"https:\/\/lucacastelli.com\/fr\/wp-json\/wp\/v2\/media?parent=713311"}],"wp:term":[{"taxonomy":"product_brand","embeddable":true,"href":"https:\/\/lucacastelli.com\/fr\/wp-json\/wp\/v2\/product_brand?post=713311"},{"taxonomy":"product_cat","embeddable":true,"href":"https:\/\/lucacastelli.com\/fr\/wp-json\/wp\/v2\/product_cat?post=713311"},{"taxonomy":"product_tag","embeddable":true,"href":"https:\/\/lucacastelli.com\/fr\/wp-json\/wp\/v2\/product_tag?post=713311"}],"curies":[{"name":"wp","href":"https:\/\/api.w.org\/{rel}","templated":true}]}}