{"id":712736,"date":"2026-02-05T08:18:44","date_gmt":"2026-02-05T07:18:44","guid":{"rendered":"https:\/\/lucacastelli.com\/prodotto\/stihl-kit-de-conversion-jeu-de-couteaux-60-cm-r\/"},"modified":"2026-02-05T08:18:44","modified_gmt":"2026-02-05T07:18:44","slug":"stihl-kit-de-conversion-jeu-de-couteaux-60-cm-r","status":"publish","type":"product","link":"https:\/\/lucacastelli.com\/fr\/produit\/stihl-kit-de-conversion-jeu-de-couteaux-60-cm-r\/","title":{"rendered":"STIHL Kit de conversion jeu de couteaux 60 cm R"},"content":{"rendered":"<p>Kit de conversion jeu de lames : r\u00e9glage simple du jeu des lames<\/p>\n<p>Si vous utilisez souvent votre taille-haie STIHL, le groupe de coupe est soumis \u00e0 l&#8217;usure. Le kit de conversion jeu de lames STIHL, en plus de l&#8217;aff\u00fbtage r\u00e9gulier du taille-haie, garantit aux professionnels ou aux utilisateurs priv\u00e9s exigeants des coupes toujours fiables et nettes. Pour cela, lors de l&#8217;entretien r\u00e9gulier du taille-haie, il suffit de r\u00e9ajuster le jeu des lames en utilisant le kit de conversion. L&#8217;accessoire maintient la pr\u00e9cision du taille-haie pendant toute la dur\u00e9e de vie du groupe de coupe. De plus, en nettoyant r\u00e9guli\u00e8rement le taille-haie, vous contribuez vous-m\u00eame \u00e0 prot\u00e9ger les composants et les pi\u00e8ces de la salet\u00e9 et des dommages. Le kit de conversion du jeu des lames est disponible en 4 versions :<br \/>\nSet jeu de lames, r\u00e9glable, 60 cm (r\u00e9f\u00e9rence : 4237 007 1001) pour HS 81 T, HS 82 T, HSA 94 T, HSA 130 T et HSA 140 T<br \/>\nSet jeu de lames, r\u00e9glable, 75 cm (r\u00e9f\u00e9rence : 4237 007 1002) pour HS 81 T, HS 82 T, HSA 94 T, HSA 130 T et HSA 140 T<br \/>\nSet de lames r\u00e9glables, 60 cm (r\u00e9f\u00e9rence : 4237 007 1008) pour HS 81 R, HS 82 R, HSA 94 R, HSA 130 R et HSA 140 R<br \/>\nSet jeu de lames, r\u00e9glable, 75 cm (r\u00e9f\u00e9rence : 4237 007 1009) pour HS 81 R, HS 82 R, HSA 94 R, HSA 130 R et HSA 140 R<\/p>\n","protected":false},"excerpt":{"rendered":"<p>Kit de conversion jeu de lames : r\u00e9glage simple du jeu des lames Si vous utilisez souvent votre taille-haie STIHL,<\/p>\n","protected":false},"featured_media":712652,"template":"","meta":{"_seopress_robots_primary_cat":"none","_seopress_titles_title":"","_seopress_titles_desc":"","_seopress_robots_index":""},"product_brand":[3366],"product_cat":[29,282,493,267],"product_tag":[],"class_list":{"0":"post-712736","1":"product","2":"type-product","3":"status-publish","4":"has-post-thumbnail","6":"product_brand-stihl","7":"product_cat-macchinari","8":"product_cat-tosasiepi-e-potatori-a-batteria","9":"product_cat-tosasiepi-e-potatori-a-motore","10":"product_cat-tosasiepi-e-potatori","11":"sws-gruppo-macchinari-fr","12":"sws-conto-ricavi-merci-rivendita-macchinari-fr","13":"sws-gruppo-iva-iva81-fr","15":"first","16":"instock","17":"shipping-taxable","18":"purchasable","19":"product-type-simple"},"_links":{"self":[{"href":"https:\/\/lucacastelli.com\/fr\/wp-json\/wp\/v2\/product\/712736","targetHints":{"allow":["GET"]}}],"collection":[{"href":"https:\/\/lucacastelli.com\/fr\/wp-json\/wp\/v2\/product"}],"about":[{"href":"https:\/\/lucacastelli.com\/fr\/wp-json\/wp\/v2\/types\/product"}],"wp:featuredmedia":[{"embeddable":true,"href":"https:\/\/lucacastelli.com\/fr\/wp-json\/wp\/v2\/media\/712652"}],"wp:attachment":[{"href":"https:\/\/lucacastelli.com\/fr\/wp-json\/wp\/v2\/media?parent=712736"}],"wp:term":[{"taxonomy":"product_brand","embeddable":true,"href":"https:\/\/lucacastelli.com\/fr\/wp-json\/wp\/v2\/product_brand?post=712736"},{"taxonomy":"product_cat","embeddable":true,"href":"https:\/\/lucacastelli.com\/fr\/wp-json\/wp\/v2\/product_cat?post=712736"},{"taxonomy":"product_tag","embeddable":true,"href":"https:\/\/lucacastelli.com\/fr\/wp-json\/wp\/v2\/product_tag?post=712736"}],"curies":[{"name":"wp","href":"https:\/\/api.w.org\/{rel}","templated":true}]}}