{"id":712192,"date":"2026-02-04T21:14:04","date_gmt":"2026-02-04T20:14:04","guid":{"rendered":"https:\/\/lucacastelli.com\/prodotto\/stihl-deflecteur-de-ramassage-75-cm\/"},"modified":"2026-02-04T21:14:04","modified_gmt":"2026-02-04T20:14:04","slug":"stihl-deflecteur-de-ramassage-75-cm","status":"publish","type":"product","link":"https:\/\/lucacastelli.com\/fr\/produit\/stihl-deflecteur-de-ramassage-75-cm\/","title":{"rendered":"STIHL D\u00e9flecteur de ramassage 75 cm"},"content":{"rendered":"<p>Plaque de ramassage pour HS et HSA : Fait gagner du temps gr\u00e2ce \u00e0 la collecte des r\u00e9sidus de coupe<br \/>\nAvec la plaque de ramassage STIHL pour HS et HSA, vous pouvez \u00e9conomiser du temps apr\u00e8s la taille de votre haie. Comme les r\u00e9sidus de coupe sont directement collect\u00e9s au niveau de la lame de votre taille-haie ou s\u00e9cateur STIHL pendant la coupe, ils ne restent pas accroch\u00e9s dans les ramifications de la haie. Vous pouvez les \u00e9vacuer de la haie vers le sol en un seul mouvement \u00e0 l&#8217;aide de la plaque de ramassage et ainsi les transporter plus facilement. Le plastique robuste rend la plaque de ramassage STIHL pour HS et HSA particuli\u00e8rement durable et garantit qu&#8217;elle r\u00e9siste m\u00eame aux sollicitations importantes. Elle convient id\u00e9alement \u00e0 l&#8217;entretien de haies pour les professionnels et les utilisateurs priv\u00e9s exigeants.    <\/p>\n<p>La plaque de ramassage se monte facilement et confortablement sur le taille-haie STIHL ou un s\u00e9cateur \u00e0 haie STIHL. Aucun outil n&#8217;est n\u00e9cessaire. Selon les besoins, vous pouvez \u00e9galement fixer la plaque des deux c\u00f4t\u00e9s.  <\/p>\n<p>La plaque de ramassage est adapt\u00e9e pour une longueur de coupe de 75 cm et convient aux taille-haies et s\u00e9cateurs \u00e0 batterie STIHL suivants :<\/p>\n<p>HS 82<br \/>\nHSA 140<\/p>\n","protected":false},"excerpt":{"rendered":"<p>Plaque de ramassage pour HS et HSA : Fait gagner du temps gr\u00e2ce \u00e0 la collecte des r\u00e9sidus de coupe<\/p>\n","protected":false},"featured_media":712170,"template":"","meta":{"_seopress_robots_primary_cat":"","_seopress_titles_title":"","_seopress_titles_desc":"","_seopress_robots_index":""},"product_brand":[3555],"product_cat":[167,1690,1626,1627],"product_tag":[],"class_list":{"0":"post-712192","1":"product","2":"type-product","3":"status-publish","4":"has-post-thumbnail","6":"product_brand-stihl-fr","7":"product_cat-machines","8":"product_cat-taille-haies-et-elagueurs","9":"product_cat-taille-haies-et-elagueurs-a-batterie","10":"product_cat-taille-haies-et-elagueuses-a-moteur","11":"sws-gruppo-macchinari-fr","12":"sws-conto-ricavi-merci-rivendita-macchinari-fr","13":"sws-gruppo-iva-iva81-fr","15":"first","16":"instock","17":"shipping-taxable","18":"purchasable","19":"product-type-simple"},"_links":{"self":[{"href":"https:\/\/lucacastelli.com\/fr\/wp-json\/wp\/v2\/product\/712192","targetHints":{"allow":["GET"]}}],"collection":[{"href":"https:\/\/lucacastelli.com\/fr\/wp-json\/wp\/v2\/product"}],"about":[{"href":"https:\/\/lucacastelli.com\/fr\/wp-json\/wp\/v2\/types\/product"}],"wp:featuredmedia":[{"embeddable":true,"href":"https:\/\/lucacastelli.com\/fr\/wp-json\/wp\/v2\/media\/712170"}],"wp:attachment":[{"href":"https:\/\/lucacastelli.com\/fr\/wp-json\/wp\/v2\/media?parent=712192"}],"wp:term":[{"taxonomy":"product_brand","embeddable":true,"href":"https:\/\/lucacastelli.com\/fr\/wp-json\/wp\/v2\/product_brand?post=712192"},{"taxonomy":"product_cat","embeddable":true,"href":"https:\/\/lucacastelli.com\/fr\/wp-json\/wp\/v2\/product_cat?post=712192"},{"taxonomy":"product_tag","embeddable":true,"href":"https:\/\/lucacastelli.com\/fr\/wp-json\/wp\/v2\/product_tag?post=712192"}],"curies":[{"name":"wp","href":"https:\/\/api.w.org\/{rel}","templated":true}]}}