{"id":712140,"date":"2026-02-04T20:53:48","date_gmt":"2026-02-04T19:53:48","guid":{"rendered":"https:\/\/lucacastelli.com\/prodotto\/stihl-hla-150-b-systeme-ap-taille-haie\/"},"modified":"2026-02-04T20:53:48","modified_gmt":"2026-02-04T19:53:48","slug":"stihl-hla-150-b-systeme-ap-taille-haie","status":"publish","type":"product","link":"https:\/\/lucacastelli.com\/fr\/produit\/stihl-hla-150-b-systeme-ap-taille-haie\/","title":{"rendered":"STIHL HLA 150 B &#8211; Syst\u00e8me AP Taille-haie"},"content":{"rendered":"<p>Taille-haie t\u00e9lescopique sur batterie STIHL HLA 150 B : avec perche t\u00e9lescopique et Smart Connector int\u00e9gr\u00e9 pour des performances \u00e9lev\u00e9es dans l&#8217;entretien professionnel des haies.<br \/>\nLe robuste taille-haie sur batterie STIHL HLA 150 B du syst\u00e8me STIHL AP offre un support efficace pour l&#8217;entretien des espaces verts. La perche t\u00e9lescopique r\u00e9glable sans outil garantit une port\u00e9e sup\u00e9rieure, permettant de tailler efficacement les haies et arbustes tr\u00e8s hauts. Les lames universelles de 600 mm sont id\u00e9ales pour les coupes de forme, la finition et la taille. L\u00e9ger et silencieux, il peut \u00eatre utilis\u00e9 m\u00eame sans protection auditive dans les zones sensibles au bruit.   <\/p>\n<p>Le moteur EC offre des performances \u00e9lev\u00e9es avec de faibles vibrations. La poign\u00e9e ergonomique avec module ADVANCE PLUS et \u00e9cran LED int\u00e8gre le Smart Connector, pour transf\u00e9rer les donn\u00e9es de l&#8217;appareil vers smartphone ou tablette. La vitesse r\u00e9glable sur 3 niveaux permet de travailler efficacement. La barre inclinable jusqu&#8217;\u00e0 145\u00b0 permet des coupes du haut, lat\u00e9rales et au sol avec l&#8217;appareil long jusqu&#8217;\u00e0 330 cm. Pour plus de confort, il est possible d&#8217;utiliser une sangle d&#8217;\u00e9paule ou le syst\u00e8me STIHL ADVANCE X-TREEm HT, tandis que le pied d&#8217;appui STIHL HTA 135 ou HLA 135 prot\u00e8ge la batterie de la salet\u00e9 et de l&#8217;humidit\u00e9.    <\/p>\n<p>Tous les appareils du syst\u00e8me STIHL AP sont con\u00e7us pour un usage professionnel m\u00eame dans des conditions climatiques difficiles et offrent une protection contre les projections d&#8217;eau certifi\u00e9e IPX4.<\/p>\n<p>&nbsp;<\/p>\n<table data-test-id=\"pdp-spec-tech-table\">\n<tbody>\n<tr>\n<td>Tension nominale<\/td>\n<td>36 V<\/td>\n<\/tr>\n<tr>\n<td>Tension max<\/td>\n<td>40 V<\/td>\n<\/tr>\n<tr>\n<td>Consommation \u00e9lectrique<\/td>\n<td>1 kW<\/td>\n<\/tr>\n<tr>\n<td>Puissance<\/td>\n<td>0,80 kW<\/td>\n<\/tr>\n<tr>\n<td>Batterie recommand\u00e9e<\/td>\n<td>AP 30<\/td>\n<\/tr>\n<tr>\n<td>Syst\u00e8me \u00e0 batterie<\/td>\n<td>AP<\/td>\n<\/tr>\n<tr>\n<td>Fr\u00e9quence de course<\/td>\n<td>3 200 tr\/min<\/td>\n<\/tr>\n<tr>\n<td>Poids de l&#8217;appareil sans batterie<\/td>\n<td>6,6 kg<\/td>\n<\/tr>\n<tr>\n<td>Longueur de coupe<\/td>\n<td>60 cm<\/td>\n<\/tr>\n<tr>\n<td>Distance entre les dents<\/td>\n<td>34 mm<\/td>\n<\/tr>\n<tr>\n<td>Temps de fonctionnement de la batterie AP 200<\/td>\n<td>59 min<\/td>\n<\/tr>\n<tr>\n<td>Temps de fonctionnement maximum de la batterie AP 200<\/td>\n<td>74 min<\/td>\n<\/tr>\n<tr>\n<td>Temps de fonctionnement minimum de la batterie AP 200 S<\/td>\n<td>59 min<\/td>\n<\/tr>\n<tr>\n<td>Temps de fonctionnement maximum de la batterie AP 200 S<\/td>\n<td>74 min<\/td>\n<\/tr>\n<tr>\n<td>Temps de fonctionnement minimum de la batterie AP 300<\/td>\n<td>72 min<\/td>\n<\/tr>\n<tr>\n<td>Temps de fonctionnement maximum de la batterie AP 300<\/td>\n<td>90 min<\/td>\n<\/tr>\n<tr>\n<td>Temps de fonctionnement minimum de la batterie AP 300 S<\/td>\n<td>90 min<\/td>\n<\/tr>\n<tr>\n<td>Temps de fonctionnement maximum de la batterie AP 300 S<\/td>\n<td>112 min<\/td>\n<\/tr>\n<tr>\n<td>Temps de fonctionnement minimum de la batterie AP 500 S<\/td>\n<td>106 min<\/td>\n<\/tr>\n<tr>\n<td>Temps de fonctionnement maximum de la batterie AP 500 S<\/td>\n<td>132 min<\/td>\n<\/tr>\n<tr>\n<td>Temps de fonctionnement minimum de la batterie AR 2000 L<\/td>\n<td>352 min<\/td>\n<\/tr>\n<tr>\n<td>Temps de fonctionnement maximum de la batterie AR 2000 L<\/td>\n<td>440 min<\/td>\n<\/tr>\n<tr>\n<td>Temps de fonctionnement minimum de la batterie AR 3000 L<\/td>\n<td>562 min<\/td>\n<\/tr>\n<tr>\n<td>Temps de fonctionnement maximum de la batterie AR 3000 L<\/td>\n<td>702 min<\/td>\n<\/tr>\n<tr>\n<td>Longueur minimum de l&#8217;appareil avec outil<\/td>\n<td>207 cm<\/td>\n<\/tr>\n<tr>\n<td>Longueur maximum de l&#8217;appareil avec les outils<\/td>\n<td>332 cm<\/td>\n<\/tr>\n<tr>\n<td>Niveau de pression acoustique<\/td>\n<td>84 dB(A)<\/td>\n<\/tr>\n<tr>\n<td>Niveau de puissance acoustique<\/td>\n<td>96 dB(A)<\/td>\n<\/tr>\n<tr>\n<td>Valeur vibratoire gauche<\/td>\n<td>2,8 m\/s\u00b2<\/td>\n<\/tr>\n<tr>\n<td>Valeur vibratoire droite<\/td>\n<td>2,8 m\/s\u00b2<\/td>\n<\/tr>\n<\/tbody>\n<\/table>\n","protected":false},"excerpt":{"rendered":"<p>Taille-haie t\u00e9lescopique sur batterie STIHL HLA 150 B : avec perche t\u00e9lescopique et Smart Connector int\u00e9gr\u00e9 pour des performances \u00e9lev\u00e9es<\/p>\n","protected":false},"featured_media":712098,"template":"","meta":{"_seopress_robots_primary_cat":"","_seopress_titles_title":"","_seopress_titles_desc":"","_seopress_robots_index":""},"product_brand":[3366],"product_cat":[29,282,267],"product_tag":[],"class_list":{"0":"post-712140","1":"product","2":"type-product","3":"status-publish","4":"has-post-thumbnail","6":"product_brand-stihl","7":"product_cat-macchinari","8":"product_cat-tosasiepi-e-potatori-a-batteria","9":"product_cat-tosasiepi-e-potatori","10":"sws-gruppo-macchinari-fr","11":"sws-conto-ricavi-merci-rivendita-macchinari-fr","12":"sws-gruppo-iva-iva81-fr","14":"first","15":"instock","16":"shipping-taxable","17":"purchasable","18":"product-type-simple"},"_links":{"self":[{"href":"https:\/\/lucacastelli.com\/fr\/wp-json\/wp\/v2\/product\/712140","targetHints":{"allow":["GET"]}}],"collection":[{"href":"https:\/\/lucacastelli.com\/fr\/wp-json\/wp\/v2\/product"}],"about":[{"href":"https:\/\/lucacastelli.com\/fr\/wp-json\/wp\/v2\/types\/product"}],"wp:featuredmedia":[{"embeddable":true,"href":"https:\/\/lucacastelli.com\/fr\/wp-json\/wp\/v2\/media\/712098"}],"wp:attachment":[{"href":"https:\/\/lucacastelli.com\/fr\/wp-json\/wp\/v2\/media?parent=712140"}],"wp:term":[{"taxonomy":"product_brand","embeddable":true,"href":"https:\/\/lucacastelli.com\/fr\/wp-json\/wp\/v2\/product_brand?post=712140"},{"taxonomy":"product_cat","embeddable":true,"href":"https:\/\/lucacastelli.com\/fr\/wp-json\/wp\/v2\/product_cat?post=712140"},{"taxonomy":"product_tag","embeddable":true,"href":"https:\/\/lucacastelli.com\/fr\/wp-json\/wp\/v2\/product_tag?post=712140"}],"curies":[{"name":"wp","href":"https:\/\/api.w.org\/{rel}","templated":true}]}}