{"id":712123,"date":"2026-02-04T18:29:07","date_gmt":"2026-02-04T17:29:07","guid":{"rendered":"https:\/\/lucacastelli.com\/prodotto\/stihl-hla-140-k-b-taille-haie-systeme-ap\/"},"modified":"2026-02-04T18:29:07","modified_gmt":"2026-02-04T17:29:07","slug":"stihl-hla-140-k-b-taille-haie-systeme-ap","status":"publish","type":"product","link":"https:\/\/lucacastelli.com\/fr\/produit\/stihl-hla-140-k-b-taille-haie-systeme-ap\/","title":{"rendered":"STIHL HLA 140 K-B &#8211; Taille-haie syst\u00e8me AP"},"content":{"rendered":"<p>Taille-haie sur perche \u00e0 batterie HLA 140 K B : puissant et confortable, avec manche court et Smart Connector int\u00e9gr\u00e9<br \/>\nPour l&#8217;entretien professionnel des espaces verts, le taille-haie sur perche \u00e0 batterie STIHL HLA 140 K B repr\u00e9sente un support tr\u00e8s efficace. L\u00e9ger, puissant et silencieux, il est id\u00e9al pour la taille de haies hautes et longues et d&#8217;arbustes m\u00eame dans les zones sensibles au bruit, sans n\u00e9cessit\u00e9 de protection auditive. <\/p>\n<p>Le moteur EC garantit des performances \u00e9lev\u00e9es et de tr\u00e8s faibles vibrations. La poign\u00e9e ergonomique avec unit\u00e9 num\u00e9rique int\u00e8gre le module ADVANCE PLUS avec \u00e9cran LED et Smart Connector, permettant la transmission des donn\u00e9es vers smartphone ou tablette. La vitesse r\u00e9glable sur 3 niveaux permet d&#8217;adapter la coupe aux besoins sp\u00e9cifiques, tandis que les lames universelles \u00e0 double aff\u00fbtage de 600 mm assurent des performances \u00e9lev\u00e9es et une longue autonomie.  <\/p>\n<p>Le manche court et la barre de coupe inclinable jusqu&#8217;\u00e0 145\u00b0 permettent des coupes confortables par le haut, lat\u00e9ralement et au sol avec l&#8217;appareil long de 219 cm. Pour un travail plus confortable, il est possible de fixer une sangle d&#8217;\u00e9paule ou d&#8217;utiliser le syst\u00e8me STIHL ADVANCE X-TREEm HT. Pour prot\u00e9ger la batterie de la salet\u00e9 et de l&#8217;humidit\u00e9, le pied d&#8217;appui STIHL HTA 135 ou HLA 135 est disponible.  <\/p>\n<p>Tous les appareils \u00e0 batterie du syst\u00e8me STIHL AP sont con\u00e7us pour un usage professionnel m\u00eame dans des conditions climatiques difficiles et sont dot\u00e9s d&#8217;une protection contre les projections d&#8217;eau, test\u00e9e et certifi\u00e9e selon la norme IPX4.<\/p>\n<p>&nbsp;<\/p>\n<p>&nbsp;<\/p>\n<table data-test-id=\"pdp-spec-tech-table\">\n<tbody>\n<tr>\n<td>Tension nominale<\/td>\n<td>36 V<\/td>\n<\/tr>\n<tr>\n<td>Tension max<\/td>\n<td>40 V<\/td>\n<\/tr>\n<tr>\n<td>Consommation \u00e9lectrique<\/td>\n<td>1 kW<\/td>\n<\/tr>\n<tr>\n<td>Puissance<\/td>\n<td>0,80 kW<\/td>\n<\/tr>\n<tr>\n<td>Batterie recommand\u00e9e<\/td>\n<td>AP 30<\/td>\n<\/tr>\n<tr>\n<td>Syst\u00e8me \u00e0 batterie<\/td>\n<td>AP<\/td>\n<\/tr>\n<tr>\n<td>Fr\u00e9quence de course<\/td>\n<td>3 200 tr\/min<\/td>\n<\/tr>\n<tr>\n<td>Poids de l&#8217;appareil sans batterie<\/td>\n<td>5,2 kg<\/td>\n<\/tr>\n<tr>\n<td>Longueur de coupe<\/td>\n<td>60 cm<\/td>\n<\/tr>\n<tr>\n<td>Distance entre les dents<\/td>\n<td>34 mm<\/td>\n<\/tr>\n<tr>\n<td>Temps de fonctionnement de la batterie AP 200<\/td>\n<td>69 min<\/td>\n<\/tr>\n<tr>\n<td>Temps de fonctionnement maximal de la batterie AP 200<\/td>\n<td>86 min<\/td>\n<\/tr>\n<tr>\n<td>Temps de fonctionnement minimal de la batterie AP 200 S<\/td>\n<td>69 min<\/td>\n<\/tr>\n<tr>\n<td>Temps de fonctionnement maximal de la batterie AP 200 S<\/td>\n<td>86 min<\/td>\n<\/tr>\n<tr>\n<td>Temps de fonctionnement minimal de la batterie AP 300<\/td>\n<td>84 min<\/td>\n<\/tr>\n<tr>\n<td>Temps de fonctionnement maximal de la batterie AP 300<\/td>\n<td>105 min<\/td>\n<\/tr>\n<tr>\n<td>Temps de fonctionnement minimal de la batterie AP 300 S<\/td>\n<td>104 min<\/td>\n<\/tr>\n<tr>\n<td>Temps de fonctionnement maximal de la batterie AP 300 S<\/td>\n<td>130 min<\/td>\n<\/tr>\n<tr>\n<td>Temps de fonctionnement minimal de la batterie AP 500 S<\/td>\n<td>122 min<\/td>\n<\/tr>\n<tr>\n<td>Temps de fonctionnement maximal de la batterie AP 500 S<\/td>\n<td>152 min<\/td>\n<\/tr>\n<tr>\n<td>Temps de fonctionnement minimal de la batterie AR 2000 L<\/td>\n<td>403 min<\/td>\n<\/tr>\n<tr>\n<td>Temps de fonctionnement maximal de la batterie AR 2000 L<\/td>\n<td>504 min<\/td>\n<\/tr>\n<tr>\n<td>Temps de fonctionnement minimal de la batterie AR 3000 L<\/td>\n<td>610 min<\/td>\n<\/tr>\n<tr>\n<td>Temps de fonctionnement maximal de la batterie AR 3000 L<\/td>\n<td>762 min<\/td>\n<\/tr>\n<tr>\n<td>Longueur maximale de l&#8217;appareil avec les outils<\/td>\n<td>214 cm<\/td>\n<\/tr>\n<tr>\nNiveau <\/p>\n<td>de pression acoustique<\/td>\n<td>85 dB(A)<\/td>\n<\/tr>\n<tr>\n<td>Niveau de puissance acoustique<\/td>\n<td>96 dB(A)<\/td>\n<\/tr>\n<tr>\n<td>Valeur vibratoire gauche<\/td>\n<td>3,2 m\/s\u00b2<\/td>\n<\/tr>\n<tr>\n<td>Valeur vibratoire droite<\/td>\n<td>1,8 m\/s\u00b2<\/td>\n<\/tr>\n<\/tbody>\n<\/table>\n","protected":false},"excerpt":{"rendered":"<p>Taille-haie sur perche \u00e0 batterie HLA 140 K B : puissant et confortable, avec manche court et Smart Connector int\u00e9gr\u00e9<\/p>\n","protected":false},"featured_media":711943,"template":"","meta":{"_seopress_robots_primary_cat":"","_seopress_titles_title":"","_seopress_titles_desc":"","_seopress_robots_index":""},"product_brand":[3555],"product_cat":[167,1690,1626],"product_tag":[],"class_list":{"0":"post-712123","1":"product","2":"type-product","3":"status-publish","4":"has-post-thumbnail","6":"product_brand-stihl-fr","7":"product_cat-machines","8":"product_cat-taille-haies-et-elagueurs","9":"product_cat-taille-haies-et-elagueurs-a-batterie","10":"sws-gruppo-macchinari-fr","11":"sws-conto-ricavi-merci-rivendita-macchinari-fr","12":"sws-gruppo-iva-iva81-fr","14":"first","15":"instock","16":"shipping-taxable","17":"purchasable","18":"product-type-simple"},"_links":{"self":[{"href":"https:\/\/lucacastelli.com\/fr\/wp-json\/wp\/v2\/product\/712123","targetHints":{"allow":["GET"]}}],"collection":[{"href":"https:\/\/lucacastelli.com\/fr\/wp-json\/wp\/v2\/product"}],"about":[{"href":"https:\/\/lucacastelli.com\/fr\/wp-json\/wp\/v2\/types\/product"}],"wp:featuredmedia":[{"embeddable":true,"href":"https:\/\/lucacastelli.com\/fr\/wp-json\/wp\/v2\/media\/711943"}],"wp:attachment":[{"href":"https:\/\/lucacastelli.com\/fr\/wp-json\/wp\/v2\/media?parent=712123"}],"wp:term":[{"taxonomy":"product_brand","embeddable":true,"href":"https:\/\/lucacastelli.com\/fr\/wp-json\/wp\/v2\/product_brand?post=712123"},{"taxonomy":"product_cat","embeddable":true,"href":"https:\/\/lucacastelli.com\/fr\/wp-json\/wp\/v2\/product_cat?post=712123"},{"taxonomy":"product_tag","embeddable":true,"href":"https:\/\/lucacastelli.com\/fr\/wp-json\/wp\/v2\/product_tag?post=712123"}],"curies":[{"name":"wp","href":"https:\/\/api.w.org\/{rel}","templated":true}]}}