{"id":711935,"date":"2026-02-04T17:51:42","date_gmt":"2026-02-04T16:51:42","guid":{"rendered":"https:\/\/lucacastelli.com\/prodotto\/stihl-hla-140-b-systeme-ap-taille-haies\/"},"modified":"2026-02-04T17:51:42","modified_gmt":"2026-02-04T16:51:42","slug":"stihl-hla-140-b-systeme-ap-taille-haies","status":"publish","type":"product","link":"https:\/\/lucacastelli.com\/fr\/produit\/stihl-hla-140-b-systeme-ap-taille-haies\/","title":{"rendered":"STIHL HLA 140 B &#8211; Syst\u00e8me AP taille-haies"},"content":{"rendered":"<p>Taille-haies \u00e0 batterie HLA 140 B : l\u00e9ger, puissant et \u00e9quip\u00e9 d&#8217;un Smart Connector int\u00e9gr\u00e9 pour un usage professionnel dans l&#8217;entretien des espaces verts.<br \/>\nLe taille-haies t\u00e9lescopique \u00e0 batterie STIHL HLA 140 B du syst\u00e8me STIHL AP est la solution id\u00e9ale pour un usage professionnel dans l&#8217;entretien des espaces verts. L\u00e9ger, puissant et silencieux, il permet de tailler avec pr\u00e9cision les haies hautes et longues, arbustes et haies ornementales m\u00eame dans les zones sensibles au bruit. <\/p>\n<p>Le moteur EC haute performance, la vitesse r\u00e9glable sur 3 niveaux et les lames universelles \u00e0 double aff\u00fbtage de 600 mm garantissent une efficacit\u00e9 de coupe \u00e9lev\u00e9e. La tige de coupe r\u00e9glable jusqu&#8217;\u00e0 145\u00b0 assure une flexibilit\u00e9 maximale, tandis que le Smart Connector int\u00e9gr\u00e9 permet la gestion num\u00e9rique des donn\u00e9es de l&#8217;appareil. <\/p>\n<p>&nbsp;<\/p>\n<p>&nbsp;<\/p>\n<table data-test-id=\"pdp-spec-tech-table\">\n<tbody>\n<tr>\n<td>Tension nominale<\/td>\n<td>36 V<\/td>\n<\/tr>\n<tr>\n<td>Tension max<\/td>\n<td>40 V<\/td>\n<\/tr>\n<tr>\n<td>Consommation \u00e9lectrique<\/td>\n<td>1 kW<\/td>\n<\/tr>\n<tr>\n<td>Puissance<\/td>\n<td>0,80 kW<\/td>\n<\/tr>\n<tr>\n<td>Batterie recommand\u00e9e<\/td>\n<td>AP 30<\/td>\n<\/tr>\n<tr>\n<td>Syst\u00e8me \u00e0 batterie<\/td>\n<td>AP<\/td>\n<\/tr>\n<tr>\n<td>Fr\u00e9quence de course<\/td>\n<td>3 200 tr\/min<\/td>\n<\/tr>\n<tr>\n<td>Poids sans batterie<\/td>\n<td>5,6 kg<\/td>\n<\/tr>\n<tr>\n<td>Longueur de coupe<\/td>\n<td>60 cm<\/td>\n<\/tr>\n<tr>\n<td>Distance entre les dents<\/td>\n<td>34 mm<\/td>\n<\/tr>\n<tr>\n<td>Temps de fonctionnement de la batterie AP 200<\/td>\n<td>69 min<\/td>\n<\/tr>\n<tr>\n<td>Temps de fonctionnement maximal de la batterie AP 200<\/td>\n<td>86 min<\/td>\n<\/tr>\n<tr>\n<td>Temps de fonctionnement minimal de la batterie AP 200 S<\/td>\n<td>69 min<\/td>\n<\/tr>\n<tr>\n<td>Temps de fonctionnement maximal de la batterie AP 200 S<\/td>\n<td>86 min<\/td>\n<\/tr>\n<tr>\n<td>Temps de fonctionnement minimal de la batterie AP 300<\/td>\n<td>84 min<\/td>\n<\/tr>\n<tr>\n<td>Temps de fonctionnement maximal de la batterie AP 300<\/td>\n<td>105 min<\/td>\n<\/tr>\n<tr>\n<td>Temps de fonctionnement minimal de la batterie AP 300 S<\/td>\n<td>104 min<\/td>\n<\/tr>\n<tr>\n<td>Temps de fonctionnement maximal de la batterie AP 300 S<\/td>\n<td>130 min<\/td>\n<\/tr>\n<tr>\n<td>Temps de fonctionnement minimal de la batterie AP 500 S<\/td>\n<td>122 min<\/td>\n<\/tr>\n<tr>\n<td>Temps de fonctionnement maximal de la batterie AP 500 S<\/td>\n<td>152 min<\/td>\n<\/tr>\n<tr>\n<td>Temps de fonctionnement minimal de la batterie AR 2000 L<\/td>\n<td>403 min<\/td>\n<\/tr>\n<tr>\n<td>Temps de fonctionnement maximal de la batterie AR 2000 L<\/td>\n<td>504 min<\/td>\n<\/tr>\n<tr>\n<td>Temps de fonctionnement minimal de la batterie AR 3000 L<\/td>\n<td>610 min<\/td>\n<\/tr>\n<tr>\n<td>Temps de fonctionnement maximal de la batterie AR 3000 L<\/td>\n<td>762 min<\/td>\n<\/tr>\n<tr>\n<td>Longueur maximale de l&#8217;appareil avec les outils<\/td>\n<td>245 cm<\/td>\n<\/tr>\n<tr>\nNiveau <\/p>\n<td>de pression acoustique<\/td>\n<td>85 dB(A)<\/td>\n<\/tr>\n<tr>\n<td>Niveau de puissance acoustique<\/td>\n<td>96 dB(A)<\/td>\n<\/tr>\n<tr>\n<td>Valeur vibratoire gauche<\/td>\n<td>3,3 m\/s\u00b2<\/td>\n<\/tr>\n<tr>\n<td>Valeur vibratoire droite<\/td>\n<td>2,3 m\/s\u00b2<\/td>\n<\/tr>\n<\/tbody>\n<\/table>\n","protected":false},"excerpt":{"rendered":"<p>Taille-haies \u00e0 batterie HLA 140 B : l\u00e9ger, puissant et \u00e9quip\u00e9 d&#8217;un Smart Connector int\u00e9gr\u00e9 pour un usage professionnel dans<\/p>\n","protected":false},"featured_media":711936,"template":"","meta":{"_seopress_robots_primary_cat":"","_seopress_titles_title":"","_seopress_titles_desc":"","_seopress_robots_index":""},"product_brand":[3366],"product_cat":[29,282,267],"product_tag":[],"class_list":{"0":"post-711935","1":"product","2":"type-product","3":"status-publish","4":"has-post-thumbnail","6":"product_brand-stihl","7":"product_cat-macchinari","8":"product_cat-tosasiepi-e-potatori-a-batteria","9":"product_cat-tosasiepi-e-potatori","10":"sws-gruppo-macchinari-fr","11":"sws-conto-ricavi-merci-rivendita-macchinari-fr","12":"sws-gruppo-iva-iva81-fr","14":"first","15":"instock","16":"shipping-taxable","17":"purchasable","18":"product-type-simple"},"_links":{"self":[{"href":"https:\/\/lucacastelli.com\/fr\/wp-json\/wp\/v2\/product\/711935","targetHints":{"allow":["GET"]}}],"collection":[{"href":"https:\/\/lucacastelli.com\/fr\/wp-json\/wp\/v2\/product"}],"about":[{"href":"https:\/\/lucacastelli.com\/fr\/wp-json\/wp\/v2\/types\/product"}],"wp:featuredmedia":[{"embeddable":true,"href":"https:\/\/lucacastelli.com\/fr\/wp-json\/wp\/v2\/media\/711936"}],"wp:attachment":[{"href":"https:\/\/lucacastelli.com\/fr\/wp-json\/wp\/v2\/media?parent=711935"}],"wp:term":[{"taxonomy":"product_brand","embeddable":true,"href":"https:\/\/lucacastelli.com\/fr\/wp-json\/wp\/v2\/product_brand?post=711935"},{"taxonomy":"product_cat","embeddable":true,"href":"https:\/\/lucacastelli.com\/fr\/wp-json\/wp\/v2\/product_cat?post=711935"},{"taxonomy":"product_tag","embeddable":true,"href":"https:\/\/lucacastelli.com\/fr\/wp-json\/wp\/v2\/product_tag?post=711935"}],"curies":[{"name":"wp","href":"https:\/\/api.w.org\/{rel}","templated":true}]}}