{"id":711882,"date":"2026-01-29T16:07:40","date_gmt":"2026-01-29T15:07:40","guid":{"rendered":"https:\/\/lucacastelli.com\/prodotto\/stihl-lime-hexa-%e2%8c%80-52-mm-longueur-200-mm\/"},"modified":"2026-01-29T16:07:40","modified_gmt":"2026-01-29T15:07:40","slug":"stihl-lime-hexa-%e2%8c%80-52-mm-longueur-200-mm","status":"publish","type":"product","link":"https:\/\/lucacastelli.com\/fr\/produit\/stihl-lime-hexa-%e2%8c%80-52-mm-longueur-200-mm\/","title":{"rendered":"STIHL Lime HEXA \u2300 5,2 mm, longueur 200 mm"},"content":{"rendered":"<p>Lime HEXA<\/p>\n<p>La lime HEXA est la premi\u00e8re lime \u00e0 6 faces sur le march\u00e9. Exclusive de la marque STIHL, sa forme innovante permet de maintenir un angle de 25\u00b0 pendant l&#8217;aff\u00fbtage, garantissant ainsi un travail plus rapide et pr\u00e9cis et des performances de coupe plus \u00e9lev\u00e9es. Adapt\u00e9e aux cha\u00eenes Rapid HEXA de 3\/8&#8221;, elle est id\u00e9ale pour les professionnels du secteur forestier ou pour les travaux d&#8217;abattage et d&#8217;\u00e9lagage.<br \/>\nAff\u00fbtage simplifi\u00e9 : il n&#8217;est plus n\u00e9cessaire de tourner le poignet comme avec une lime ronde traditionnelle : l&#8217;aff\u00fbtage s&#8217;effectue uniquement par pression. L&#8217;indicateur sur la partie sup\u00e9rieure de la lime permet de la positionner correctement sur la cha\u00eene.<br \/>\nPlus durable : une lime permet d&#8217;aff\u00fbter 2 cha\u00eenes.<br \/>\nDimensions : 200 x 5,2 mm. Manche en bois disponible en accessoire.   <\/p>\n<p>Pas : \u215c&#8221; Hexa, .325&#8243; Hexa<\/p>\n","protected":false},"excerpt":{"rendered":"<p>Lime HEXA La lime HEXA est la premi\u00e8re lime \u00e0 6 faces sur le march\u00e9. Exclusive de la marque STIHL,<\/p>\n","protected":false},"featured_media":702858,"template":"","meta":{"_seopress_robots_primary_cat":"none","_seopress_titles_title":"","_seopress_titles_desc":"","_seopress_robots_index":""},"product_brand":[3555],"product_cat":[1607,167,1604],"product_tag":[],"class_list":{"0":"post-711882","1":"product","2":"type-product","3":"status-publish","4":"has-post-thumbnail","6":"product_brand-stihl-fr","7":"product_cat-chaines-et-enrouleurs","8":"product_cat-machines","9":"product_cat-tronconneuses","10":"sws-gruppo-macchinari-fr","11":"sws-conto-ricavi-merci-rivendita-macchinari-fr","12":"sws-gruppo-iva-iva81-fr","14":"first","15":"instock","16":"shipping-taxable","17":"purchasable","18":"product-type-simple"},"_links":{"self":[{"href":"https:\/\/lucacastelli.com\/fr\/wp-json\/wp\/v2\/product\/711882","targetHints":{"allow":["GET"]}}],"collection":[{"href":"https:\/\/lucacastelli.com\/fr\/wp-json\/wp\/v2\/product"}],"about":[{"href":"https:\/\/lucacastelli.com\/fr\/wp-json\/wp\/v2\/types\/product"}],"wp:featuredmedia":[{"embeddable":true,"href":"https:\/\/lucacastelli.com\/fr\/wp-json\/wp\/v2\/media\/702858"}],"wp:attachment":[{"href":"https:\/\/lucacastelli.com\/fr\/wp-json\/wp\/v2\/media?parent=711882"}],"wp:term":[{"taxonomy":"product_brand","embeddable":true,"href":"https:\/\/lucacastelli.com\/fr\/wp-json\/wp\/v2\/product_brand?post=711882"},{"taxonomy":"product_cat","embeddable":true,"href":"https:\/\/lucacastelli.com\/fr\/wp-json\/wp\/v2\/product_cat?post=711882"},{"taxonomy":"product_tag","embeddable":true,"href":"https:\/\/lucacastelli.com\/fr\/wp-json\/wp\/v2\/product_tag?post=711882"}],"curies":[{"name":"wp","href":"https:\/\/api.w.org\/{rel}","templated":true}]}}