{"id":711799,"date":"2026-02-04T11:20:22","date_gmt":"2026-02-04T10:20:22","guid":{"rendered":"https:\/\/lucacastelli.com\/prodotto\/stihl-fr-480-c-e-debroussailleuse-dorsale\/"},"modified":"2026-02-04T20:57:18","modified_gmt":"2026-02-04T19:57:18","slug":"stihl-fr-480-c-e-debroussailleuse-dorsale","status":"publish","type":"product","link":"https:\/\/lucacastelli.com\/fr\/produit\/stihl-fr-480-c-e-debroussailleuse-dorsale\/","title":{"rendered":"STIHL FR 480 C-E d\u00e9broussailleuse dorsale"},"content":{"rendered":"<p>Puissance et confort au service des professionnels<br \/>\nLors des travaux professionnels sur des prairies en pente, vignobles ou vergers, la d\u00e9broussailleuse dorsale STIHL FR 480 C-E d\u00e9montre toute son efficacit\u00e9, notamment pour la fauche de l&#8217;herbe et l&#8217;\u00e9limination de la v\u00e9g\u00e9tation ind\u00e9sirable. Selon l&#8217;utilisation, il est possible d&#8217;utiliser diff\u00e9rents outils de coupe compatibles. <\/p>\n<p>Pour vous permettre de commencer le travail rapidement et avec un effort minimal, le syst\u00e8me STIHL ErgoStart facilite le d\u00e9marrage de la d\u00e9broussailleuse dorsale thermique STIHL FR 480 C-E. Le travail est particuli\u00e8rement confortable gr\u00e2ce \u00e0 la poign\u00e9e multifonction \u00e0 une main, qui permet de contr\u00f4ler toutes les fonctions du moteur d&#8217;une seule main. Le syst\u00e8me de transport rembourr\u00e9 de la d\u00e9broussailleuse FR 480 C-E favorise un travail ergonomique et efficace m\u00eame pendant de longues p\u00e9riodes.  <\/p>\n<p>&nbsp;<\/p>\n<p>Avec t\u00eate AutoCut 36-2<\/p>\n<p>&nbsp;<\/p>\n<p>&nbsp;<\/p>\n<table data-test-id=\"pdp-spec-tech-table\">\n<tbody>\n<tr>\n<td>Cylindr\u00e9e<\/td>\n<td>45,6 cm\u00b3<\/td>\n<\/tr>\n<tr>\n<td>Puissance<\/td>\n<td>2,20 kW<\/td>\n<\/tr>\n<tr>\n<td>Pouvoir<\/td>\n<td>3 CV<\/td>\n<\/tr>\n<tr>\n<td>Le CO2<\/td>\n<td>800 g\/kWh<\/td>\n<\/tr>\n<tr>\n<td>Poids unitaire sans carburant<\/td>\n<td>10,6 kg <sup>1<!-- -->)<\/sup><\/td>\n<\/tr>\n<tr>\n<td>Diam\u00e8tre circonf\u00e9rence de coupe<\/td>\n<td>450 mm<\/td>\n<\/tr>\n<tr>\n<td>Capacit\u00e9 du r\u00e9servoir<\/td>\n<td>0,750 l<\/td>\n<\/tr>\n<tr>\n<td>Capacit\u00e9 du r\u00e9servoir<\/td>\n<td>750 cm\u00b3<\/td>\n<\/tr>\n<tr>\n<td>Longueur de l&#8217;appareil sans outil de coupe<\/td>\n<td>280 cm<\/td>\n<\/tr>\n<tr>\n<td>Niveau de pression acoustique<\/td>\n<td>101 dB(A) <sup>2)<\/sup><\/td>\n<\/tr>\n<tr>\n<td>Niveau de pression acoustique<\/td>\n<td>101 dB(A) <sup>2)<\/sup><\/td>\n<\/tr>\n<tr>\nNiveau <\/p>\n<td>de puissance<\/td>\n<p> acoustique<\/p>\n<td>110 dB(A) <sup>2)<\/sup><\/td>\n<\/tr>\n<tr>\nNiveau <\/p>\n<td>de puissance<\/td>\n<p> acoustique<\/p>\n<td>110 dB(A) <sup>2)<\/sup><\/td>\n<\/tr>\n<tr>\n<td>Valeur vibratoire gauche avec la main droite<\/td>\n<td>3,7 m\/s\u00b2 <sup>3)<\/sup><\/td>\n<\/tr>\n<tr>\n<td>Valeur vibratoire gauche avec la main droite<\/td>\n<td>3,3 m\/s\u00b2 <sup>3)<\/sup><\/td>\n<\/tr>\n<tr>\n<td>Valeur vibratoire droite avec la main droite<\/td>\n<td>2,7 m\/s\u00b2 <sup>3)<\/sup><\/td>\n<\/tr>\n<tr>\n<td>Valeur vibratoire droite avec la main droite<\/td>\n<td>2,6 m\/s\u00b2 <sup>3)<\/sup><\/td>\n<\/tr>\n<\/tbody>\n<\/table>\n","protected":false},"excerpt":{"rendered":"<p>Puissance et confort au service des professionnels Lors des travaux professionnels sur des prairies en pente, vignobles ou vergers, la<\/p>\n","protected":false},"featured_media":714577,"template":"","meta":{"_seopress_robots_primary_cat":"none","_seopress_titles_title":"","_seopress_titles_desc":"","_seopress_robots_index":""},"product_brand":[3555],"product_cat":[1586,1602,167],"product_tag":[],"class_list":{"0":"post-711799","1":"product","2":"type-product","3":"status-publish","4":"has-post-thumbnail","6":"product_brand-stihl-fr","7":"product_cat-debroussailleuses-et-coupe-bordures","8":"product_cat-debroussailleuses-et-coupe-bordures-a-moteur","9":"product_cat-machines","10":"sws-gruppo-macchinari-fr","11":"sws-conto-ricavi-merci-rivendita-macchinari-fr","12":"sws-gruppo-iva-iva81-fr","14":"first","15":"instock","16":"shipping-taxable","17":"purchasable","18":"product-type-simple"},"_links":{"self":[{"href":"https:\/\/lucacastelli.com\/fr\/wp-json\/wp\/v2\/product\/711799","targetHints":{"allow":["GET"]}}],"collection":[{"href":"https:\/\/lucacastelli.com\/fr\/wp-json\/wp\/v2\/product"}],"about":[{"href":"https:\/\/lucacastelli.com\/fr\/wp-json\/wp\/v2\/types\/product"}],"wp:featuredmedia":[{"embeddable":true,"href":"https:\/\/lucacastelli.com\/fr\/wp-json\/wp\/v2\/media\/714577"}],"wp:attachment":[{"href":"https:\/\/lucacastelli.com\/fr\/wp-json\/wp\/v2\/media?parent=711799"}],"wp:term":[{"taxonomy":"product_brand","embeddable":true,"href":"https:\/\/lucacastelli.com\/fr\/wp-json\/wp\/v2\/product_brand?post=711799"},{"taxonomy":"product_cat","embeddable":true,"href":"https:\/\/lucacastelli.com\/fr\/wp-json\/wp\/v2\/product_cat?post=711799"},{"taxonomy":"product_tag","embeddable":true,"href":"https:\/\/lucacastelli.com\/fr\/wp-json\/wp\/v2\/product_tag?post=711799"}],"curies":[{"name":"wp","href":"https:\/\/api.w.org\/{rel}","templated":true}]}}