{"id":711789,"date":"2026-03-04T00:01:34","date_gmt":"2026-03-03T23:01:34","guid":{"rendered":"https:\/\/lucacastelli.com\/prodotto\/stihl-fr-235-debroussailleuse-dorsale\/"},"modified":"2026-02-04T18:18:58","modified_gmt":"2026-02-04T17:18:58","slug":"stihl-fr-235-debroussailleuse-dorsale","status":"publish","type":"product","link":"https:\/\/lucacastelli.com\/fr\/produit\/stihl-fr-235-debroussailleuse-dorsale\/","title":{"rendered":"STIHL FR 235 d\u00e9broussailleuse dorsale"},"content":{"rendered":"<p>Pour le fauchage et la collecte de broussailles sur terrains difficiles<br \/>\nExcellentes performances de coupe. Pour le fauchage et la collecte d&#8217;herbe et de broussailles. Structure robuste et proc\u00e9dure de d\u00e9marrage \u00e9prouv\u00e9e. Syst\u00e8me anti-vibrations STIHL 1 point, moteur 2-MIX, d\u00e9compression automatique, poign\u00e9e multifonction, poign\u00e9e circulaire.   <\/p>\n<p>Avec t\u00eate AutoCut 27-2<\/p>\n<p>&nbsp;<\/p>\n<table data-test-id=\"pdp-spec-tech-table\">\n<tbody>\n<tr>\n<td>Cylindr\u00e9e<\/td>\n<td>36,3 cm\u00b3<\/td>\n<\/tr>\n<tr>\n<td>Puissance<\/td>\n<td>1,50 kW<\/td>\n<\/tr>\n<tr>\n<td>Puissance<\/td>\n<td>2,10 CV<\/td>\n<\/tr>\n<tr>\n<td>CO2<\/td>\n<td>864 g\/kWh<\/td>\n<\/tr>\n<tr>\n<td>Poids unitaire sans carburant<\/td>\n<td>10,3 kg <sup>1<!-- -->)<\/sup><\/td>\n<\/tr>\n<tr>\n<td>Diam\u00e8tre de circonf\u00e9rence de coupe<\/td>\n<td>420 mm<\/td>\n<\/tr>\n<tr>\n<td>Capacit\u00e9 du r\u00e9servoir<\/td>\n<td>0,810 l<\/td>\n<\/tr>\n<tr>\n<td>Capacit\u00e9 du r\u00e9servoir<\/td>\n<td>810 cm\u00b3<\/td>\n<\/tr>\n<tr>\n<td>Longueur de l&#8217;appareil sans outil de coupe<\/td>\n<td>275 cm<\/td>\n<\/tr>\n<tr>\nNiveau <\/p>\n<td>de pression acoustique<\/td>\n<td>99 dB(A) <sup>2)<\/sup><\/td>\n<\/tr>\n<tr>\nNiveau <\/p>\n<td>de pression acoustique<\/td>\n<td>99 dB(A) <sup>2)<\/sup><\/td>\n<\/tr>\n<tr>\n<td>Niveau de puissance acoustique<\/td>\n<td>108 dB(A) <sup>2)<\/sup><\/td>\n<\/tr>\n<tr>\n<td>Niveau de puissance acoustique<\/td>\n<td>108 dB(A) <sup>2)<\/sup><\/td>\n<\/tr>\n<tr>\n<td>Valeur vibratoire gauche avec la main droite<\/td>\n<td>4,9 m\/s\u00b2 <sup>3)<\/sup><\/td>\n<\/tr>\n<tr>\n<td>Valeur vibratoire gauche avec la main droite<\/td>\n<td>2,2 m\/s\u00b2 <sup>3)<\/sup><\/td>\n<\/tr>\n<tr>\n<td>Valeur vibratoire droite avec la main droite<\/td>\n<td>2,1 m\/s\u00b2 <sup>3)<\/sup><\/td>\n<\/tr>\n<tr>\n<td>Valeur vibratoire droite avec la main droite<\/td>\n<td>4,9 m\/s\u00b2 <sup>3)<\/sup><\/td>\n<\/tr>\n<\/tbody>\n<\/table>\n","protected":false},"excerpt":{"rendered":"<p>Pour le fauchage et la collecte de broussailles sur terrains difficiles Excellentes performances de coupe. Pour le fauchage et la<\/p>\n","protected":false},"featured_media":711790,"template":"","meta":{"_seopress_robots_primary_cat":"none","_seopress_titles_title":"","_seopress_titles_desc":"","_seopress_robots_index":""},"product_brand":[3555],"product_cat":[1586,1602,167],"product_tag":[],"class_list":{"0":"post-711789","1":"product","2":"type-product","3":"status-publish","4":"has-post-thumbnail","6":"product_brand-stihl-fr","7":"product_cat-debroussailleuses-et-coupe-bordures","8":"product_cat-debroussailleuses-et-coupe-bordures-a-moteur","9":"product_cat-machines","10":"sws-gruppo-macchinari-fr","11":"sws-conto-ricavi-merci-rivendita-macchinari-fr","12":"sws-gruppo-iva-iva81-fr","14":"first","15":"instock","16":"shipping-taxable","17":"purchasable","18":"product-type-simple"},"_links":{"self":[{"href":"https:\/\/lucacastelli.com\/fr\/wp-json\/wp\/v2\/product\/711789","targetHints":{"allow":["GET"]}}],"collection":[{"href":"https:\/\/lucacastelli.com\/fr\/wp-json\/wp\/v2\/product"}],"about":[{"href":"https:\/\/lucacastelli.com\/fr\/wp-json\/wp\/v2\/types\/product"}],"wp:featuredmedia":[{"embeddable":true,"href":"https:\/\/lucacastelli.com\/fr\/wp-json\/wp\/v2\/media\/711790"}],"wp:attachment":[{"href":"https:\/\/lucacastelli.com\/fr\/wp-json\/wp\/v2\/media?parent=711789"}],"wp:term":[{"taxonomy":"product_brand","embeddable":true,"href":"https:\/\/lucacastelli.com\/fr\/wp-json\/wp\/v2\/product_brand?post=711789"},{"taxonomy":"product_cat","embeddable":true,"href":"https:\/\/lucacastelli.com\/fr\/wp-json\/wp\/v2\/product_cat?post=711789"},{"taxonomy":"product_tag","embeddable":true,"href":"https:\/\/lucacastelli.com\/fr\/wp-json\/wp\/v2\/product_tag?post=711789"}],"curies":[{"name":"wp","href":"https:\/\/api.w.org\/{rel}","templated":true}]}}