{"id":702969,"date":"2026-01-29T15:03:23","date_gmt":"2026-01-29T14:03:23","guid":{"rendered":"https:\/\/lucacastelli.com\/prodotto\/stihl-portalime-2-en-1-hexa-%e2%85%9c-p\/"},"modified":"2026-01-29T15:03:23","modified_gmt":"2026-01-29T14:03:23","slug":"stihl-portalime-2-en-1-hexa-%e2%85%9c-p","status":"publish","type":"product","link":"https:\/\/lucacastelli.com\/fr\/produit\/stihl-portalime-2-en-1-hexa-%e2%85%9c-p\/","title":{"rendered":"STIHL Portalime 2 en 1 Hexa \u215c&#8221; P"},"content":{"rendered":"<p>Outil pratique pour aff\u00fbter rapidement dents et limiteurs de profondeur en une seule op\u00e9ration.<br \/>\nCompensation int\u00e9gr\u00e9e de la tol\u00e9rance de la lime (exclusivit\u00e9 STIHL). Ergonomie am\u00e9lior\u00e9e et \u0153illet pour fixation \u00e0 la ceinture ou en atelier. <\/p>\n<p>Pas \u215c&#8221; P Hexa<\/p>\n","protected":false},"excerpt":{"rendered":"<p>Outil pratique pour aff\u00fbter rapidement dents et limiteurs de profondeur en une seule op\u00e9ration. Compensation int\u00e9gr\u00e9e de la tol\u00e9rance de<\/p>\n","protected":false},"featured_media":702727,"template":"","meta":{"_seopress_robots_primary_cat":"none","_seopress_titles_title":"","_seopress_titles_desc":"","_seopress_robots_index":""},"product_brand":[3555],"product_cat":[1607,167,1604],"product_tag":[],"class_list":{"0":"post-702969","1":"product","2":"type-product","3":"status-publish","4":"has-post-thumbnail","6":"product_brand-stihl-fr","7":"product_cat-chaines-et-enrouleurs","8":"product_cat-machines","9":"product_cat-tronconneuses","10":"sws-gruppo-macchinari-fr","11":"sws-conto-ricavi-merci-rivendita-macchinari-fr","12":"sws-gruppo-iva-iva81-fr","14":"first","15":"instock","16":"shipping-taxable","17":"purchasable","18":"product-type-simple"},"_links":{"self":[{"href":"https:\/\/lucacastelli.com\/fr\/wp-json\/wp\/v2\/product\/702969","targetHints":{"allow":["GET"]}}],"collection":[{"href":"https:\/\/lucacastelli.com\/fr\/wp-json\/wp\/v2\/product"}],"about":[{"href":"https:\/\/lucacastelli.com\/fr\/wp-json\/wp\/v2\/types\/product"}],"wp:featuredmedia":[{"embeddable":true,"href":"https:\/\/lucacastelli.com\/fr\/wp-json\/wp\/v2\/media\/702727"}],"wp:attachment":[{"href":"https:\/\/lucacastelli.com\/fr\/wp-json\/wp\/v2\/media?parent=702969"}],"wp:term":[{"taxonomy":"product_brand","embeddable":true,"href":"https:\/\/lucacastelli.com\/fr\/wp-json\/wp\/v2\/product_brand?post=702969"},{"taxonomy":"product_cat","embeddable":true,"href":"https:\/\/lucacastelli.com\/fr\/wp-json\/wp\/v2\/product_cat?post=702969"},{"taxonomy":"product_tag","embeddable":true,"href":"https:\/\/lucacastelli.com\/fr\/wp-json\/wp\/v2\/product_tag?post=702969"}],"curies":[{"name":"wp","href":"https:\/\/api.w.org\/{rel}","templated":true}]}}