{"id":702968,"date":"2026-01-29T15:04:33","date_gmt":"2026-01-29T14:04:33","guid":{"rendered":"https:\/\/lucacastelli.com\/prodotto\/stihl-guide-chaine-2-en-1-hexa-3-8\/"},"modified":"2026-01-29T15:04:33","modified_gmt":"2026-01-29T14:04:33","slug":"stihl-guide-chaine-2-en-1-hexa-3-8","status":"publish","type":"product","link":"https:\/\/lucacastelli.com\/fr\/produit\/stihl-guide-chaine-2-en-1-hexa-3-8\/","title":{"rendered":"STIHL Guide-cha\u00eene 2 en 1 Hexa 3\/8&#8243;"},"content":{"rendered":"<p>Outil pratique pour aff\u00fbter rapidement dents et limiteurs de profondeur en une seule op\u00e9ration.<br \/>\nCompensation int\u00e9gr\u00e9e de la tol\u00e9rance de la lime (exclusivit\u00e9 STIHL). Ergonomie am\u00e9lior\u00e9e et \u0153illet pour fixation \u00e0 la ceinture ou en atelier. <\/p>\n<p>Pas \u215c&#8221; Hexa<\/p>\n","protected":false},"excerpt":{"rendered":"<p>Outil pratique pour aff\u00fbter rapidement dents et limiteurs de profondeur en une seule op\u00e9ration. Compensation int\u00e9gr\u00e9e de la tol\u00e9rance de<\/p>\n","protected":false},"featured_media":702926,"template":"","meta":{"_seopress_robots_primary_cat":"none","_seopress_titles_title":"","_seopress_titles_desc":"","_seopress_robots_index":""},"product_brand":[3555],"product_cat":[167,1604,1607],"product_tag":[],"class_list":{"0":"post-702968","1":"product","2":"type-product","3":"status-publish","4":"has-post-thumbnail","6":"product_brand-stihl-fr","7":"product_cat-machines","8":"product_cat-tronconneuses","9":"product_cat-chaines-et-enrouleurs","11":"first","12":"instock","13":"shipping-taxable","14":"purchasable","15":"product-type-simple"},"_links":{"self":[{"href":"https:\/\/lucacastelli.com\/fr\/wp-json\/wp\/v2\/product\/702968","targetHints":{"allow":["GET"]}}],"collection":[{"href":"https:\/\/lucacastelli.com\/fr\/wp-json\/wp\/v2\/product"}],"about":[{"href":"https:\/\/lucacastelli.com\/fr\/wp-json\/wp\/v2\/types\/product"}],"wp:featuredmedia":[{"embeddable":true,"href":"https:\/\/lucacastelli.com\/fr\/wp-json\/wp\/v2\/media\/702926"}],"wp:attachment":[{"href":"https:\/\/lucacastelli.com\/fr\/wp-json\/wp\/v2\/media?parent=702968"}],"wp:term":[{"taxonomy":"product_brand","embeddable":true,"href":"https:\/\/lucacastelli.com\/fr\/wp-json\/wp\/v2\/product_brand?post=702968"},{"taxonomy":"product_cat","embeddable":true,"href":"https:\/\/lucacastelli.com\/fr\/wp-json\/wp\/v2\/product_cat?post=702968"},{"taxonomy":"product_tag","embeddable":true,"href":"https:\/\/lucacastelli.com\/fr\/wp-json\/wp\/v2\/product_tag?post=702968"}],"curies":[{"name":"wp","href":"https:\/\/api.w.org\/{rel}","templated":true}]}}