{"id":702955,"date":"2026-01-29T13:48:33","date_gmt":"2026-01-29T12:48:33","guid":{"rendered":"https:\/\/lucacastelli.com\/prodotto\/stihl-fsa-70-r-systeme-ak\/"},"modified":"2026-01-29T13:48:33","modified_gmt":"2026-01-29T12:48:33","slug":"stihl-fsa-70-r-systeme-ak","status":"publish","type":"product","link":"https:\/\/lucacastelli.com\/fr\/produit\/stihl-fsa-70-r-systeme-ak\/","title":{"rendered":"STIHL FSA 70 R &#8211; Syst\u00e8me AK"},"content":{"rendered":"<p>Pour effectuer confortablement des travaux de coupe et de finition priv\u00e9s<br \/>\nLa d\u00e9broussailleuse \u00e0 batterie STIHL FSA 70 R du syst\u00e8me STIHL AK convainc par la combinaison d&#8217;une bonne capacit\u00e9 de coupe et d&#8217;un poids r\u00e9duit pour les travaux priv\u00e9s dans le jardin domestique, comme la coupe d&#8217;herbe de hauteur moyenne, la finition des bordures de pelouse et les travaux de finition. La STIHL FSA 70 R offre un confort particulier gr\u00e2ce au syst\u00e8me Rapid Click. Avec ce syst\u00e8me, vous pouvez retirer facilement et rapidement la t\u00eate de coupe par simple pression d&#8217;un bouton. Avec Advanced EasySpool, vous pouvez enrouler confortablement la t\u00eate de coupe avec un nouveau fil \u00e0 la main.   <\/p>\n<p>Le moteur EC sans balais peut \u00eatre r\u00e9gl\u00e9 directement sur la poign\u00e9e de commande via un r\u00e9glage variable de la vitesse avec 2 niveaux de vitesse, selon l&#8217;application. Choisissez une vitesse inf\u00e9rieure en mode ECO (niveau 1), par exemple pour des t\u00e2ches plus simples comme la finition des bordures de pelouse. Ainsi, vous avez une consommation \u00e9nerg\u00e9tique inf\u00e9rieure et pouvez prolonger la dur\u00e9e de la batterie. Pour des travaux plus exigeants, comme la coupe d&#8217;herbe dense, vous pouvez utiliser la vitesse maximale en passant simplement au niveau 2 avec l&#8217;interrupteur \u00e0 glissi\u00e8re. La vitesse s&#8217;adapte automatiquement \u00e0 l&#8217;outil de coupe mont\u00e9 et peut \u00eatre r\u00e9gl\u00e9e en continu. De plus, l&#8217;\u00e9lectronique intelligente permet \u00e0 la FSA 70 R de fonctionner constamment \u00e0 haute puissance ind\u00e9pendamment de l&#8217;\u00e9tat de charge de la batterie.     <\/p>\n<p>La structure compacte de la STIHL FSA 70 R bien \u00e9quilibr\u00e9e et la poign\u00e9e circulaire avec composant souple supportent un travail flexible avec beaucoup de libert\u00e9 de mouvement, quand vous coupez entre arbres et buissons et dans d&#8217;autres zones \u00e9troites. De plus, la poign\u00e9e circulaire r\u00e9glable sans outils permet un r\u00e9glage facile \u00e0 votre hauteur, afin d&#8217;avoir toujours une posture de travail ergonomique. <\/p>\n<p>La d\u00e9broussailleuse \u00e0 batterie FSA 70 R fonctionne si silencieusement que vous pouvez l&#8217;utiliser sans protections auditives et aussi dans les zones sensibles au bruit.<\/p>\n<p>La STIHL FSA 70 R est fournie de s\u00e9rie avec la t\u00eate fauchante AutoCut C 12-2, rempla\u00e7able sans outils.<\/p>\n<p>&nbsp;<\/p>\n<table data-test-id=\"pdp-spec-tech-table\">\n<tbody>\n<tr>\n<td>Tension nominale<\/td>\n<td>36 V<\/td>\n<\/tr>\n<tr>\n<td>Tension max<\/td>\n<td>40 V<\/td>\n<\/tr>\n<tr>\n<td>Consommation \u00e9lectrique<\/td>\n<td>1 kW<\/td>\n<\/tr>\n<tr>\n<td>Puissance<\/td>\n<td>0,80 kW<\/td>\n<\/tr>\n<tr>\n<td>Syst\u00e8me \u00e0 batterie<\/td>\n<td>AK<\/td>\n<\/tr>\n<tr>\n<td>Batterie recommand\u00e9e<\/td>\n<td>AK 20<\/td>\n<\/tr>\n<tr>\n<td>Poids de l&#8217;appareil sans batterie<\/td>\n<td>3,2 kg<\/td>\n<\/tr>\n<tr>\n<td>Diam\u00e8tre circonf\u00e9rence de coupe<\/td>\n<td>380 mm<\/td>\n<\/tr>\n<tr>\n<td>Indice IP<\/td>\n<td>N\/A<\/td>\n<\/tr>\n<tr>\n<td>Dur\u00e9e minimale de la batterie AK 10 avec t\u00eate de coupe \u00e0 fil<\/td>\n<td>15 min<\/td>\n<\/tr>\n<tr>\n<td>Dur\u00e9e maximale de la batterie AK 10 avec t\u00eate de coupe \u00e0 fil<\/td>\n<td>30 min<\/td>\n<\/tr>\n<tr>\n<td>Dur\u00e9e minimale de la batterie AK 10 avec lame en plastique<\/td>\n<td>30 min<\/td>\n<\/tr>\n<tr>\n<td>Dur\u00e9e maximale de la batterie AK 10 avec lame en plastique<\/td>\n<td>60 min<\/td>\n<\/tr>\n<tr>\n<td>Dur\u00e9e minimale de la batterie AK 20 avec t\u00eate de coupe \u00e0 fil<\/td>\n<td>25 min<\/td>\n<\/tr>\n<tr>\n<td>Dur\u00e9e maximale de la batterie AK 20 avec t\u00eate de coupe \u00e0 fil<\/td>\n<td>45 min<\/td>\n<\/tr>\n<tr>\n<td>Dur\u00e9e minimale de la batterie AK 20 avec lame en plastique<\/td>\n<td>50 min<\/td>\n<\/tr>\n<tr>\n<td>Dur\u00e9e maximale de la batterie AK 20 avec lame en plastique<\/td>\n<td>90 min<\/td>\n<\/tr>\n<tr>\n<td>Dur\u00e9e minimale de la batterie AK 30 avec t\u00eate de coupe \u00e0 fil<\/td>\n<td>30 min<\/td>\n<\/tr>\n<tr>\n<td>Dur\u00e9e maximale de la batterie AK 30 avec t\u00eate de coupe \u00e0 fil<\/td>\n<td>55 min<\/td>\n<\/tr>\n<tr>\n<td>Dur\u00e9e minimale de la batterie AK 30 avec lame en plastique<\/td>\n<td>60 min<\/td>\n<\/tr>\n<tr>\n<td>Dur\u00e9e maximale de la batterie AK 30 avec lame en plastique<\/td>\n<td>110 min<\/td>\n<\/tr>\n<tr>\n<td>Dur\u00e9e minimale de la batterie AK 30 S avec t\u00eate de coupe \u00e0 fil<\/td>\n<td>30 min<\/td>\n<\/tr>\n<tr>\n<td>Dur\u00e9e maximale de la batterie AK 30 S avec t\u00eate de coupe \u00e0 fil<\/td>\n<td>55 min<\/td>\n<\/tr>\n<tr>\n<td>Dur\u00e9e minimale de la batterie AK 30 S avec lame en plastique<\/td>\n<td>60 min<\/td>\n<\/tr>\n<tr>\n<td>Dur\u00e9e maximale de la batterie AK 30 S avec lame en plastique<\/td>\n<td>110 min<\/td>\n<\/tr>\n<tr>\n<td>Surface maximale par charge de la batterie AK 10<\/td>\n<td>100 m\u00b2<\/td>\n<\/tr>\n<tr>\n<td>Surface maximale par charge de la batterie AK 20<\/td>\n<td>300 m\u00b2<\/td>\n<\/tr>\n<tr>\n<td>Surface max. par charge de la batterie AK 30<\/td>\n<td>360 m\u00b2<\/td>\n<\/tr>\n<tr>\n<td>Surface maximale par charge de la batterie AK 30 S<\/td>\n<td>360 m\u00b2<\/td>\n<\/tr>\n<tr>\n<td>Bordure de pelouse max. par charge de la batterie AK 10<\/td>\n<td>500 m<\/td>\n<\/tr>\n<tr>\n<td>Bordure de pelouse max. par charge de la batterie AK 20<\/td>\n<td>1 500 m<\/td>\n<\/tr>\n<tr>\n<td>Bordure de pelouse max. par charge de la batterie AK 30<\/td>\n<td>1 800 m<\/td>\n<\/tr>\n<tr>\n<td>Bordure de pelouse max. par charge de la batterie AK 30 S<\/td>\n<td>1 800 m<\/td>\n<\/tr>\n<tr>\n<td>Longueur de l&#8217;appareil sans outil de coupe<\/td>\n<td>166 cm<\/td>\n<\/tr>\n<tr>\n<td>Niveau de pression acoustique<\/td>\n<td>76 dB(A)<\/td>\n<\/tr>\n<tr>\n<td>Niveau de puissance acoustique<\/td>\n<td>91 dB(A)<\/td>\n<\/tr>\n<tr>\n<td>Valeur vibratoire gauche avec la main droite<\/td>\n<td>3,8 m\/s\u00b2<\/td>\n<\/tr>\n<tr>\n<td>Valeur vibratoire gauche avec la main droite<\/td>\n<td>4,9 m\/s\u00b2<\/td>\n<\/tr>\n<tr>\n<td>Valeur vibratoire droite avec la main droite<\/td>\n<td>2 m\/s\u00b2<\/td>\n<\/tr>\n<tr>\n<td>Valeur vibratoire droite avec la main droite<\/td>\n<td>2 m\/s\u00b2<\/td>\n<\/tr>\n<\/tbody>\n<\/table>\n","protected":false},"excerpt":{"rendered":"<p>Pour effectuer confortablement des travaux de coupe et de finition priv\u00e9s La d\u00e9broussailleuse \u00e0 batterie STIHL FSA 70 R du<\/p>\n","protected":false},"featured_media":702594,"template":"","meta":{"_seopress_robots_primary_cat":"","_seopress_titles_title":"","_seopress_titles_desc":"","_seopress_robots_index":""},"product_brand":[3555],"product_cat":[1586,1601,167],"product_tag":[],"class_list":{"0":"post-702955","1":"product","2":"type-product","3":"status-publish","4":"has-post-thumbnail","6":"product_brand-stihl-fr","7":"product_cat-debroussailleuses-et-coupe-bordures","8":"product_cat-debroussailleuses-et-coupe-herbes-a-batterie","9":"product_cat-machines","10":"sws-gruppo-macchinari-fr","11":"sws-conto-ricavi-merci-rivendita-macchinari-fr","12":"sws-gruppo-iva-iva81-fr","14":"first","15":"instock","16":"shipping-taxable","17":"purchasable","18":"product-type-simple"},"_links":{"self":[{"href":"https:\/\/lucacastelli.com\/fr\/wp-json\/wp\/v2\/product\/702955","targetHints":{"allow":["GET"]}}],"collection":[{"href":"https:\/\/lucacastelli.com\/fr\/wp-json\/wp\/v2\/product"}],"about":[{"href":"https:\/\/lucacastelli.com\/fr\/wp-json\/wp\/v2\/types\/product"}],"wp:featuredmedia":[{"embeddable":true,"href":"https:\/\/lucacastelli.com\/fr\/wp-json\/wp\/v2\/media\/702594"}],"wp:attachment":[{"href":"https:\/\/lucacastelli.com\/fr\/wp-json\/wp\/v2\/media?parent=702955"}],"wp:term":[{"taxonomy":"product_brand","embeddable":true,"href":"https:\/\/lucacastelli.com\/fr\/wp-json\/wp\/v2\/product_brand?post=702955"},{"taxonomy":"product_cat","embeddable":true,"href":"https:\/\/lucacastelli.com\/fr\/wp-json\/wp\/v2\/product_cat?post=702955"},{"taxonomy":"product_tag","embeddable":true,"href":"https:\/\/lucacastelli.com\/fr\/wp-json\/wp\/v2\/product_tag?post=702955"}],"curies":[{"name":"wp","href":"https:\/\/api.w.org\/{rel}","templated":true}]}}