{"id":702927,"date":"2026-01-29T13:56:40","date_gmt":"2026-01-29T12:56:40","guid":{"rendered":"https:\/\/lucacastelli.com\/prodotto\/stihl-fs-set-advance-x-flex\/"},"modified":"2026-01-29T13:56:40","modified_gmt":"2026-01-29T12:56:40","slug":"stihl-fs-set-advance-x-flex","status":"publish","type":"product","link":"https:\/\/lucacastelli.com\/fr\/produit\/stihl-fs-set-advance-x-flex\/","title":{"rendered":"STIHL FS Set ADVANCE X-Flex"},"content":{"rendered":"<p>FS Set ADVANCE X-Flex : pour plus de confort lors de l&#8217;utilisation professionnelle de d\u00e9broussailleuses<\/p>\n<p>Le FS Set ADVANCE X-Flex \u00e9quipe les professionnels de la sylviculture ou de l&#8217;am\u00e9nagement paysager avec 2 sangles polyvalentes et confortables issues du syst\u00e8me de sangles modulaires STIHL ADVANCE X-Flex pour plus de confort lors de l&#8217;utilisation de d\u00e9broussailleuses et de d\u00e9broussailleuses \u00e0 lame :<br \/>\nCeinture STIHL ADVANCE X-Flex en taille M<br \/>\nSangle FS ADVANCE X-Flex en taille L<br \/>\nGr\u00e2ce \u00e0 son haut degr\u00e9 de personnalisation, la ceinture STIHL ADVANCE X-Flex rend l&#8217;utilisation des d\u00e9broussailleuses et des coupe-broussailles STIHL particuli\u00e8rement confortable et polyvalente. La ceinture est l&#8217;\u00e9l\u00e9ment central auquel vous fixez la ceinture FS \u00e0 l&#8217;aide d&#8217;\u0153illets et d&#8217;un insert et que vous pouvez \u00e9quiper de poches et de supports suppl\u00e9mentaires.<br \/>\nParmi ces poches et supports en option, on trouve par exemple la poche universelle STIHL ADVANCE X-Flex pour les fils de coupe ou les boissons, ou encore la poche STIHL pour le transport de batteries ADVANCE X-Flex, si vous travaillez avec une d\u00e9broussailleuse \u00e0 batterie et que vous souhaitez avoir une batterie de rechange \u00e0 port\u00e9e de main. Vous pouvez les fixer facilement \u00e0 la barre d&#8217;accrochage \u00e0 l&#8217;aide des clips de fixation STIHL robustes du syst\u00e8me de clips d\u00e9velopp\u00e9 par STIHL. Vous trouverez toutes les poches et tous les supports disponibles sur les pages du syst\u00e8me de harnais modulaire STIHL ADVANCE X-Flex.<br \/>\nLa ceinture STIHL FS ADVANCE X-Flex facilite le travail avec les d\u00e9broussailleuses et les coupe-broussailles. Un rembourrage lat\u00e9ral confortable \u00e9quilibre le poids de votre appareil STIHL, ce qui facilite sa manipulation. La plaque dorsale \u00e9lastique et la boucle de poitrine r\u00e9glable en hauteur offrent \u00e9galement un confort accru pendant le travail. Comme d&#8217;habitude, accrochez la d\u00e9broussailleuse ou la faucheuse au rembourrage lat\u00e9ral \u00e0 l&#8217;aide du crochet confort.<br \/>\nLa ceinture et la sangle FS sont toutes deux dot\u00e9es d&#8217;une grande partie orange et d&#8217;\u00e9l\u00e9ments r\u00e9fl\u00e9chissants pour une bonne visibilit\u00e9.      <\/p>\n","protected":false},"excerpt":{"rendered":"<p>FS Set ADVANCE X-Flex : pour plus de confort lors de l&#8217;utilisation professionnelle de d\u00e9broussailleuses Le FS Set ADVANCE X-Flex<\/p>\n","protected":false},"featured_media":702627,"template":"","meta":{"_seopress_robots_primary_cat":"","_seopress_titles_title":"","_seopress_titles_desc":"","_seopress_robots_index":""},"product_brand":[3366],"product_cat":[29,270,271,281,280],"product_tag":[],"class_list":{"0":"post-702927","1":"product","2":"type-product","3":"status-publish","4":"has-post-thumbnail","6":"product_brand-stihl","7":"product_cat-macchinari","8":"product_cat-decespugliatori-e-tagliabordi","9":"product_cat-accessori-e-materiale-di-consumo-decespugliatori-e-tagliabordi","10":"product_cat-decespugliatori-e-tagliabordi-a-batteria","11":"product_cat-decespugliatori-e-tagliabordi-a-motore","12":"sws-gruppo-macchinari-fr","13":"sws-conto-ricavi-merci-rivendita-macchinari-fr","14":"sws-gruppo-iva-iva81-fr","16":"first","17":"instock","18":"shipping-taxable","19":"purchasable","20":"product-type-simple"},"_links":{"self":[{"href":"https:\/\/lucacastelli.com\/fr\/wp-json\/wp\/v2\/product\/702927","targetHints":{"allow":["GET"]}}],"collection":[{"href":"https:\/\/lucacastelli.com\/fr\/wp-json\/wp\/v2\/product"}],"about":[{"href":"https:\/\/lucacastelli.com\/fr\/wp-json\/wp\/v2\/types\/product"}],"wp:featuredmedia":[{"embeddable":true,"href":"https:\/\/lucacastelli.com\/fr\/wp-json\/wp\/v2\/media\/702627"}],"wp:attachment":[{"href":"https:\/\/lucacastelli.com\/fr\/wp-json\/wp\/v2\/media?parent=702927"}],"wp:term":[{"taxonomy":"product_brand","embeddable":true,"href":"https:\/\/lucacastelli.com\/fr\/wp-json\/wp\/v2\/product_brand?post=702927"},{"taxonomy":"product_cat","embeddable":true,"href":"https:\/\/lucacastelli.com\/fr\/wp-json\/wp\/v2\/product_cat?post=702927"},{"taxonomy":"product_tag","embeddable":true,"href":"https:\/\/lucacastelli.com\/fr\/wp-json\/wp\/v2\/product_tag?post=702927"}],"curies":[{"name":"wp","href":"https:\/\/api.w.org\/{rel}","templated":true}]}}