{"id":702390,"date":"2026-01-29T11:48:44","date_gmt":"2026-01-29T10:48:44","guid":{"rendered":"https:\/\/lucacastelli.com\/prodotto\/set-stihl-advance-x-treem-ht\/"},"modified":"2026-01-29T11:48:44","modified_gmt":"2026-01-29T10:48:44","slug":"set-stihl-advance-x-treem-ht","status":"publish","type":"product","link":"https:\/\/lucacastelli.com\/fr\/produit\/set-stihl-advance-x-treem-ht\/","title":{"rendered":"Set STIHL ADVANCE X-TREEm HT"},"content":{"rendered":"<p>Pour une utilisation prolong\u00e9e dans l&#8217;entretien des arbres et les travaux forestiers. Design particuli\u00e8rement ergonomique et confortable. \u00c0 utiliser avec l&#8217;\u00e9lagueuse sur perche \u00e0 batterie STIHL HTA 150.  <\/p>\n<p>Avec le syst\u00e8me de harnais STIHL ADVANCE X-TREEm HT, vous disposez d&#8217;un syst\u00e8me de harnais tr\u00e8s pratique pour tous vos travaux professionnels de longue dur\u00e9e avec l&#8217;\u00e9lagueuse sur perche sans fil STIHL HTA 150. La sangle flexible STIHL HT incluse dans ce set permet de fixer facilement l&#8217;\u00e9lagueuse sur perche sans fil STIHL au harnais forestier ADVANCE X-TREEm HT. L&#8217;ergonomie optimis\u00e9e du harnais prot\u00e8ge les muscles et les articulations, tout en offrant une grande libert\u00e9 de mouvement, id\u00e9ale pour utiliser l&#8217;\u00e9lagueuse en toute s\u00e9curit\u00e9.  <\/p>\n<p>La longueur r\u00e9glable sur trois niveaux du dos, la bandouli\u00e8re \u00e0 double rembourrage, \u00e9galement r\u00e9glable en longueur, du harnais forestier ADVANCE X-TREEm HT et la ceinture abdominale STIHL ADVANCE X-Flex fournie de s\u00e9rie assurent une r\u00e9partition uniforme du poids sur les hanches et les \u00e9paules.<\/p>\n<p>La ceinture abdominale ADVANCE X-Flex est disponible en 3 tailles : taille S (de 78 cm \u00e0 127 cm), taille M (de 89 cm \u00e0 143 cm) et taille L (de 98 cm \u00e0 177 cm).<\/p>\n<p>Le kit comprend :<\/p>\n<p>1 harnais X-TREEm HT<br \/>\n1 sangle flexible HT<br \/>\n1 ceinture ADVANCE X-FLEX<br \/>\n1 poign\u00e9e arri\u00e8re<\/p>\n","protected":false},"excerpt":{"rendered":"<p>Pour une utilisation prolong\u00e9e dans l&#8217;entretien des arbres et les travaux forestiers. Design particuli\u00e8rement ergonomique et confortable. \u00c0 utiliser avec<\/p>\n","protected":false},"featured_media":702295,"template":"","meta":{"_seopress_robots_primary_cat":"","_seopress_titles_title":"","_seopress_titles_desc":"","_seopress_robots_index":""},"product_brand":[3555],"product_cat":[167,1690,1626,1627,1628],"product_tag":[],"class_list":{"0":"post-702390","1":"product","2":"type-product","3":"status-publish","4":"has-post-thumbnail","6":"product_brand-stihl-fr","7":"product_cat-machines","8":"product_cat-taille-haies-et-elagueurs","9":"product_cat-taille-haies-et-elagueurs-a-batterie","10":"product_cat-taille-haies-et-elagueuses-a-moteur","11":"product_cat-taille-haies-et-elagueuses-electriques","12":"sws-gruppo-macchinari-fr","13":"sws-conto-ricavi-merci-rivendita-macchinari-fr","14":"sws-gruppo-iva-iva81-fr","16":"first","17":"instock","18":"shipping-taxable","19":"purchasable","20":"product-type-variable"},"_links":{"self":[{"href":"https:\/\/lucacastelli.com\/fr\/wp-json\/wp\/v2\/product\/702390","targetHints":{"allow":["GET"]}}],"collection":[{"href":"https:\/\/lucacastelli.com\/fr\/wp-json\/wp\/v2\/product"}],"about":[{"href":"https:\/\/lucacastelli.com\/fr\/wp-json\/wp\/v2\/types\/product"}],"wp:featuredmedia":[{"embeddable":true,"href":"https:\/\/lucacastelli.com\/fr\/wp-json\/wp\/v2\/media\/702295"}],"wp:attachment":[{"href":"https:\/\/lucacastelli.com\/fr\/wp-json\/wp\/v2\/media?parent=702390"}],"wp:term":[{"taxonomy":"product_brand","embeddable":true,"href":"https:\/\/lucacastelli.com\/fr\/wp-json\/wp\/v2\/product_brand?post=702390"},{"taxonomy":"product_cat","embeddable":true,"href":"https:\/\/lucacastelli.com\/fr\/wp-json\/wp\/v2\/product_cat?post=702390"},{"taxonomy":"product_tag","embeddable":true,"href":"https:\/\/lucacastelli.com\/fr\/wp-json\/wp\/v2\/product_tag?post=702390"}],"curies":[{"name":"wp","href":"https:\/\/api.w.org\/{rel}","templated":true}]}}