{"id":702388,"date":"2026-01-29T11:04:53","date_gmt":"2026-01-29T10:04:53","guid":{"rendered":"https:\/\/lucacastelli.com\/prodotto\/systeme-dorsal-stihl-rts\/"},"modified":"2026-01-29T11:04:53","modified_gmt":"2026-01-29T10:04:53","slug":"systeme-dorsal-stihl-rts","status":"publish","type":"product","link":"https:\/\/lucacastelli.com\/fr\/produit\/systeme-dorsal-stihl-rts\/","title":{"rendered":"Syst\u00e8me dorsal STIHL RTS"},"content":{"rendered":"<p>Harnais sp\u00e9cial pour HT et HL<br \/>\nGr\u00e2ce au r\u00e9glage en hauteur du point d&#8217;accrochage, le harnais RTS-HT, confortable et adaptable \u00e0 la morphologie, permet un travail moins fatigant et plus ergonomique, particuli\u00e8rement lors d&#8217;interventions prolong\u00e9es. Bien fix\u00e9, ce harnais facilite le transport de l&#8217;appareil jusqu&#8217;\u00e0 la zone de travail suivante. Sauf versions HL K. L&#8217;utilisation avec un HT-KM ou un HL-KM n\u00e9cessite un mousqueton optionnel (4249-710-6900).  <\/p>\n","protected":false},"excerpt":{"rendered":"<p>Harnais sp\u00e9cial pour HT et HL Gr\u00e2ce au r\u00e9glage en hauteur du point d&#8217;accrochage, le harnais RTS-HT, confortable et adaptable<\/p>\n","protected":false},"featured_media":702194,"template":"","meta":{"_seopress_robots_primary_cat":"","_seopress_titles_title":"","_seopress_titles_desc":"","_seopress_robots_index":""},"product_brand":[3555],"product_cat":[167,1638,1642,1690,1626,1627,1628],"product_tag":[],"class_list":{"0":"post-702388","1":"product","2":"type-product","3":"status-publish","4":"has-post-thumbnail","6":"product_brand-stihl-fr","7":"product_cat-machines","8":"product_cat-systemes-kombi-et-multi","9":"product_cat-accessoires-et-consommables-fr-5","10":"product_cat-taille-haies-et-elagueurs","11":"product_cat-taille-haies-et-elagueurs-a-batterie","12":"product_cat-taille-haies-et-elagueuses-a-moteur","13":"product_cat-taille-haies-et-elagueuses-electriques","14":"sws-gruppo-macchinari-fr","15":"sws-conto-ricavi-merci-rivendita-macchinari-fr","16":"sws-gruppo-iva-iva81-fr","18":"first","19":"instock","20":"sale","21":"shipping-taxable","22":"purchasable","23":"product-type-simple"},"_links":{"self":[{"href":"https:\/\/lucacastelli.com\/fr\/wp-json\/wp\/v2\/product\/702388","targetHints":{"allow":["GET"]}}],"collection":[{"href":"https:\/\/lucacastelli.com\/fr\/wp-json\/wp\/v2\/product"}],"about":[{"href":"https:\/\/lucacastelli.com\/fr\/wp-json\/wp\/v2\/types\/product"}],"wp:featuredmedia":[{"embeddable":true,"href":"https:\/\/lucacastelli.com\/fr\/wp-json\/wp\/v2\/media\/702194"}],"wp:attachment":[{"href":"https:\/\/lucacastelli.com\/fr\/wp-json\/wp\/v2\/media?parent=702388"}],"wp:term":[{"taxonomy":"product_brand","embeddable":true,"href":"https:\/\/lucacastelli.com\/fr\/wp-json\/wp\/v2\/product_brand?post=702388"},{"taxonomy":"product_cat","embeddable":true,"href":"https:\/\/lucacastelli.com\/fr\/wp-json\/wp\/v2\/product_cat?post=702388"},{"taxonomy":"product_tag","embeddable":true,"href":"https:\/\/lucacastelli.com\/fr\/wp-json\/wp\/v2\/product_tag?post=702388"}],"curies":[{"name":"wp","href":"https:\/\/api.w.org\/{rel}","templated":true}]}}