{"id":701907,"date":"2026-01-29T07:49:36","date_gmt":"2026-01-29T06:49:36","guid":{"rendered":"https:\/\/lucacastelli.com\/prodotto\/stihl-fsa-250-systeme-ap-debroussailleuse\/"},"modified":"2026-01-29T07:49:36","modified_gmt":"2026-01-29T06:49:36","slug":"stihl-fsa-250-systeme-ap-debroussailleuse","status":"publish","type":"product","link":"https:\/\/lucacastelli.com\/fr\/produit\/stihl-fsa-250-systeme-ap-debroussailleuse\/","title":{"rendered":"STIHL FSA 250 &#8211; Syst\u00e8me AP d\u00e9broussailleuse"},"content":{"rendered":"<p>D\u00e9broussailleuse \u00e0 batterie FSA 250 : puissante pour les travaux professionnels d&#8217;entretien paysager.<br \/>\nLa puissante d\u00e9broussailleuse \u00e0 batterie STIHL FSA 250, int\u00e9gr\u00e9e au syst\u00e8me AP, est id\u00e9ale pour les professionnels des espaces verts, les collectivit\u00e9s et l&#8217;entretien des jeunes plantations. Elle garantit des performances \u00e9lev\u00e9es pour la coupe d&#8217;herbes hautes, d&#8217;arbustes et de petits arbres, alliant ergonomie, rapidit\u00e9 de travail et grand confort d&#8217;utilisation. <\/p>\n<p>Avec un diam\u00e8tre de coupe jusqu&#8217;\u00e0 480 mm et un moteur EC efficace, elle offre un entretien productif des espaces verts. Elle est l\u00e9g\u00e8re, bien \u00e9quilibr\u00e9e et \u00e9quip\u00e9e d&#8217;une poign\u00e9e double r\u00e9glable sans outils et d&#8217;un contr\u00f4le de vitesse \u00e0 3 niveaux avec mode Eco. La structure robuste comprend un arbre moteur en acier, un tube de protection en aluminium et un filtre \u00e0 air m\u00e9tallique facile \u00e0 nettoyer. L&#8217;appareil est compatible avec le STIHL Smart Connector 2 A.   <\/p>\n<p>En plus du BrushCut 300-3 fourni de s\u00e9rie, elle peut \u00eatre utilis\u00e9e avec diff\u00e9rents outils de coupe optionnels, comme les t\u00eates AutoCut 46-2 et PolyCut 48-2. La FSA 250 dispose d&#8217;une protection anti-\u00e9claboussures certifi\u00e9e IPX4, adapt\u00e9e \u00e0 l&#8217;usage professionnel m\u00eame dans des conditions m\u00e9t\u00e9orologiques difficiles. <\/p>\n<p>&nbsp;<\/p>\n<p>&nbsp;<\/p>\n<table data-test-id=\"pdp-spec-tech-table\">\n<tbody>\n<tr>\n<td>Tension nominale<\/td>\n<td>36 V<\/td>\n<\/tr>\n<tr>\n<td>Tension max<\/td>\n<td>40 V<\/td>\n<\/tr>\n<tr>\n<td>Puissance absorb\u00e9e<\/td>\n<td>2 kW<\/td>\n<\/tr>\n<tr>\n<td>Puissance<\/td>\n<td>1,60 kW<\/td>\n<\/tr>\n<tr>\n<td>Syst\u00e8me \u00e0 batterie<\/td>\n<td>AP<\/td>\n<\/tr>\n<tr>\n<td>Batterie recommand\u00e9e<\/td>\n<td>AP 500 S<\/td>\n<\/tr>\n<tr>\n<td>Poids sans batterie<\/td>\n<td>5,6 kg<\/td>\n<\/tr>\n<tr>\n<td>Diam\u00e8tre de coupe<\/td>\n<td>480 mm<\/td>\n<\/tr>\n<tr>\n<td>Autonomie maximale avec batterie AP 200 et lame plastique<\/td>\n<td>36 min<\/td>\n<\/tr>\n<tr>\n<td>Autonomie minimale avec batterie AP 200 S et t\u00eate faucheuse \u00e0 fil<\/td>\n<td>10 min<\/td>\n<\/tr>\n<tr>\n<td>Autonomie maximale avec batterie AP 200 S et t\u00eate faucheuse \u00e0 fil<\/td>\n<td>17 min<\/td>\n<\/tr>\n<tr>\n<td>Autonomie minimale avec batterie AP 200 S et outil m\u00e9tallique<\/td>\n<td>14 min<\/td>\n<\/tr>\n<tr>\n<td>Autonomie maximale avec batterie AP 200 S et outil m\u00e9tallique<\/td>\n<td>30 min<\/td>\n<\/tr>\n<tr>\n<td>Autonomie minimale avec batterie AP 300 et t\u00eate faucheuse \u00e0 fil<\/td>\n<td>12 min<\/td>\n<\/tr>\n<tr>\n<td>Autonomie maximale avec batterie AP 300 et t\u00eate faucheuse \u00e0 fil<\/td>\n<td>22 min<\/td>\n<\/tr>\n<tr>\n<td>Autonomie minimale avec batterie AP 300 et lame plastique<\/td>\n<td>20 min<\/td>\n<\/tr>\n<tr>\n<td>Autonomie maximale avec batterie AP 300 et lame plastique<\/td>\n<td>45 min<\/td>\n<\/tr>\n<tr>\n<td>Autonomie minimale avec batterie AP 300 et outil m\u00e9tallique<\/td>\n<td>17 min<\/td>\n<\/tr>\n<tr>\n<td>Autonomie maximale avec batterie AP 300 et outil m\u00e9tallique<\/td>\n<td>38 min<\/td>\n<\/tr>\n<tr>\n<td>Autonomie minimale avec batterie AP 300 S et t\u00eate faucheuse \u00e0 fil<\/td>\n<td>15 min<\/td>\n<\/tr>\n<tr>\n<td>Autonomie maximale avec batterie AP 300 S et t\u00eate faucheuse \u00e0 fil<\/td>\n<td>27 min<\/td>\n<\/tr>\n<tr>\n<td>Autonomie minimale avec batterie AP 300 S et lame plastique<\/td>\n<td>26 min<\/td>\n<\/tr>\n<tr>\n<td>Autonomie maximale avec batterie AP 300 S et lame plastique<\/td>\n<td>55 min<\/td>\n<\/tr>\n<tr>\n<td>Autonomie minimale avec batterie AP 300 S et outil m\u00e9tallique<\/td>\n<td>21 min<\/td>\n<\/tr>\n<tr>\n<td>Autonomie maximale avec batterie AP 300 S et outil m\u00e9tallique<\/td>\n<td>47 min<\/td>\n<\/tr>\n<tr>\n<td>Autonomie minimale avec batterie AP 500 S et t\u00eate faucheuse \u00e0 fil<\/td>\n<td>18 min<\/td>\n<\/tr>\n<tr>\n<td>Autonomie maximale avec batterie AP 500 S et t\u00eate faucheuse \u00e0 fil<\/td>\n<td>32 min<\/td>\n<\/tr>\n<tr>\n<td>Autonomie minimale avec batterie AP 500 S et lame plastique<\/td>\n<td>30 min<\/td>\n<\/tr>\n<tr>\n<td>Autonomie maximale avec batterie AP 500 S et lame plastique<\/td>\n<td>65 min<\/td>\n<\/tr>\n<tr>\n<td>Autonomie minimale avec batterie AP 500 S et outil m\u00e9tallique<\/td>\n<td>25 min<\/td>\n<\/tr>\n<tr>\n<td>Autonomie maximale avec batterie AP 500 S et outil m\u00e9tallique<\/td>\n<td>55 min<\/td>\n<\/tr>\n<tr>\n<td>Autonomie minimale avec batterie AR 2000 L et t\u00eate faucheuse \u00e0 fil<\/td>\n<td>85 min<\/td>\n<\/tr>\n<tr>\n<td>Autonomie maximale avec batterie AR 2000 L et t\u00eate faucheuse \u00e0 fil<\/td>\n<td>150 min<\/td>\n<\/tr>\n<tr>\n<td>Autonomie maximale avec batterie AR 2000 L et lame plastique<\/td>\n<td>210 min<\/td>\n<\/tr>\n<tr>\n<td>Autonomie minimale avec batterie AR 2000 L et outil m\u00e9tallique<\/td>\n<td>80 min<\/td>\n<\/tr>\n<tr>\n<td>Autonomie maximale avec batterie AR 2000 L et outil m\u00e9tallique<\/td>\n<td>170 min<\/td>\n<\/tr>\n<tr>\n<td>Autonomie minimale avec batterie AR 3000 L et t\u00eate faucheuse \u00e0 fil<\/td>\n<td>85 min<\/td>\n<\/tr>\n<tr>\n<td>Autonomie maximale avec batterie AR 3000 L et t\u00eate faucheuse \u00e0 fil<\/td>\n<td>150 min<\/td>\n<\/tr>\n<tr>\n<td>Autonomie maximale avec batterie AR 3000 L et lame plastique<\/td>\n<td>300 min<\/td>\n<\/tr>\n<tr>\n<td>Autonomie minimale avec batterie AR 3000 L et outil m\u00e9tallique<\/td>\n<td>120 min<\/td>\n<\/tr>\n<tr>\n<td>Autonomie maximale avec batterie AR 3000 L et outil m\u00e9tallique<\/td>\n<td>250 min<\/td>\n<\/tr>\n<tr>\n<td>Longueur sans outil de coupe<\/td>\n<td>179 cm<\/td>\n<\/tr>\n<tr>\nNiveau <\/p>\n<td>de pression acoustique<\/td>\n<td>82 dB(A)<\/td>\n<\/tr>\n<tr>\n<td>Niveau de puissance acoustique<\/td>\n<td>94 dB(A)<\/td>\n<\/tr>\n<tr>\n<td>Valeur de vibration gauche avec main droite<\/td>\n<td>3,3 m\/s\u00b2<\/td>\n<\/tr>\n<tr>\n<td>Valeur de vibration gauche avec main droite<\/td>\n<td>4 m\/s\u00b2<\/td>\n<\/tr>\n<tr>\n<td>Valeur de vibration droite avec main droite<\/td>\n<td>3,2 m\/s\u00b2<\/td>\n<\/tr>\n<tr>\n<td>Valeur de vibration droite avec main droite<\/td>\n<td>2,7 m\/s\u00b2<\/td>\n<\/tr>\n<\/tbody>\n<\/table>\n","protected":false},"excerpt":{"rendered":"<p>D\u00e9broussailleuse \u00e0 batterie FSA 250 : puissante pour les travaux professionnels d&#8217;entretien paysager. La puissante d\u00e9broussailleuse \u00e0 batterie STIHL FSA<\/p>\n","protected":false},"featured_media":701876,"template":"","meta":{"_seopress_robots_primary_cat":"","_seopress_titles_title":"","_seopress_titles_desc":"","_seopress_robots_index":""},"product_brand":[3555],"product_cat":[167,1586,1601],"product_tag":[],"class_list":{"0":"post-701907","1":"product","2":"type-product","3":"status-publish","4":"has-post-thumbnail","6":"product_brand-stihl-fr","7":"product_cat-machines","8":"product_cat-debroussailleuses-et-coupe-bordures","9":"product_cat-debroussailleuses-et-coupe-herbes-a-batterie","10":"sws-gruppo-macchinari-fr","11":"sws-conto-ricavi-merci-rivendita-macchinari-fr","12":"sws-gruppo-iva-iva81-fr","14":"first","15":"instock","16":"shipping-taxable","17":"purchasable","18":"product-type-simple"},"_links":{"self":[{"href":"https:\/\/lucacastelli.com\/fr\/wp-json\/wp\/v2\/product\/701907","targetHints":{"allow":["GET"]}}],"collection":[{"href":"https:\/\/lucacastelli.com\/fr\/wp-json\/wp\/v2\/product"}],"about":[{"href":"https:\/\/lucacastelli.com\/fr\/wp-json\/wp\/v2\/types\/product"}],"wp:featuredmedia":[{"embeddable":true,"href":"https:\/\/lucacastelli.com\/fr\/wp-json\/wp\/v2\/media\/701876"}],"wp:attachment":[{"href":"https:\/\/lucacastelli.com\/fr\/wp-json\/wp\/v2\/media?parent=701907"}],"wp:term":[{"taxonomy":"product_brand","embeddable":true,"href":"https:\/\/lucacastelli.com\/fr\/wp-json\/wp\/v2\/product_brand?post=701907"},{"taxonomy":"product_cat","embeddable":true,"href":"https:\/\/lucacastelli.com\/fr\/wp-json\/wp\/v2\/product_cat?post=701907"},{"taxonomy":"product_tag","embeddable":true,"href":"https:\/\/lucacastelli.com\/fr\/wp-json\/wp\/v2\/product_tag?post=701907"}],"curies":[{"name":"wp","href":"https:\/\/api.w.org\/{rel}","templated":true}]}}