{"id":701877,"date":"2026-01-28T15:30:46","date_gmt":"2026-01-28T14:30:46","guid":{"rendered":"https:\/\/lucacastelli.com\/prodotto\/stihl-hta-30-set-avec-2-batteries-as-2-et-chargeur-als-31-perche-elagueuse\/"},"modified":"2026-01-28T15:30:46","modified_gmt":"2026-01-28T14:30:46","slug":"stihl-hta-30-set-avec-2-batteries-as-2-et-chargeur-als-31-perche-elagueuse","status":"publish","type":"product","link":"https:\/\/lucacastelli.com\/fr\/produit\/stihl-hta-30-set-avec-2-batteries-as-2-et-chargeur-als-31-perche-elagueuse\/","title":{"rendered":"STIHL HTA 30 set avec 2 batteries AS 2 et chargeur ALS 31 perche \u00e9lagueuse"},"content":{"rendered":"<p>Perche \u00e9lagueuse \u00e0 batterie HTA 30 en set avec 2 batteries AS 2 et chargeur ALS 31 : avec manche t\u00e9lescopique et tension automatique de la cha\u00eene \u2013 pour un entretien efficace et pratique des arbres sur terrains priv\u00e9s<br \/>\n. Si vous ne poss\u00e9dez pas encore de batterie du syst\u00e8me STIHL AS et un chargeur, il est avantageux d&#8217;acheter la perche \u00e9lagueuse \u00e0 batterie HTA 30 en set avec 2 batteries lithium-ion STIHL AS 2 et le chargeur STIHL ALS 31.<\/p>\n<p>La perche \u00e9lagueuse \u00e0 batterie STIHL HTA 30, au design ergonomique et intuitif, permet aux particuliers ambitieux de travailler efficacement et confortablement dans l&#8217;entretien des terrains, jardins et arbres. Gr\u00e2ce au manche t\u00e9lescopique rigide r\u00e9glable sans outil et \u00e0 la tension automatique de la cha\u00eene avec m\u00e9canisme \u00e0 ressort int\u00e9gr\u00e9, le STIHL HTA 30 offre un support efficace pour l&#8217;\u00e9lagage des branches hautes, l&#8217;entretien des arbres et l&#8217;\u00e9limination du bois mort. La tension de la cha\u00eene peut \u00eatre ajust\u00e9e de mani\u00e8re optimale d&#8217;un seul geste, simplement en ouvrant et fermant le couvercle du pignon : rapidement et intuitivement, pour des interruptions minimales pendant le travail. Le levier de tension int\u00e9gr\u00e9 dans le crochet pour branches assure la bonne pr\u00e9contrainte de la cha\u00eene et facilite le montage rapide et sans outil du groupe de coupe apr\u00e8s le nettoyage ou le remplacement de la cha\u00eene. Le levier de tension et toutes les autres commandes du HTA 30 sont facilement actionnables m\u00eame avec des gants de travail.    <\/p>\n<p>Le moteur \u00e9lectrique est silencieux et \u00e0 faibles vibrations, permettant d&#8217;effectuer les travaux d&#8217;entretien sans protection auditive et m\u00eame dans les zones sensibles au bruit. La t\u00eate de coupe particuli\u00e8rement compacte et fine offre une bonne visibilit\u00e9 du guide-cha\u00eene pendant la coupe et une grande agilit\u00e9 dans les man\u0153uvres en espaces restreints dans les arbres. Pour une coupe nette et une progression rapide du travail, le HTA 30 est \u00e9quip\u00e9 d&#8217;une cha\u00eene STIHL 1\/4&#8243;-PM3 et d&#8217;un guide-cha\u00eene STIHL Light 01. Il est ainsi possible de couper proprement et confortablement des branches d&#8217;un diam\u00e8tre jusqu&#8217;\u00e0 17 cm.   <\/p>\n<p>L&#8217;utilisation du STIHL HTA 30 est simple et s&#8217;effectue via la poign\u00e9e avec \u00e9l\u00e9ments softgrip et d\u00e9verrouillage ergonomique. Pour garantir un travail confortable, le manche est dot\u00e9 d&#8217;une poign\u00e9e caoutchout\u00e9e permettant de le saisir rapidement et de mani\u00e8re flexible sur toute sa longueur, selon la hauteur de travail. Gr\u00e2ce au d\u00e9verrouillage des deux c\u00f4t\u00e9s, au design ergonomique de la poign\u00e9e et au poids total tr\u00e8s l\u00e9ger de 3,6 kg, travailler avec le HTA 30 est tr\u00e8s flexible, efficace et ne n\u00e9cessite pas d&#8217;efforts importants. Une autre caract\u00e9ristique du STIHL HTA 30 est le robuste support int\u00e9gr\u00e9 dans le bo\u00eetier, qui prot\u00e8ge l&#8217;outil de la salet\u00e9 et de l&#8217;humidit\u00e9. De plus, le HTA 30 est \u00e9quip\u00e9 d&#8217;un \u0153illet d&#8217;accrochage auquel une bandouli\u00e8re simple optionnelle peut \u00eatre fix\u00e9e et d&#8217;un \u0153illet de suspension pour le ranger facilement au mur.    <\/p>\n<p>Le manche t\u00e9lescopique r\u00e9glable en continu du STIHL HTA 30 peut \u00eatre \u00e9tendu jusqu&#8217;\u00e0 une longueur de 280 cm, la longueur totale de l&#8217;outil varie de 190 cm \u00e0 280 cm. Le HTA 30 convient pour des hauteurs de travail jusqu&#8217;\u00e0 4,5 m avec le manche t\u00e9lescopique d\u00e9ploy\u00e9 et peut \u00eatre transport\u00e9 plus facilement en position raccourcie. Avec un maximum de 140 coupes avec 28 minutes d&#8217;autonomie pour chaque charge de la batterie AS 2 (mesur\u00e9e sur des poutres de bois de 5 x 5 cm, \u00e9pic\u00e9a sec), le HTA 30 offre des performances suffisantes pour la plupart des travaux d&#8217;entretien.  <\/p>\n<p>Dans notre aper\u00e7u des temps de fonctionnement et de recharge des batteries STIHL, vous pouvez voir combien de temps vous pouvez travailler avec votre perche \u00e9lagueuse \u00e0 batterie STIHL HTA 30 et combien de temps il faut pour recharger les batteries utilis\u00e9es.<\/p>\n<p>&nbsp;<\/p>\n<table data-test-id=\"pdp-spec-tech-table\">\n<tbody>\n<tr>\n<td>Tension nominale<\/td>\n<td>22 V<\/td>\n<\/tr>\n<tr>\n<td>Puissance absorb\u00e9e<\/td>\n<td>0,45 kW<\/td>\n<\/tr>\n<tr>\n<td>Puissance<\/td>\n<td>0,30 kW <sup>1)<\/sup><\/td>\n<\/tr>\n<tr>\n<td>Syst\u00e8me de batterie<\/td>\n<td>AS<\/td>\n<\/tr>\n<tr>\n<td>Batterie recommand\u00e9e<\/td>\n<td>AS 2<\/td>\n<\/tr>\n<tr>\n<td>Poids sans batterie<\/td>\n<td>3 kg <sup>2)<\/sup><\/td>\n<\/tr>\n<tr>\n<td>Longueur du guide-cha\u00eene<\/td>\n<td>20 cm <sup>3)<\/sup><\/td>\n<\/tr>\n<tr>\n<td>Largeur de rainure<\/td>\n<td>1,10 mm<\/td>\n<\/tr>\n<tr>\n<td>Pas de cha\u00eene<\/td>\n<td>1\/4&#8243;P<\/td>\n<\/tr>\n<tr>\n<td>Indice de protection IP<\/td>\n<td>IPX0<\/td>\n<\/tr>\n<tr>\n<td>Max. Dur\u00e9e de vie AS 2 <\/td>\n<td>28 min <sup>4)<\/sup><\/td>\n<\/tr>\n<tr>\n<td>Nombre max. de coupes par charge de batterie AS 2 <\/td>\n<td>140<\/td>\n<\/tr>\n<tr>\n<td>Longueur min. de l&#8217;appareil avec outil <\/td>\n<td>190 cm<\/td>\n<\/tr>\n<tr>\n<td>Longueur max. de l&#8217;appareil avec outil <\/td>\n<td>280 cm<\/td>\n<\/tr>\n<tr>\n<td>Niveau de pression acoustique<\/td>\n<td>80 dB(A) <sup>5)<\/sup><\/td>\n<\/tr>\n<tr>\n<td>Niveau de puissance acoustique<\/td>\n<td>91 dB(A) <sup>5)<\/sup><\/td>\n<\/tr>\n<tr>\n<td>Valeur de vibration gauche<\/td>\n<td>0,6 m\/s\u00b2 <sup>6)<\/sup><\/td>\n<\/tr>\n<tr>\n<td>Valeur de vibration droite<\/td>\n<td>0,5 m\/s\u00b2 <sup>6)<\/sup><\/td>\n<\/tr>\n<\/tbody>\n<\/table>\n","protected":false},"excerpt":{"rendered":"<p>Perche \u00e9lagueuse \u00e0 batterie HTA 30 en set avec 2 batteries AS 2 et chargeur ALS 31 : avec manche<\/p>\n","protected":false},"featured_media":701051,"template":"","meta":{"_seopress_robots_primary_cat":"none","_seopress_titles_title":"","_seopress_titles_desc":"","_seopress_robots_index":""},"product_brand":[3555],"product_cat":[167,1690,1626,1604,1606],"product_tag":[],"class_list":{"0":"post-701877","1":"product","2":"type-product","3":"status-publish","4":"has-post-thumbnail","6":"product_brand-stihl-fr","7":"product_cat-machines","8":"product_cat-taille-haies-et-elagueurs","9":"product_cat-taille-haies-et-elagueurs-a-batterie","10":"product_cat-tronconneuses","11":"product_cat-tronconneuses-a-batterie","12":"sws-gruppo-macchinari-fr","13":"sws-conto-ricavi-merci-rivendita-macchinari-fr","14":"sws-gruppo-iva-iva81-fr","16":"first","17":"instock","18":"shipping-taxable","19":"purchasable","20":"product-type-simple"},"_links":{"self":[{"href":"https:\/\/lucacastelli.com\/fr\/wp-json\/wp\/v2\/product\/701877","targetHints":{"allow":["GET"]}}],"collection":[{"href":"https:\/\/lucacastelli.com\/fr\/wp-json\/wp\/v2\/product"}],"about":[{"href":"https:\/\/lucacastelli.com\/fr\/wp-json\/wp\/v2\/types\/product"}],"wp:featuredmedia":[{"embeddable":true,"href":"https:\/\/lucacastelli.com\/fr\/wp-json\/wp\/v2\/media\/701051"}],"wp:attachment":[{"href":"https:\/\/lucacastelli.com\/fr\/wp-json\/wp\/v2\/media?parent=701877"}],"wp:term":[{"taxonomy":"product_brand","embeddable":true,"href":"https:\/\/lucacastelli.com\/fr\/wp-json\/wp\/v2\/product_brand?post=701877"},{"taxonomy":"product_cat","embeddable":true,"href":"https:\/\/lucacastelli.com\/fr\/wp-json\/wp\/v2\/product_cat?post=701877"},{"taxonomy":"product_tag","embeddable":true,"href":"https:\/\/lucacastelli.com\/fr\/wp-json\/wp\/v2\/product_tag?post=701877"}],"curies":[{"name":"wp","href":"https:\/\/api.w.org\/{rel}","templated":true}]}}