{"id":701812,"date":"2026-01-29T07:35:22","date_gmt":"2026-01-29T06:35:22","guid":{"rendered":"https:\/\/lucacastelli.com\/?post_type=product&#038;p=701812"},"modified":"2026-01-29T07:45:45","modified_gmt":"2026-01-29T06:45:45","slug":"stihl-asa-20-sans-batterie-ni-chargeur-copia-copia","status":"publish","type":"product","link":"https:\/\/lucacastelli.com\/fr\/produit\/stihl-asa-20-sans-batterie-ni-chargeur-copia-copia\/","title":{"rendered":"STIHL ASA 140 &#8211; Syst\u00e8me AP &#8211; s\u00e9cateur \u00e0 batterie"},"content":{"rendered":"<p>S\u00e9cateur \u00e0 batterie ASA 140 : pour les professionnels qui souhaitent effectuer la taille dans les vergers, plantations, jardinage et entretien des arbres de mani\u00e8re plus efficace et confortable<br \/>\nLe STIHL ASA 140 facilite le travail par rapport aux s\u00e9cateurs traditionnels, permettant de tailler les arbres fruitiers et autres esp\u00e8ces rapidement et avec moins d&#8217;effort. Aliment\u00e9 par une batterie du syst\u00e8me STIHL AP, il assure un travail confortable et puissant gr\u00e2ce au moteur EC n\u00e9cessitant peu d&#8217;entretien. Les lames restent aff\u00fbt\u00e9es longtemps, garantissant des coupes nettes et pr\u00e9cises qui r\u00e9duisent le risque d&#8217;infections et favorisent la croissance saine des plantes.  <\/p>\n<p>Le design ergonomique avec poign\u00e9e Softgrip et la coupe progressive permettent de couper des branches jusqu&#8217;\u00e0 45 mm de diam\u00e8tre avec facilit\u00e9. L&#8217;ASA 140 offre deux ouvertures de coupe r\u00e9glables pour s&#8217;adapter \u00e0 diff\u00e9rents besoins. L&#8217;\u00e9cran OLED indique la charge restante, l&#8217;ouverture des lames, le nombre de coupes et les besoins d&#8217;entretien.  <\/p>\n<p>Inclus : ASA 140, syst\u00e8me de transport avec \u00e9tui, sacoche batterie avec c\u00e2ble, guide-c\u00e2ble ADVANCE X-Flex, pierre d&#8217;aff\u00fbtage, outils d&#8217;entretien et mallette robuste avec insert amovible et filet.<\/p>\n<p>Tous les outils \u00e0 batterie du syst\u00e8me STIHL AP sont con\u00e7us pour un usage professionnel m\u00eame dans des conditions m\u00e9t\u00e9orologiques difficiles et certifi\u00e9s IPX4 contre les projections d&#8217;eau.<\/p>\n<p>&nbsp;<\/p>\n<table data-test-id=\"pdp-spec-tech-table\">\n<tbody>\n<tr>\n<td>Tension nominale<\/td>\n<td>36 V<\/td>\n<\/tr>\n<tr>\n<td>Tension max<\/td>\n<td>40 V<\/td>\n<\/tr>\n<tr>\n<td>Puissance absorb\u00e9e<\/td>\n<td>1,44 kW<\/td>\n<\/tr>\n<tr>\n<td>Syst\u00e8me \u00e0 batterie<\/td>\n<td>AP<\/td>\n<\/tr>\n<tr>\n<td>Poids de l&#8217;appareil sans batterie<\/td>\n<td>1,1 kg<\/td>\n<\/tr>\n<tr>\n<td>Largeur maximale d&#8217;ouverture de la lame<\/td>\n<td>45 mm<\/td>\n<\/tr>\n<tr>\n<td>\u00c9paisseur de coupe maximale ASA<\/td>\n<td>45 mm<\/td>\n<\/tr>\n<tr>\n<td>Longueur c\u00e2ble de connexion<\/td>\n<td>1,5 m<\/td>\n<\/tr>\n<tr>\n<td>Niveau de pression acoustique<\/td>\n<td>70 dB(A)<\/td>\n<\/tr>\n<\/tbody>\n<\/table>\n","protected":false},"excerpt":{"rendered":"<p>S\u00e9cateur \u00e0 batterie ASA 140 : pour les professionnels qui souhaitent effectuer la taille dans les vergers, plantations, jardinage et<\/p>\n","protected":false},"featured_media":701827,"template":"","meta":{"_seopress_robots_primary_cat":"none","_seopress_titles_title":"","_seopress_titles_desc":"","_seopress_robots_index":""},"product_brand":[3555],"product_cat":[167],"product_tag":[3267],"class_list":{"0":"post-701812","1":"product","2":"type-product","3":"status-publish","4":"has-post-thumbnail","6":"product_brand-stihl-fr","7":"product_cat-machines","8":"product_tag-import-stihl-fr","9":"sws-gruppo-macchinari-fr","10":"sws-conto-ricavi-merci-rivendita-macchinari-fr","11":"sws-gruppo-iva-iva81-fr","13":"first","14":"onbackorder","15":"purchasable","16":"product-type-simple"},"_links":{"self":[{"href":"https:\/\/lucacastelli.com\/fr\/wp-json\/wp\/v2\/product\/701812","targetHints":{"allow":["GET"]}}],"collection":[{"href":"https:\/\/lucacastelli.com\/fr\/wp-json\/wp\/v2\/product"}],"about":[{"href":"https:\/\/lucacastelli.com\/fr\/wp-json\/wp\/v2\/types\/product"}],"wp:featuredmedia":[{"embeddable":true,"href":"https:\/\/lucacastelli.com\/fr\/wp-json\/wp\/v2\/media\/701827"}],"wp:attachment":[{"href":"https:\/\/lucacastelli.com\/fr\/wp-json\/wp\/v2\/media?parent=701812"}],"wp:term":[{"taxonomy":"product_brand","embeddable":true,"href":"https:\/\/lucacastelli.com\/fr\/wp-json\/wp\/v2\/product_brand?post=701812"},{"taxonomy":"product_cat","embeddable":true,"href":"https:\/\/lucacastelli.com\/fr\/wp-json\/wp\/v2\/product_cat?post=701812"},{"taxonomy":"product_tag","embeddable":true,"href":"https:\/\/lucacastelli.com\/fr\/wp-json\/wp\/v2\/product_tag?post=701812"}],"curies":[{"name":"wp","href":"https:\/\/api.w.org\/{rel}","templated":true}]}}