{"id":701779,"date":"2026-01-29T07:28:06","date_gmt":"2026-01-29T06:28:06","guid":{"rendered":"https:\/\/lucacastelli.com\/?post_type=product&#038;p=701779"},"modified":"2026-03-31T22:52:58","modified_gmt":"2026-03-31T20:52:58","slug":"stihl-asa-20-sans-batterie-ni-chargeur-copia","status":"publish","type":"product","link":"https:\/\/lucacastelli.com\/fr\/produit\/stihl-asa-20-sans-batterie-ni-chargeur-copia\/","title":{"rendered":"STIHL ASA 130 &#8211; Syst\u00e8me AP &#8211; s\u00e9cateur \u00e0 batterie"},"content":{"rendered":"<p>S\u00e9cateur \u00e0 batterie ASA 130 : coupe professionnelle plus confortable et moins fatigante en viticulture, jardinage et am\u00e9nagement paysager<br \/>\nLe STIHL ASA 130 simplifie le travail des professionnels par rapport aux s\u00e9cateurs traditionnels, rendant ais\u00e9e la taille des vignes, arbustes et plantes ornementales. Aliment\u00e9 par une batterie du syst\u00e8me STIHL AP, il garantit un travail confortable et puissant gr\u00e2ce au moteur EC \u00e0 faible maintenance. Les lames restent aff\u00fbt\u00e9es longtemps et offrent des coupes nettes et pr\u00e9cises, r\u00e9duisant le risque d&#8217;infections et favorisant la croissance saine des plantes.  <\/p>\n<p>Le design ergonomique avec poign\u00e9e Softgrip et la coupe progressive permettent de couper des branches jusqu&#8217;\u00e0 35 mm de diam\u00e8tre avec facilit\u00e9. L&#8217;ASA 130 offre deux ouvertures de coupe r\u00e9glables pour s&#8217;adapter au type de travail. L&#8217;\u00e9cran OLED affiche la charge restante, l&#8217;ouverture des lames, le nombre de coupes et la maintenance n\u00e9cessaire.  <\/p>\n<p>Inclus dans la livraison : ASA 130, syst\u00e8me de transport avec \u00e9tui, sacoche batterie avec c\u00e2ble de connexion, guide-c\u00e2ble ADVANCE X-Flex, pierre d&#8217;aff\u00fbtage, outils de maintenance et mallette robuste avec insert amovible et filet.<\/p>\n<p>Tous les outils \u00e0 batterie du syst\u00e8me STIHL AP sont con\u00e7us pour un usage professionnel m\u00eame dans des conditions m\u00e9t\u00e9o difficiles et sont certifi\u00e9s IPX4 contre les projections d&#8217;eau.<\/p>\n<table data-test-id=\"pdp-spec-tech-table\">\n<tbody>\n<tr>\n<td>Tension nominale<\/td>\n<td>36 V<\/td>\n<\/tr>\n<tr>\n<td>Tension max<\/td>\n<td>40 V<\/td>\n<\/tr>\n<tr>\n<td>Puissance absorb\u00e9e<\/td>\n<td>1,08 kW<\/td>\n<\/tr>\n<tr>\n<td>Syst\u00e8me \u00e0 batterie<\/td>\n<td>AP<\/td>\n<\/tr>\n<tr>\n<td>Poids de l&#8217;appareil sans batterie<\/td>\n<td>0,9 kg<\/td>\n<\/tr>\n<tr>\n<td>Largeur maximale d&#8217;ouverture de la lame<\/td>\n<td>35 mm<\/td>\n<\/tr>\n<tr>\n<td>\u00c9paisseur de coupe maximale ASA<\/td>\n<td>35 mm<\/td>\n<\/tr>\n<tr>\n<td>Longueur c\u00e2ble de connexion<\/td>\n<td>1,5 m<\/td>\n<\/tr>\n<tr>\n<td>Niveau de pression acoustique<\/td>\n<td>70 dB(A)<\/td>\n<\/tr>\n<\/tbody>\n<\/table>\n","protected":false},"excerpt":{"rendered":"<p>S\u00e9cateur \u00e0 batterie ASA 130 : coupe professionnelle plus confortable et moins fatigante en viticulture, jardinage et am\u00e9nagement paysager Le<\/p>\n","protected":false},"featured_media":701789,"template":"","meta":{"_seopress_robots_primary_cat":"none","_seopress_titles_title":"","_seopress_titles_desc":"","_seopress_robots_index":""},"product_brand":[3555],"product_cat":[167],"product_tag":[3267],"class_list":{"0":"post-701779","1":"product","2":"type-product","3":"status-publish","4":"has-post-thumbnail","6":"product_brand-stihl-fr","7":"product_cat-machines","8":"product_tag-import-stihl-fr","9":"sws-gruppo-macchinari-fr","10":"sws-conto-ricavi-merci-rivendita-macchinari-fr","11":"sws-gruppo-iva-iva81-fr","13":"first","14":"onbackorder","15":"purchasable","16":"product-type-simple"},"_links":{"self":[{"href":"https:\/\/lucacastelli.com\/fr\/wp-json\/wp\/v2\/product\/701779","targetHints":{"allow":["GET"]}}],"collection":[{"href":"https:\/\/lucacastelli.com\/fr\/wp-json\/wp\/v2\/product"}],"about":[{"href":"https:\/\/lucacastelli.com\/fr\/wp-json\/wp\/v2\/types\/product"}],"wp:featuredmedia":[{"embeddable":true,"href":"https:\/\/lucacastelli.com\/fr\/wp-json\/wp\/v2\/media\/701789"}],"wp:attachment":[{"href":"https:\/\/lucacastelli.com\/fr\/wp-json\/wp\/v2\/media?parent=701779"}],"wp:term":[{"taxonomy":"product_brand","embeddable":true,"href":"https:\/\/lucacastelli.com\/fr\/wp-json\/wp\/v2\/product_brand?post=701779"},{"taxonomy":"product_cat","embeddable":true,"href":"https:\/\/lucacastelli.com\/fr\/wp-json\/wp\/v2\/product_cat?post=701779"},{"taxonomy":"product_tag","embeddable":true,"href":"https:\/\/lucacastelli.com\/fr\/wp-json\/wp\/v2\/product_tag?post=701779"}],"curies":[{"name":"wp","href":"https:\/\/api.w.org\/{rel}","templated":true}]}}