{"id":701092,"date":"2026-01-28T16:02:40","date_gmt":"2026-01-28T15:02:40","guid":{"rendered":"https:\/\/lucacastelli.com\/?post_type=product&#038;p=701092"},"modified":"2026-01-29T07:45:29","modified_gmt":"2026-01-29T06:45:29","slug":"stihl-pied-dappui-copia","status":"publish","type":"product","link":"https:\/\/lucacastelli.com\/fr\/produit\/stihl-pied-dappui-copia\/","title":{"rendered":"STIHL Pied d\u2019appui"},"content":{"rendered":"<p>Support HTA 50 et HLA 56 : prot\u00e8ge les batteries lors de l&#8217;utilisation de l&#8217;\u00e9lagueuse sur perche et du taille-haies<\/p>\n<p>Si vous \u00eates un utilisateur priv\u00e9 et que vous utilisez votre \u00e9lagueuse sur perche \u00e0 batterie STIHL HTA 50 ou votre taille-haies \u00e0 batterie STIHL HLA 56 pour l&#8217;entretien de votre jardin, le support STIHL HTA 50 et HLA 56 emp\u00eache le contact direct de la batterie avec le sol. Ainsi, le support prot\u00e8ge les batteries de vos outils STIHL contre l&#8217;humidit\u00e9 et la salet\u00e9 en cas de contact avec le sol. En m\u00eame temps, cet accessoire pratique pour l&#8217;\u00e9lagueuse sur perche et le taille-haies peut \u00eatre utilis\u00e9 comme poign\u00e9e suppl\u00e9mentaire pour augmenter temporairement la port\u00e9e des outils.  <\/p>\n","protected":false},"excerpt":{"rendered":"<p>Pied d\u2019appui<\/p>\n","protected":false},"featured_media":701100,"template":"","meta":{"_seopress_robots_primary_cat":"none","_seopress_titles_title":"","_seopress_titles_desc":"","_seopress_robots_index":""},"product_brand":[3555],"product_cat":[167,1690,1626],"product_tag":[3267],"class_list":{"0":"post-701092","1":"product","2":"type-product","3":"status-publish","4":"has-post-thumbnail","6":"product_brand-stihl-fr","7":"product_cat-machines","8":"product_cat-taille-haies-et-elagueurs","9":"product_cat-taille-haies-et-elagueurs-a-batterie","10":"product_tag-import-stihl-fr","11":"sws-gruppo-macchinari-fr","12":"sws-conto-ricavi-merci-rivendita-macchinari-fr","13":"sws-gruppo-iva-iva81-fr","15":"first","16":"onbackorder","17":"purchasable","18":"product-type-simple"},"_links":{"self":[{"href":"https:\/\/lucacastelli.com\/fr\/wp-json\/wp\/v2\/product\/701092","targetHints":{"allow":["GET"]}}],"collection":[{"href":"https:\/\/lucacastelli.com\/fr\/wp-json\/wp\/v2\/product"}],"about":[{"href":"https:\/\/lucacastelli.com\/fr\/wp-json\/wp\/v2\/types\/product"}],"wp:featuredmedia":[{"embeddable":true,"href":"https:\/\/lucacastelli.com\/fr\/wp-json\/wp\/v2\/media\/701100"}],"wp:attachment":[{"href":"https:\/\/lucacastelli.com\/fr\/wp-json\/wp\/v2\/media?parent=701092"}],"wp:term":[{"taxonomy":"product_brand","embeddable":true,"href":"https:\/\/lucacastelli.com\/fr\/wp-json\/wp\/v2\/product_brand?post=701092"},{"taxonomy":"product_cat","embeddable":true,"href":"https:\/\/lucacastelli.com\/fr\/wp-json\/wp\/v2\/product_cat?post=701092"},{"taxonomy":"product_tag","embeddable":true,"href":"https:\/\/lucacastelli.com\/fr\/wp-json\/wp\/v2\/product_tag?post=701092"}],"curies":[{"name":"wp","href":"https:\/\/api.w.org\/{rel}","templated":true}]}}