{"id":698895,"date":"2026-01-27T09:06:32","date_gmt":"2026-01-27T08:06:32","guid":{"rendered":"https:\/\/lucacastelli.com\/prodotto\/support-de-jambe-notch-talon-pour-scies-a-main\/"},"modified":"2026-01-27T09:06:32","modified_gmt":"2026-01-27T08:06:32","slug":"support-de-jambe-notch-talon-pour-scies-a-main","status":"publish","type":"product","link":"https:\/\/lucacastelli.com\/fr\/produit\/support-de-jambe-notch-talon-pour-scies-a-main\/","title":{"rendered":"Support de jambe Notch Talon pour scies \u00e0 main"},"content":{"rendered":"<p>Le support de jambe Talon de Notch est l&#8217;aide id\u00e9ale pour tous les arboristes qui aiment porter leur scie \u00e0 main sur la partie inf\u00e9rieure de la jambe. L&#8217;excellent rembourrage garantit un confort optimal et \u00e9vite les points de pression sur la jambe. Gr\u00e2ce \u00e0 sa fermeture velcro antid\u00e9rapante, le support de jambe reste fermement en place et ne risque pas de se d\u00e9tacher involontairement. Sa structure unique permet d&#8217;utiliser le support de jambe Talon avec presque toutes les scies \u00e0 main disponibles sur le march\u00e9. Le poids est de 200 g.    <\/p>\n<p>&nbsp;<\/p>\n<p>&nbsp;<\/p>\n","protected":false},"excerpt":{"rendered":"<p>Le support de jambe Talon de Notch est l&#8217;aide id\u00e9ale pour tous les arboristes qui aiment porter leur scie \u00e0<\/p>\n","protected":false},"featured_media":698840,"template":"","meta":{"_seopress_robots_primary_cat":"none","_seopress_titles_title":"","_seopress_titles_desc":"","_seopress_robots_index":""},"product_brand":[6744],"product_cat":[1496,144,1397],"product_tag":[],"class_list":{"0":"post-698895","1":"product","2":"type-product","3":"status-publish","4":"has-post-thumbnail","6":"product_brand-notch","7":"product_cat-autres-equipements-de-travail","8":"product_cat-equipement","9":"product_cat-equipement-de-travail","10":"sws-gruppo-abb-libero-fr","11":"sws-conto-ricavi-merci-rivendita-abbigliamento-fr","12":"sws-gruppo-iva-iva81-fr","14":"first","15":"instock","16":"shipping-taxable","17":"purchasable","18":"product-type-simple"},"_links":{"self":[{"href":"https:\/\/lucacastelli.com\/fr\/wp-json\/wp\/v2\/product\/698895","targetHints":{"allow":["GET"]}}],"collection":[{"href":"https:\/\/lucacastelli.com\/fr\/wp-json\/wp\/v2\/product"}],"about":[{"href":"https:\/\/lucacastelli.com\/fr\/wp-json\/wp\/v2\/types\/product"}],"wp:featuredmedia":[{"embeddable":true,"href":"https:\/\/lucacastelli.com\/fr\/wp-json\/wp\/v2\/media\/698840"}],"wp:attachment":[{"href":"https:\/\/lucacastelli.com\/fr\/wp-json\/wp\/v2\/media?parent=698895"}],"wp:term":[{"taxonomy":"product_brand","embeddable":true,"href":"https:\/\/lucacastelli.com\/fr\/wp-json\/wp\/v2\/product_brand?post=698895"},{"taxonomy":"product_cat","embeddable":true,"href":"https:\/\/lucacastelli.com\/fr\/wp-json\/wp\/v2\/product_cat?post=698895"},{"taxonomy":"product_tag","embeddable":true,"href":"https:\/\/lucacastelli.com\/fr\/wp-json\/wp\/v2\/product_tag?post=698895"}],"curies":[{"name":"wp","href":"https:\/\/api.w.org\/{rel}","templated":true}]}}