{"id":698863,"date":"2026-01-27T09:14:21","date_gmt":"2026-01-27T08:14:21","guid":{"rendered":"https:\/\/lucacastelli.com\/prodotto\/distel-crampons-americains-courts\/"},"modified":"2026-01-27T09:14:21","modified_gmt":"2026-01-27T08:14:21","slug":"distel-crampons-americains-courts","status":"publish","type":"product","link":"https:\/\/lucacastelli.com\/fr\/produit\/distel-crampons-americains-courts\/","title":{"rendered":"DISTEL crampons am\u00e9ricains courts"},"content":{"rendered":"<p>Le crampon d&#8217;escalade Distel America court est adapt\u00e9 aux arbres \u00e0 \u00e9corce fine. Il p\u00e9n\u00e8tre facilement dans le bois dur et sec. Comme tous les crampons Distel, ceux-ci sont pr\u00e9-aff\u00fbt\u00e9s et rev\u00eatus de PTFE. Cela garantit une friction r\u00e9duite et facilite l&#8217;extraction du crampon du tronc. De plus, le rev\u00eatement assure une bonne protection contre la corrosion. Prix par paire.     <\/p>\n<ul>\n<li>Longueur du dos 31 mm<\/li>\n<li>Longueur de la pointe 31 mm<\/li>\n<li>Hauteur de la pointe 30 mm<\/li>\n<li>Distance entre les vis 32 mm<\/li>\n<li>Poids max. \u00e9quipement inclus 150 kg <\/li>\n<\/ul>\n","protected":false},"excerpt":{"rendered":"<p>Le crampon d&#8217;escalade Distel America court est adapt\u00e9 aux arbres \u00e0 \u00e9corce fine. Il p\u00e9n\u00e8tre facilement dans le bois dur<\/p>\n","protected":false},"featured_media":698853,"template":"","meta":{"_seopress_robots_primary_cat":"none","_seopress_titles_title":"","_seopress_titles_desc":"","_seopress_robots_index":""},"product_brand":[3623],"product_cat":[144,1397,1496],"product_tag":[],"class_list":{"0":"post-698863","1":"product","2":"type-product","3":"status-publish","4":"has-post-thumbnail","6":"product_brand-distel-fr","7":"product_cat-equipement","8":"product_cat-equipement-de-travail","9":"product_cat-autres-equipements-de-travail","10":"sws-gruppo-abb-libero-fr","11":"sws-conto-ricavi-merci-rivendita-abbigliamento-fr","12":"sws-gruppo-iva-iva81-fr","14":"first","15":"instock","16":"shipping-taxable","17":"purchasable","18":"product-type-simple"},"_links":{"self":[{"href":"https:\/\/lucacastelli.com\/fr\/wp-json\/wp\/v2\/product\/698863","targetHints":{"allow":["GET"]}}],"collection":[{"href":"https:\/\/lucacastelli.com\/fr\/wp-json\/wp\/v2\/product"}],"about":[{"href":"https:\/\/lucacastelli.com\/fr\/wp-json\/wp\/v2\/types\/product"}],"wp:featuredmedia":[{"embeddable":true,"href":"https:\/\/lucacastelli.com\/fr\/wp-json\/wp\/v2\/media\/698853"}],"wp:attachment":[{"href":"https:\/\/lucacastelli.com\/fr\/wp-json\/wp\/v2\/media?parent=698863"}],"wp:term":[{"taxonomy":"product_brand","embeddable":true,"href":"https:\/\/lucacastelli.com\/fr\/wp-json\/wp\/v2\/product_brand?post=698863"},{"taxonomy":"product_cat","embeddable":true,"href":"https:\/\/lucacastelli.com\/fr\/wp-json\/wp\/v2\/product_cat?post=698863"},{"taxonomy":"product_tag","embeddable":true,"href":"https:\/\/lucacastelli.com\/fr\/wp-json\/wp\/v2\/product_tag?post=698863"}],"curies":[{"name":"wp","href":"https:\/\/api.w.org\/{rel}","templated":true}]}}