{"id":694177,"date":"2026-01-23T16:43:04","date_gmt":"2026-01-23T15:43:04","guid":{"rendered":"https:\/\/lucacastelli.com\/?post_type=product&#038;p=694177"},"modified":"2026-03-04T21:30:08","modified_gmt":"2026-03-04T20:30:08","slug":"etui-copia","status":"publish","type":"product","link":"https:\/\/lucacastelli.com\/fr\/produit\/etui-copia\/","title":{"rendered":"\u00c9tui pour STIHL GTA 30 et GTA 26"},"content":{"rendered":"<h2>\u00c9tui pour GTA 26 et GTA 30 : acc\u00e8s rapide pendant le travail<\/h2>\n<p>Cet \u00e9tui permet de porter l&#8217;\u00e9lagueur sur batterie STIHL GTA 26 ou STIHL GTA 30 \u00e0 la ceinture, gardant ainsi l&#8217;outil toujours \u00e0 port\u00e9e de main pendant le travail.<\/p>\n<p>L&#8217;\u00e9lagueur de jardin est maintenu par un \u00e9lastique qui peut \u00eatre accroch\u00e9 au bouton sup\u00e9rieur pendant le travail.<\/p>\n<p>Lorsque vous avez besoin des deux mains, l&#8217;\u00e9lagueur peut \u00eatre rang\u00e9 en toute s\u00e9curit\u00e9 dans l&#8217;\u00e9tui jusqu&#8217;\u00e0 la prochaine utilisation. L&#8217;\u00e9lastique maintient l&#8217;outil fermement en place pendant le mouvement et est facile \u00e0 manipuler, m\u00eame avec des gants. Des mat\u00e9riaux r\u00e9sistants \u00e0 l&#8217;usure, des joints rivet\u00e9s robustes et un insert en aluminium comme protection contre les coupures garantissent une insertion et un retrait faciles, ainsi qu&#8217;une longue dur\u00e9e de vie et une stabilit\u00e9 dimensionnelle. La largeur de la ceinture pour les jambes est r\u00e9glable pour un ajustement optimal.   <\/p>\n<p>Un point de fixation int\u00e9gr\u00e9 sur la partie avant permet de monter des composants du syst\u00e8me de transport modulaire, comme le porte-taille-haies Advance X-Flex. De plus, l&#8217;\u00e9tui est \u00e9quip\u00e9 d&#8217;un support pour une bouteille Multioil Bio de 50 ml, permettant d&#8217;avoir toujours l&#8217;huile de cha\u00eene \u00e0 port\u00e9e de main. Les trous oblongs en V dans la partie sup\u00e9rieure permettent de fixer l&#8217;\u00e9tui \u00e0 diff\u00e9rentes ceintures de travail pour un transport confortable.  <\/p>\n","protected":false},"excerpt":{"rendered":"<p>\u00c9tui<\/p>\n","protected":false},"featured_media":694190,"template":"","meta":{"_seopress_robots_primary_cat":"none","_seopress_titles_title":"","_seopress_titles_desc":"","_seopress_robots_index":""},"product_brand":[3555],"product_cat":[1605,167,1690,1604],"product_tag":[3267],"class_list":{"0":"post-694177","1":"product","2":"type-product","3":"status-publish","4":"has-post-thumbnail","6":"product_brand-stihl-fr","7":"product_cat-accessoires-et-consommables-fr-4","8":"product_cat-machines","9":"product_cat-taille-haies-et-elagueurs","10":"product_cat-tronconneuses","11":"product_tag-import-stihl-fr","12":"sws-gruppo-macchinari-fr","13":"sws-conto-ricavi-merci-rivendita-macchinari-fr","14":"sws-gruppo-iva-iva81-fr","16":"first","17":"onbackorder","18":"purchasable","19":"product-type-simple"},"_links":{"self":[{"href":"https:\/\/lucacastelli.com\/fr\/wp-json\/wp\/v2\/product\/694177","targetHints":{"allow":["GET"]}}],"collection":[{"href":"https:\/\/lucacastelli.com\/fr\/wp-json\/wp\/v2\/product"}],"about":[{"href":"https:\/\/lucacastelli.com\/fr\/wp-json\/wp\/v2\/types\/product"}],"wp:featuredmedia":[{"embeddable":true,"href":"https:\/\/lucacastelli.com\/fr\/wp-json\/wp\/v2\/media\/694190"}],"wp:attachment":[{"href":"https:\/\/lucacastelli.com\/fr\/wp-json\/wp\/v2\/media?parent=694177"}],"wp:term":[{"taxonomy":"product_brand","embeddable":true,"href":"https:\/\/lucacastelli.com\/fr\/wp-json\/wp\/v2\/product_brand?post=694177"},{"taxonomy":"product_cat","embeddable":true,"href":"https:\/\/lucacastelli.com\/fr\/wp-json\/wp\/v2\/product_cat?post=694177"},{"taxonomy":"product_tag","embeddable":true,"href":"https:\/\/lucacastelli.com\/fr\/wp-json\/wp\/v2\/product_tag?post=694177"}],"curies":[{"name":"wp","href":"https:\/\/api.w.org\/{rel}","templated":true}]}}