{"id":694070,"date":"2026-01-23T13:58:36","date_gmt":"2026-01-23T12:58:36","guid":{"rendered":"https:\/\/lucacastelli.com\/prodotto\/stihl-hla-40-systeme-as\/"},"modified":"2026-01-23T13:58:36","modified_gmt":"2026-01-23T12:58:36","slug":"stihl-hla-40-systeme-as","status":"publish","type":"product","link":"https:\/\/lucacastelli.com\/fr\/produit\/stihl-hla-40-systeme-as\/","title":{"rendered":"STIHL HLA 40 &#8211; Syst\u00e8me AS"},"content":{"rendered":"<h2 class=\"product-details__title\">Taille-haies \u00e0 batterie HLA 40 : Avec perche t\u00e9lescopique \u2013 id\u00e9al pour les haies et arbustes hauts dans les jardins priv\u00e9s.<\/h2>\n<div class=\"product-details__description richtexteditor\">\n<p>Le taille-haies \u00e0 batterie STIHL HLA 40, compact et l\u00e9ger, avec perche t\u00e9lescopique et lame r\u00e9glable, est id\u00e9al pour la taille de haies hautes, arbustes, buissons, couvre-sols et plantes ornementales dans les jardins priv\u00e9s. Fonctionne avec de puissantes batteries lithium-ion du syst\u00e8me STIHL AS. Le moteur silencieux permet l&#8217;utilisation sans protection auditive m\u00eame dans les zones sensibles au bruit.  <\/p>\n<p>La poign\u00e9e ergonomique avec surface Softgrip, la poign\u00e9e circulaire et la perche t\u00e9lescopique r\u00e9glable sans outils garantissent une maniabilit\u00e9 simple. La sangle incluse peut \u00eatre accroch\u00e9e ou d\u00e9croch\u00e9e rapidement pour un travail confortable et flexible. <\/p>\n<p>Les lames d\u00e9coup\u00e9es au laser, aff\u00fbt\u00e9es au diamant et tremp\u00e9es assurent de hautes performances de coupe. L&#8217;angle des lames est r\u00e9glable sans outils de \u201345\u00b0 \u00e0 +70\u00b0 pour les coupes sup\u00e9rieures et lat\u00e9rales. Une protection viss\u00e9e prot\u00e8ge les lames lors des travaux pr\u00e8s du sol.  <\/p>\n<p>La perche divisible r\u00e9duit la longueur totale de 260 cm \u00e0 115 cm pour un transport ais\u00e9 et un rangement peu encombrant. Longueur de coupe : 45 cm. <\/p>\n<\/div>\n<p>&nbsp;<\/p>\n<table data-test-id=\"pdp-spec-tech-table\">\n<tbody>\n<tr>\n<td>Tension nominale<\/td>\n<td>11 V<\/td>\n<\/tr>\n<tr>\n<td>Tension max<\/td>\n<td>12 V<\/td>\n<\/tr>\n<tr>\n<td>Puissance absorb\u00e9e<\/td>\n<td>0,30 kW<\/td>\n<\/tr>\n<tr>\n<td>Puissance<\/td>\n<td>0,17 kW<\/td>\n<\/tr>\n<tr>\n<td>Batterie recommand\u00e9e<\/td>\n<td>AS 2<\/td>\n<\/tr>\n<tr>\n<td>Syst\u00e8me \u00e0 batterie<\/td>\n<td>AS<\/td>\n<\/tr>\n<tr>\n<td>Fr\u00e9quence de course<\/td>\n<td>2 600 tr\/min<\/td>\n<\/tr>\n<tr>\n<td>Poids de l&#8217;appareil sans batterie<\/td>\n<td>3,5 kg<\/td>\n<\/tr>\n<tr>\n<td>Longueur de coupe<\/td>\n<td>45 cm<\/td>\n<\/tr>\n<tr>\n<td>Distance entre les dents<\/td>\n<td>22 mm<\/td>\n<\/tr>\n<tr>\n<td>Temps de fonctionnement maximum de la batterie AS 2<\/td>\n<td>40 min<\/td>\n<\/tr>\n<tr>\n<td>Longueur minimale de l&#8217;appareil avec outil<\/td>\n<td>200 cm<\/td>\n<\/tr>\n<tr>\n<td>Longueur maximale de l&#8217;appareil avec les outils<\/td>\n<td>260 cm<\/td>\n<\/tr>\n<tr>\n<td>Niveau de pression acoustique<\/td>\n<td>74 dB(A)<\/td>\n<\/tr>\n<tr>\n<td>Niveau de puissance acoustique<\/td>\n<td>84 dB(A)<\/td>\n<\/tr>\n<tr>\n<td>Valeur vibratoire gauche<\/td>\n<td>1,5 m\/s\u00b2<\/td>\n<\/tr>\n<tr>\n<td>Valeur vibratoire droite<\/td>\n<td>1,5 m\/s\u00b2<\/td>\n<\/tr>\n<\/tbody>\n<\/table>\n","protected":false},"excerpt":{"rendered":"<p>Taille-haies \u00e0 batterie HLA 40 : Avec perche t\u00e9lescopique \u2013 id\u00e9al pour les haies et arbustes hauts dans les jardins<\/p>\n","protected":false},"featured_media":694027,"template":"","meta":{"_seopress_robots_primary_cat":"none","_seopress_titles_title":"","_seopress_titles_desc":"","_seopress_robots_index":""},"product_brand":[3555],"product_cat":[167,1690,1626],"product_tag":[],"class_list":{"0":"post-694070","1":"product","2":"type-product","3":"status-publish","4":"has-post-thumbnail","6":"product_brand-stihl-fr","7":"product_cat-machines","8":"product_cat-taille-haies-et-elagueurs","9":"product_cat-taille-haies-et-elagueurs-a-batterie","10":"sws-gruppo-macchinari-fr","11":"sws-conto-ricavi-merci-rivendita-macchinari-fr","12":"sws-gruppo-iva-iva81-fr","14":"first","15":"instock","16":"shipping-taxable","17":"purchasable","18":"product-type-simple"},"_links":{"self":[{"href":"https:\/\/lucacastelli.com\/fr\/wp-json\/wp\/v2\/product\/694070","targetHints":{"allow":["GET"]}}],"collection":[{"href":"https:\/\/lucacastelli.com\/fr\/wp-json\/wp\/v2\/product"}],"about":[{"href":"https:\/\/lucacastelli.com\/fr\/wp-json\/wp\/v2\/types\/product"}],"wp:featuredmedia":[{"embeddable":true,"href":"https:\/\/lucacastelli.com\/fr\/wp-json\/wp\/v2\/media\/694027"}],"wp:attachment":[{"href":"https:\/\/lucacastelli.com\/fr\/wp-json\/wp\/v2\/media?parent=694070"}],"wp:term":[{"taxonomy":"product_brand","embeddable":true,"href":"https:\/\/lucacastelli.com\/fr\/wp-json\/wp\/v2\/product_brand?post=694070"},{"taxonomy":"product_cat","embeddable":true,"href":"https:\/\/lucacastelli.com\/fr\/wp-json\/wp\/v2\/product_cat?post=694070"},{"taxonomy":"product_tag","embeddable":true,"href":"https:\/\/lucacastelli.com\/fr\/wp-json\/wp\/v2\/product_tag?post=694070"}],"curies":[{"name":"wp","href":"https:\/\/api.w.org\/{rel}","templated":true}]}}