{"id":691420,"date":"2026-01-15T14:19:29","date_gmt":"2026-01-15T13:19:29","guid":{"rendered":"https:\/\/lucacastelli.com\/prodotto\/stihl-smart-connector-1\/"},"modified":"2026-01-15T14:19:29","modified_gmt":"2026-01-15T13:19:29","slug":"stihl-smart-connector-1","status":"publish","type":"product","link":"https:\/\/lucacastelli.com\/fr\/produit\/stihl-smart-connector-1\/","title":{"rendered":"STIHL Smart Connector 1"},"content":{"rendered":"<p>Smart Connector 1 : pour des machines intelligemment connect\u00e9es<\/p>\n<p>Gr\u00e2ce au STIHL Smart Connector 1, les professionnels qui \u0153uvrent dans l&#8217;entretien de jardins et d&#8217;espaces verts, la maintenance d&#8217;espaces communs ou le secteur du Facility Management peuvent facilement int\u00e9grer leurs machines dans l&#8217;environnement STIHL connected. Sur les machines STIHL, un espace sp\u00e9cifique est pr\u00e9vu pour la fixation du STIHL Smart Connector 1. Celui-ci peut \u00e9galement \u00eatre install\u00e9 \u00e0 un endroit appropri\u00e9 sur les machines d&#8217;autres fabricants. Il suffit de le mettre en service une seule fois. Un dispositif d&#8217;aide au positionnement vous guide lors de l&#8217;installation sur des machines d&#8217;autres marques, vous permettant de les int\u00e9grer \u00e9galement dans votre syst\u00e8me de gestion de flotte STIHL. Le Smart Connector d\u00e9tecte automatiquement les phases d&#8217;utilisation, enregistre le nombre d&#8217;heures de fonctionnement et transmet les informations via Bluetooth \u00e0 la STIHL connected Box ou \u00e0 votre terminal mobile.<br \/>\nLes donn\u00e9es sont ensuite transmises au cloud STIHL, o\u00f9 elles sont enregistr\u00e9es conform\u00e9ment aux dispositions l\u00e9gales en mati\u00e8re de protection des donn\u00e9es. Via le portail ou l&#8217;application STIHL connected, vous pouvez alors consulter la dur\u00e9e de fonctionnement totale et journali\u00e8re, ainsi que l&#8217;historique d\u00e9taill\u00e9. Si la machine a \u00e9t\u00e9 connect\u00e9e \u00e0 votre smartphone, la derni\u00e8re position connue du STIHL Smart Connector 1 s&#8217;affichera \u00e9galement. Pour localiser plus facilement une machine sp\u00e9cifique de votre flotte, vous avez la possibilit\u00e9 d&#8217;activer la LED int\u00e9gr\u00e9e dans le Smart Connector 1 de chaque \u00e9quipement. Cette fonction vous permet d&#8217;identifier rapidement et avec pr\u00e9cision une machine en particulier.<br \/>\nAvec STIHL connected, vous pouvez acc\u00e9der \u00e0 tout moment aux donn\u00e9es saisies relatives \u00e0 vos machines via l&#8217;application ou le portail STIHL connected. Vous disposerez ainsi d&#8217;une vue d&#8217;ensemble pratique et transparente de tous vos \u00e9quipements. L&#8217;application vous permet de consulter les temps de fonctionnement, d&#8217;obtenir un aper\u00e7u de toutes les maintenances \u00e0 effectuer et de vous assurer ainsi de ne manquer aucune intervention importante et que vos machines soient toujours pr\u00eates \u00e0 l&#8217;emploi. Vous pouvez donc organiser votre travail de mani\u00e8re plus efficace et planifier les interventions de maintenance en temps opportun, en coordination avec votre revendeur sp\u00e9cialis\u00e9 STIHL. Le Smart Connector 1 de STIHL est disponible en deux conditionnements :<br \/>\n1 pi\u00e8ce (r\u00e9f\u00e9rence CA02-400-4900)<br \/>\n10 pi\u00e8ces (r\u00e9f\u00e9rence CA02-400-4903)<br \/>\nPour plus d&#8217;informations sur STIHL connected et pour un aper\u00e7u des machines STIHL compatibles (thermiques, \u00e9lectriques et \u00e0 batterie), consultez notre page FAQ.<br \/>\nAcc\u00e9dez ici aux App Store et au portail STIHL connected :<br \/>\nApplication STIHL connected Android<br \/>\nApplication STIHL connected iOS<br \/>\nPortail STIHL connected             <\/p>\n","protected":false},"excerpt":{"rendered":"<p>Smart Connector 1 : pour des machines intelligemment connect\u00e9es Gr\u00e2ce au STIHL Smart Connector 1, les professionnels qui \u0153uvrent dans<\/p>\n","protected":false},"featured_media":688573,"template":"","meta":{"_seopress_robots_primary_cat":"","_seopress_titles_title":"","_seopress_titles_desc":"","_seopress_robots_index":""},"product_brand":[3366],"product_cat":[29,491],"product_tag":[],"class_list":{"0":"post-691420","1":"product","2":"type-product","3":"status-publish","4":"has-post-thumbnail","6":"product_brand-stihl","7":"product_cat-macchinari","8":"product_cat-accessori-sistemi-a-batteria","9":"sws-gruppo-macchinari-fr","10":"sws-conto-ricavi-merci-rivendita-macchinari-fr","11":"sws-gruppo-iva-iva81-fr","13":"first","14":"instock","15":"shipping-taxable","16":"purchasable","17":"product-type-simple"},"_links":{"self":[{"href":"https:\/\/lucacastelli.com\/fr\/wp-json\/wp\/v2\/product\/691420","targetHints":{"allow":["GET"]}}],"collection":[{"href":"https:\/\/lucacastelli.com\/fr\/wp-json\/wp\/v2\/product"}],"about":[{"href":"https:\/\/lucacastelli.com\/fr\/wp-json\/wp\/v2\/types\/product"}],"wp:featuredmedia":[{"embeddable":true,"href":"https:\/\/lucacastelli.com\/fr\/wp-json\/wp\/v2\/media\/688573"}],"wp:attachment":[{"href":"https:\/\/lucacastelli.com\/fr\/wp-json\/wp\/v2\/media?parent=691420"}],"wp:term":[{"taxonomy":"product_brand","embeddable":true,"href":"https:\/\/lucacastelli.com\/fr\/wp-json\/wp\/v2\/product_brand?post=691420"},{"taxonomy":"product_cat","embeddable":true,"href":"https:\/\/lucacastelli.com\/fr\/wp-json\/wp\/v2\/product_cat?post=691420"},{"taxonomy":"product_tag","embeddable":true,"href":"https:\/\/lucacastelli.com\/fr\/wp-json\/wp\/v2\/product_tag?post=691420"}],"curies":[{"name":"wp","href":"https:\/\/api.w.org\/{rel}","templated":true}]}}