{"id":688386,"date":"2026-01-13T14:05:06","date_gmt":"2026-01-13T13:05:06","guid":{"rendered":"https:\/\/lucacastelli.com\/prodotto\/stihl-chaine-picco-hexa-3-30-cm-3-8-p-11-mm-44-maillons\/"},"modified":"2026-01-13T14:05:06","modified_gmt":"2026-01-13T13:05:06","slug":"stihl-chaine-picco-hexa-3-30-cm-3-8-p-11-mm-44-maillons","status":"publish","type":"product","link":"https:\/\/lucacastelli.com\/fr\/produit\/stihl-chaine-picco-hexa-3-30-cm-3-8-p-11-mm-44-maillons\/","title":{"rendered":"STIHL Cha\u00eene Picco Hexa 3 30 cm 3\/8 P 1,1 mm 44 maillons"},"content":{"rendered":"<p>Informations suppl\u00e9mentaires sur ce produit<br \/>\nLa nouvelle cha\u00eene STIHL 3\/8 PICCO HEXA permet des performances de coupe \u00e9lev\u00e9es gr\u00e2ce \u00e0 la forme innovante des dents et au tranchant \u00e9troit<br \/>\nC&#8217;est un excellent choix pour les forestiers professionnels et les utilisateurs priv\u00e9s qui appr\u00e9cient une coupe rapide.<br \/>\nNon seulement elle permet de couper plus rapidement, mais elle garantit aussi que la cha\u00eene reste aff\u00fbt\u00e9e beaucoup plus longtemps<br \/>\nLa cha\u00eene Picco Hexa se base sur le syst\u00e8me brevet\u00e9 STIHL Hexa : cela signifie que la dent de la scie est associ\u00e9e \u00e0 une forme sp\u00e9ciale de lime, garantissant un aff\u00fbtage de la cha\u00eene rapide, pr\u00e9cis et simple. Le syst\u00e8me Hexa emp\u00eache le limage des maillons moteurs et de liaison et r\u00e9duit au minimum le risque de rupture de la cha\u00eene, permettant aux utilisateurs d&#8217;obtenir un angle d&#8217;aff\u00fbtage pratiquement id\u00e9al pendant l&#8217;op\u00e9ration<br \/>\nElle produit peu de vibrations et, gr\u00e2ce \u00e0 sa structure \u00e0 dents enti\u00e8res, garantit des coupes pr\u00e9cises, nettes et rapides<br \/>\nPour aff\u00fbter les cha\u00eenes Hexa, seules les limes Hexa peuvent \u00eatre utilis\u00e9es <\/p>\n<p>DONN\u00c9ES TECHNIQUES<\/p>\n<p>CHA\u00ceNE<br \/>\nPour guide de : 30 cm<br \/>\nPas : 3\/8 P<br \/>\n\u00c9paisseur : 1,1 mm<br \/>\nNombre de maillons : 44<br \/>\nCode : 31380000044<\/p>\n<p>GUIDE COMPATIBLE<br \/>\nGuide pour tron\u00e7onneuse LIGHT P01 30 cm 3\/8 P 1,1 mm 44 maillons<br \/>\nGuide pour tron\u00e7onneuse LIGHT 01 30 cm 3\/8 P 1,1 mm 44 maillons<\/p>\n<p>ADAPT\u00c9E AUX MOD\u00c8LES<\/p>\n<p>Tron\u00e7onneuse MS 162<br \/>\nTron\u00e7onneuse MS 171<br \/>\nTron\u00e7onneuse MS 180<br \/>\nTron\u00e7onneuse MS 181<br \/>\nTron\u00e7onneuse MS 194 T<br \/>\nTron\u00e7onneuse MSE 141<br \/>\nTron\u00e7onneuse MSE 170<br \/>\nTron\u00e7onneuse MSA 190 T<br \/>\nTron\u00e7onneuse MS 182<br \/>\nTron\u00e7onneuse MS 201 C-M\/TC-M<br \/>\nTron\u00e7onneuse MS 211\/C-BE<br \/>\nTron\u00e7onneuse MS 212\/C-BE<br \/>\nTron\u00e7onneuse MS 241<br \/>\nTron\u00e7onneuse MSA 220 C-B<br \/>\nTron\u00e7onneuse MSE 170*<br \/>\nTron\u00e7onneuse MSE 190*<br \/>\nTron\u00e7onneuse MSE 200*<br \/>\nTron\u00e7onneuse MSE 210*<br \/>\nTron\u00e7onneuse MSE 230*<\/p>\n<p>*Pour les mod\u00e8les MSE 170, MSE 190, MSE 210 et MSE 230 (longueur de guide 30, 35 et 40 cm) en combinaison avec tendeur de cha\u00eene rapide et pignon \u00e0 7 dents, il faut utiliser respectivement un maillon de guidage suppl\u00e9mentaire.<\/p>\n","protected":false},"excerpt":{"rendered":"<p>Informations suppl\u00e9mentaires sur ce produit La nouvelle cha\u00eene STIHL 3\/8 PICCO HEXA permet des performances de coupe \u00e9lev\u00e9es gr\u00e2ce \u00e0<\/p>\n","protected":false},"featured_media":686876,"template":"","meta":{"_seopress_robots_primary_cat":"none","_seopress_titles_title":"","_seopress_titles_desc":"","_seopress_robots_index":""},"product_brand":[3555],"product_cat":[1607,167,1604],"product_tag":[],"class_list":{"0":"post-688386","1":"product","2":"type-product","3":"status-publish","4":"has-post-thumbnail","6":"product_brand-stihl-fr","7":"product_cat-chaines-et-enrouleurs","8":"product_cat-machines","9":"product_cat-tronconneuses","10":"sws-gruppo-macchinari-fr","11":"sws-conto-ricavi-merci-rivendita-macchinari-fr","12":"sws-gruppo-iva-iva81-fr","14":"first","15":"instock","16":"shipping-taxable","17":"purchasable","18":"product-type-simple"},"_links":{"self":[{"href":"https:\/\/lucacastelli.com\/fr\/wp-json\/wp\/v2\/product\/688386","targetHints":{"allow":["GET"]}}],"collection":[{"href":"https:\/\/lucacastelli.com\/fr\/wp-json\/wp\/v2\/product"}],"about":[{"href":"https:\/\/lucacastelli.com\/fr\/wp-json\/wp\/v2\/types\/product"}],"wp:featuredmedia":[{"embeddable":true,"href":"https:\/\/lucacastelli.com\/fr\/wp-json\/wp\/v2\/media\/686876"}],"wp:attachment":[{"href":"https:\/\/lucacastelli.com\/fr\/wp-json\/wp\/v2\/media?parent=688386"}],"wp:term":[{"taxonomy":"product_brand","embeddable":true,"href":"https:\/\/lucacastelli.com\/fr\/wp-json\/wp\/v2\/product_brand?post=688386"},{"taxonomy":"product_cat","embeddable":true,"href":"https:\/\/lucacastelli.com\/fr\/wp-json\/wp\/v2\/product_cat?post=688386"},{"taxonomy":"product_tag","embeddable":true,"href":"https:\/\/lucacastelli.com\/fr\/wp-json\/wp\/v2\/product_tag?post=688386"}],"curies":[{"name":"wp","href":"https:\/\/api.w.org\/{rel}","templated":true}]}}