{"id":688358,"date":"2026-01-13T15:22:57","date_gmt":"2026-01-13T14:22:57","guid":{"rendered":"https:\/\/lucacastelli.com\/prodotto\/stihl-lime-plate\/"},"modified":"2026-01-13T15:22:57","modified_gmt":"2026-01-13T14:22:57","slug":"stihl-lime-plate","status":"publish","type":"product","link":"https:\/\/lucacastelli.com\/fr\/produit\/stihl-lime-plate\/","title":{"rendered":"STIHL Lime plate"},"content":{"rendered":"<p>La lime plate STIHL est un accessoire \u00e0 utiliser avec le redresseur de guide-cha\u00eene. Elle se fixe facilement. Gr\u00e2ce \u00e0 sa poign\u00e9e ergonomique en plastique, vous pouvez guider la lime plate en toute s\u00e9curit\u00e9 et \u00e9liminer les bavures du guide-cha\u00eene de votre tron\u00e7onneuse STIHL.<br \/>\n La lime plate pour le dispositif de r\u00e9glage du guide-cha\u00eene, d&#8217;une longueur de 100 mm et d&#8217;une largeur de 22 mm, est fabriqu\u00e9e en acier \u00e0 outils tremp\u00e9, ce qui la rend tr\u00e8s robuste et r\u00e9sistante.  <\/p>\n<p>&nbsp;<\/p>\n<p>&nbsp;<\/p>\n","protected":false},"excerpt":{"rendered":"<p>La lime plate STIHL est un accessoire \u00e0 utiliser avec le redresseur de guide-cha\u00eene. Elle se fixe facilement. Gr\u00e2ce \u00e0<\/p>\n","protected":false},"featured_media":686922,"template":"","meta":{"_seopress_robots_primary_cat":"none","_seopress_titles_title":"","_seopress_titles_desc":"","_seopress_robots_index":""},"product_brand":[3555],"product_cat":[1605,1622,167,1604],"product_tag":[],"class_list":{"0":"post-688358","1":"product","2":"type-product","3":"status-publish","4":"has-post-thumbnail","6":"product_brand-stihl-fr","7":"product_cat-accessoires-et-consommables-fr-4","8":"product_cat-guides-chaine","9":"product_cat-machines","10":"product_cat-tronconneuses","11":"sws-gruppo-macchinari-fr","12":"sws-conto-ricavi-merci-rivendita-macchinari-fr","13":"sws-gruppo-iva-iva81-fr","15":"first","16":"instock","17":"shipping-taxable","18":"purchasable","19":"product-type-simple"},"_links":{"self":[{"href":"https:\/\/lucacastelli.com\/fr\/wp-json\/wp\/v2\/product\/688358","targetHints":{"allow":["GET"]}}],"collection":[{"href":"https:\/\/lucacastelli.com\/fr\/wp-json\/wp\/v2\/product"}],"about":[{"href":"https:\/\/lucacastelli.com\/fr\/wp-json\/wp\/v2\/types\/product"}],"wp:featuredmedia":[{"embeddable":true,"href":"https:\/\/lucacastelli.com\/fr\/wp-json\/wp\/v2\/media\/686922"}],"wp:attachment":[{"href":"https:\/\/lucacastelli.com\/fr\/wp-json\/wp\/v2\/media?parent=688358"}],"wp:term":[{"taxonomy":"product_brand","embeddable":true,"href":"https:\/\/lucacastelli.com\/fr\/wp-json\/wp\/v2\/product_brand?post=688358"},{"taxonomy":"product_cat","embeddable":true,"href":"https:\/\/lucacastelli.com\/fr\/wp-json\/wp\/v2\/product_cat?post=688358"},{"taxonomy":"product_tag","embeddable":true,"href":"https:\/\/lucacastelli.com\/fr\/wp-json\/wp\/v2\/product_tag?post=688358"}],"curies":[{"name":"wp","href":"https:\/\/api.w.org\/{rel}","templated":true}]}}