{"id":688326,"date":"2026-01-12T13:18:48","date_gmt":"2026-01-12T12:18:48","guid":{"rendered":"https:\/\/lucacastelli.com\/prodotto\/chaine-stihl-3-8-picco-super-3-ps3-13-mm-40-cm\/"},"modified":"2026-01-12T13:18:48","modified_gmt":"2026-01-12T12:18:48","slug":"chaine-stihl-3-8-picco-super-3-ps3-13-mm-40-cm","status":"publish","type":"product","link":"https:\/\/lucacastelli.com\/fr\/produit\/chaine-stihl-3-8-picco-super-3-ps3-13-mm-40-cm\/","title":{"rendered":"Cha\u00eene STIHL 3\/8&#8243; Picco Super 3 (PS3), 1,3 mm, 40 cm"},"content":{"rendered":"<p>3\/8&#8243; P Picco Super 3 (PS3 ; 1,3 mm) : la cha\u00eene \u00e0 gouges carr\u00e9es id\u00e9ale pour l&#8217;entretien des arbres<br \/>\nGr\u00e2ce \u00e0 sa faible force d&#8217;avance, la cha\u00eene STIHL 3\/8&#8243; P Super 3 (PS3) est id\u00e9ale pour l&#8217;entretien des arbres. Avec sa puissance de coupe \u00e9lev\u00e9e, son excellent comportement de coupe et son fonctionnement silencieux, elle permet de travailler en toute s\u00e9curit\u00e9 et confortablement dans les arbres, m\u00eame pour l&#8217;\u00e9lagage de branches plus \u00e9paisses. La coupe tr\u00e8s nette garantit des arbres taill\u00e9s proprement, qui peuvent continuer \u00e0 cro\u00eetre sainement. La 3\/8&#8243; P Picco Super 3 (PS3) avec une \u00e9paisseur de maillon de 1,3 mm fonctionne avec de faibles vibrations et un recul minimal, assurant ainsi un travail confortable.   <\/p>\n<p>La premi\u00e8re cha\u00eene au monde en 3\/8&#8243; \u00e0 profil bas avec des dents \u00e0 gouges carr\u00e9es peut \u00eatre utilis\u00e9e sur diff\u00e9rentes tron\u00e7onneuses d&#8217;\u00e9lagage.<\/p>\n<p>&nbsp;<\/p>\n<table data-test-id=\"pdp-spec-tech-table\">\n<tbody>\n<tr>\n<td>Pas de cha\u00eene<\/td>\n<td>9,32mm\/3\/8&#8243;P<\/td>\n<\/tr>\n<tr>\n<td>\u00c9paisseur du maillon d&#8217;entra\u00eenement<\/td>\n<td>1,3 mm\/.050&#8243;<\/td>\n<\/tr>\n<tr>\n<td>Nombre de maillons d&#8217;entra\u00eenement<\/td>\n<td>44 Tg \/ 45 Tg \/ 50 Tg \/ 55 Tg \/ 56 Tg<\/td>\n<\/tr>\n<\/tbody>\n<\/table>\n<p>&nbsp;<\/p>\n<p>Longueur : 40 cm<\/p>\n<p>Nombre de dents : 55<\/p>\n<p>&nbsp;<\/p>\n<p>&nbsp;<\/p>\n","protected":false},"excerpt":{"rendered":"<p>3\/8&#8243; P Picco Super 3 (PS3 ; 1,3 mm) : la cha\u00eene \u00e0 gouges carr\u00e9es id\u00e9ale pour l&#8217;entretien des arbres<\/p>\n","protected":false},"featured_media":686098,"template":"","meta":{"_seopress_robots_primary_cat":"none","_seopress_titles_title":"","_seopress_titles_desc":"","_seopress_robots_index":""},"product_brand":[3366],"product_cat":[29,268,504],"product_tag":[],"class_list":{"0":"post-688326","1":"product","2":"type-product","3":"status-publish","4":"has-post-thumbnail","6":"product_brand-stihl","7":"product_cat-macchinari","8":"product_cat-motoseghe","9":"product_cat-catene-e-rotoli","10":"sws-gruppo-macchinari-fr","11":"sws-conto-ricavi-merci-rivendita-macchinari-fr","12":"sws-gruppo-iva-iva81-fr","14":"first","15":"instock","16":"shipping-taxable","17":"purchasable","18":"product-type-simple"},"_links":{"self":[{"href":"https:\/\/lucacastelli.com\/fr\/wp-json\/wp\/v2\/product\/688326","targetHints":{"allow":["GET"]}}],"collection":[{"href":"https:\/\/lucacastelli.com\/fr\/wp-json\/wp\/v2\/product"}],"about":[{"href":"https:\/\/lucacastelli.com\/fr\/wp-json\/wp\/v2\/types\/product"}],"wp:featuredmedia":[{"embeddable":true,"href":"https:\/\/lucacastelli.com\/fr\/wp-json\/wp\/v2\/media\/686098"}],"wp:attachment":[{"href":"https:\/\/lucacastelli.com\/fr\/wp-json\/wp\/v2\/media?parent=688326"}],"wp:term":[{"taxonomy":"product_brand","embeddable":true,"href":"https:\/\/lucacastelli.com\/fr\/wp-json\/wp\/v2\/product_brand?post=688326"},{"taxonomy":"product_cat","embeddable":true,"href":"https:\/\/lucacastelli.com\/fr\/wp-json\/wp\/v2\/product_cat?post=688326"},{"taxonomy":"product_tag","embeddable":true,"href":"https:\/\/lucacastelli.com\/fr\/wp-json\/wp\/v2\/product_tag?post=688326"}],"curies":[{"name":"wp","href":"https:\/\/api.w.org\/{rel}","templated":true}]}}