{"id":688308,"date":"2026-01-12T14:27:43","date_gmt":"2026-01-12T13:27:43","guid":{"rendered":"https:\/\/lucacastelli.com\/prodotto\/chaine-stihl-325-rapid-micro-3-pro-rm3-pro-13-mm-35-cm-60-dents\/"},"modified":"2026-01-12T14:27:43","modified_gmt":"2026-01-12T13:27:43","slug":"chaine-stihl-325-rapid-micro-3-pro-rm3-pro-13-mm-35-cm-60-dents","status":"publish","type":"product","link":"https:\/\/lucacastelli.com\/fr\/produit\/chaine-stihl-325-rapid-micro-3-pro-rm3-pro-13-mm-35-cm-60-dents\/","title":{"rendered":"Cha\u00eene STIHL .325&#8243; Rapid Micro 3 Pro (RM3 Pro), 1,3 mm, 35 cm, 60 dents"},"content":{"rendered":"<p>.325&#8243; Micro 3 Pro : cha\u00eene haute performance avec capacit\u00e9 de coupe \u00e9lev\u00e9e<br \/>\nLa cha\u00eene \u00e0 demi-taille STIHL .325&#8243; Micro 3 Pro est le choix id\u00e9al pour les utilisateurs priv\u00e9s et les agriculteurs. Gr\u00e2ce \u00e0 sa coupe \u00e9troite, cette cha\u00eene haute performance atteint jusqu&#8217;\u00e0 20 % de puissance de coupe suppl\u00e9mentaire par rapport aux cha\u00eenes .325&#8243; pr\u00e9c\u00e9dentes avec une \u00e9paisseur de maillon de 1,3 mm. Ainsi, m\u00eame les utilisateurs priv\u00e9s peuvent abattre et \u00e9laguer des arbres, couper du bois de chauffage ou entretenir de jeunes for\u00eats de mani\u00e8re professionnelle et s\u00fbre.<br \/>\nLors de la coupe, la cha\u00eene Micro 3 Pro fonctionne avec de faibles vibrations et un recul r\u00e9duit gr\u00e2ce au pignon \u00e0 protub\u00e9rances, permettant de guider la tron\u00e7onneuse avec pr\u00e9cision \u00e0 travers le bois pendant la coupe. De plus, le pignon \u00e0 protub\u00e9rances garantit une coupe douce et une haute qualit\u00e9 de coupe. Il est ainsi possible de couper proprement et efficacement des arbres ou des branches plus \u00e9paisses.<br \/>\nLa cha\u00eene \u00e0 dents demi-ciseaux peut \u00eatre facilement r\u00e9aff\u00fbt\u00e9e. Cela la rend particuli\u00e8rement fiable et pratique \u00e0 utiliser.    <\/p>\n<p>&nbsp;<\/p>\n<table data-test-id=\"pdp-spec-tech-table\">\n<tbody>\n<tr>\n<td>Pas de cha\u00eene<\/td>\n<td>8,25 mm\/.325&#8243;<\/td>\n<\/tr>\n<tr>\n<td>\u00c9paisseur du maillon d&#8217;entra\u00eenement<\/td>\n<td>1,3 mm\/.050&#8243;<\/td>\n<\/tr>\n<tr>\n<td>Nombre de maillons d&#8217;entra\u00eenement<\/td>\n<td>56 Tg \/ 60 Tg \/ 62 Tg \/ 67 Tg<\/td>\n<\/tr>\n<\/tbody>\n<\/table>\n<p>&nbsp;<\/p>\n<p>Longueur : 35 cm<\/p>\n<p>Nombre de maillons : 60<\/p>\n","protected":false},"excerpt":{"rendered":"<p>.325&#8243; Micro 3 Pro : cha\u00eene haute performance avec capacit\u00e9 de coupe \u00e9lev\u00e9e La cha\u00eene \u00e0 demi-taille STIHL .325&#8243; Micro<\/p>\n","protected":false},"featured_media":686152,"template":"","meta":{"_seopress_robots_primary_cat":"none","_seopress_titles_title":"","_seopress_titles_desc":"","_seopress_robots_index":""},"product_brand":[3555],"product_cat":[167,1604,1607],"product_tag":[],"class_list":{"0":"post-688308","1":"product","2":"type-product","3":"status-publish","4":"has-post-thumbnail","6":"product_brand-stihl-fr","7":"product_cat-machines","8":"product_cat-tronconneuses","9":"product_cat-chaines-et-enrouleurs","10":"sws-gruppo-macchinari-fr","11":"sws-conto-ricavi-merci-rivendita-macchinari-fr","12":"sws-gruppo-iva-iva81-fr","14":"first","15":"instock","16":"shipping-taxable","17":"purchasable","18":"product-type-simple"},"_links":{"self":[{"href":"https:\/\/lucacastelli.com\/fr\/wp-json\/wp\/v2\/product\/688308","targetHints":{"allow":["GET"]}}],"collection":[{"href":"https:\/\/lucacastelli.com\/fr\/wp-json\/wp\/v2\/product"}],"about":[{"href":"https:\/\/lucacastelli.com\/fr\/wp-json\/wp\/v2\/types\/product"}],"wp:featuredmedia":[{"embeddable":true,"href":"https:\/\/lucacastelli.com\/fr\/wp-json\/wp\/v2\/media\/686152"}],"wp:attachment":[{"href":"https:\/\/lucacastelli.com\/fr\/wp-json\/wp\/v2\/media?parent=688308"}],"wp:term":[{"taxonomy":"product_brand","embeddable":true,"href":"https:\/\/lucacastelli.com\/fr\/wp-json\/wp\/v2\/product_brand?post=688308"},{"taxonomy":"product_cat","embeddable":true,"href":"https:\/\/lucacastelli.com\/fr\/wp-json\/wp\/v2\/product_cat?post=688308"},{"taxonomy":"product_tag","embeddable":true,"href":"https:\/\/lucacastelli.com\/fr\/wp-json\/wp\/v2\/product_tag?post=688308"}],"curies":[{"name":"wp","href":"https:\/\/api.w.org\/{rel}","templated":true}]}}