{"id":688300,"date":"2026-01-13T16:13:00","date_gmt":"2026-01-13T15:13:00","guid":{"rendered":"https:\/\/lucacastelli.com\/prodotto\/kit-de-coupe-stihl-18-2\/"},"modified":"2026-01-13T16:13:00","modified_gmt":"2026-01-13T15:13:00","slug":"kit-de-coupe-stihl-18-2","status":"publish","type":"product","link":"https:\/\/lucacastelli.com\/fr\/produit\/kit-de-coupe-stihl-18-2\/","title":{"rendered":"Kit de coupe STIHL 18"},"content":{"rendered":"<h2 class=\"product-details__title\">Kit guide-cha\u00eene et cha\u00eenes pour l&#8217;\u00e9lagueuse sur batterie GTA 40<\/h2>\n<div class=\"product-details__description richtexteditor\">\n<p>Avec le STIHL Cut Kit 18, vous assurez de mani\u00e8re proactive que la capacit\u00e9 de coupe de votre \u00e9lagueuse sur batterie STIHL GTA 40 reste constamment \u00e9lev\u00e9e. Vous pouvez effectuer le changement de la cha\u00eene et du guide-cha\u00eene, adapt\u00e9s \u00e0 votre STIHL GTA 40, de fa\u00e7on autonome et facile partout. Lors du montage, vous serez guid\u00e9 par notre guide de remplacement du dispositif de coupe, accessible via le QR code sur l&#8217;emballage de votre Cut Kit. Ainsi, votre \u00e9lagueuse STIHL sera rapidement pr\u00eate \u00e0 l&#8217;emploi.   <\/p>\n<p>Dans le STIHL Cut Kit 18 pour le STIHL GTA 40, vous recevrez les composants suivants pour le remplacement du dispositif de coupe :<\/p>\n<ul>\n<li>1 x guide-cha\u00eene STIHL Light 01 pour GTA 40 (15 cm)<\/li>\n<li>2 x cha\u00eenes STIHL 1\/4&#8243; P Picco Micro 3 (PM3 ; 1,1 mm)<\/li>\n<\/ul>\n<p>La combinaison du guide-cha\u00eene robuste STIHL Light 01 et de la cha\u00eene STIHL 1\/4&#8243; P Picco Micro 3 (PM3) vous assiste en tant qu&#8217;utilisateur particulier dans l&#8217;entretien du terrain et du jardin, pour couper arbres et arbustes avec pr\u00e9cision ou m\u00eame pour cr\u00e9er des d\u00e9corations pour la maison.<\/p>\n<p>Ces composants du dispositif de coupe, parfaitement coordonn\u00e9s, soutiennent la fiabilit\u00e9 de votre tron\u00e7onneuse, m\u00eame pendant de longues sessions de travail. Ainsi, vous pouvez b\u00e9n\u00e9ficier d&#8217;une performance maximale et travailler de mani\u00e8re fiable et presque sans interruption gr\u00e2ce au changement du dispositif de coupe. <\/p>\n<\/div>\n","protected":false},"excerpt":{"rendered":"<p>Kit guide-cha\u00eene et cha\u00eenes pour l&#8217;\u00e9lagueuse sur batterie GTA 40 Avec le STIHL Cut Kit 18, vous assurez de mani\u00e8re<\/p>\n","protected":false},"featured_media":686947,"template":"","meta":{"_seopress_robots_primary_cat":"","_seopress_titles_title":"","_seopress_titles_desc":"","_seopress_robots_index":""},"product_brand":[3555],"product_cat":[1605,1607,1622,167,1604],"product_tag":[],"class_list":{"0":"post-688300","1":"product","2":"type-product","3":"status-publish","4":"has-post-thumbnail","6":"product_brand-stihl-fr","7":"product_cat-accessoires-et-consommables-fr-4","8":"product_cat-chaines-et-enrouleurs","9":"product_cat-guides-chaine","10":"product_cat-machines","11":"product_cat-tronconneuses","12":"sws-gruppo-macchinari-fr","13":"sws-conto-ricavi-merci-rivendita-macchinari-fr","14":"sws-gruppo-iva-iva81-fr","16":"first","17":"instock","18":"shipping-taxable","19":"purchasable","20":"product-type-simple"},"_links":{"self":[{"href":"https:\/\/lucacastelli.com\/fr\/wp-json\/wp\/v2\/product\/688300","targetHints":{"allow":["GET"]}}],"collection":[{"href":"https:\/\/lucacastelli.com\/fr\/wp-json\/wp\/v2\/product"}],"about":[{"href":"https:\/\/lucacastelli.com\/fr\/wp-json\/wp\/v2\/types\/product"}],"wp:featuredmedia":[{"embeddable":true,"href":"https:\/\/lucacastelli.com\/fr\/wp-json\/wp\/v2\/media\/686947"}],"wp:attachment":[{"href":"https:\/\/lucacastelli.com\/fr\/wp-json\/wp\/v2\/media?parent=688300"}],"wp:term":[{"taxonomy":"product_brand","embeddable":true,"href":"https:\/\/lucacastelli.com\/fr\/wp-json\/wp\/v2\/product_brand?post=688300"},{"taxonomy":"product_cat","embeddable":true,"href":"https:\/\/lucacastelli.com\/fr\/wp-json\/wp\/v2\/product_cat?post=688300"},{"taxonomy":"product_tag","embeddable":true,"href":"https:\/\/lucacastelli.com\/fr\/wp-json\/wp\/v2\/product_tag?post=688300"}],"curies":[{"name":"wp","href":"https:\/\/api.w.org\/{rel}","templated":true}]}}