{"id":688294,"date":"2026-01-15T08:23:19","date_gmt":"2026-01-15T07:23:19","guid":{"rendered":"https:\/\/lucacastelli.com\/prodotto\/kit-de-base-stihl-ak-30-s\/"},"modified":"2026-01-15T08:23:19","modified_gmt":"2026-01-15T07:23:19","slug":"kit-de-base-stihl-ak-30-s","status":"publish","type":"product","link":"https:\/\/lucacastelli.com\/fr\/produit\/kit-de-base-stihl-ak-30-s\/","title":{"rendered":"KIT DE BASE STIHL AK 30 S"},"content":{"rendered":"<p>Kit de d\u00e9marrage avec batterie AK 30 S et chargeur AL 101 : id\u00e9al pour les appareils du syst\u00e8me STIHL AK<br \/>\nSi vous ne disposez pas encore d&#8217;une batterie et d&#8217;un chargeur STIHL adapt\u00e9s, vous pouvez facilement acheter ce kit comprenant une batterie STIHL AK 30 S et un chargeur STIHL AL 101. Vous aurez ainsi tout le n\u00e9cessaire pour utiliser votre appareil du syst\u00e8me STIHL AK. <\/p>\n<p>Dans notre aper\u00e7u des temps de fonctionnement et de charge des batteries STIHL, vous pouvez d\u00e9couvrir combien de temps vous pouvez travailler avec votre appareil STIHL et la batterie s\u00e9lectionn\u00e9e ici, ainsi que le temps n\u00e9cessaire pour la recharger.<\/p>\n<p>&nbsp;<\/p>\n<p>Contenu : 1 pi\u00e8ce AK 30 S et 1 pi\u00e8ce AL 101<\/p>\n","protected":false},"excerpt":{"rendered":"<p>Kit de d\u00e9marrage avec batterie AK 30 S et chargeur AL 101 : id\u00e9al pour les appareils du syst\u00e8me STIHL<\/p>\n","protected":false},"featured_media":688268,"template":"","meta":{"_seopress_robots_primary_cat":"none","_seopress_titles_title":"","_seopress_titles_desc":"","_seopress_robots_index":""},"product_brand":[3366],"product_cat":[29,491],"product_tag":[],"class_list":{"0":"post-688294","1":"product","2":"type-product","3":"status-publish","4":"has-post-thumbnail","6":"product_brand-stihl","7":"product_cat-macchinari","8":"product_cat-accessori-sistemi-a-batteria","9":"sws-gruppo-macchinari-fr","10":"sws-conto-ricavi-merci-rivendita-macchinari-fr","11":"sws-gruppo-iva-iva81-fr","13":"first","14":"instock","15":"shipping-taxable","16":"purchasable","17":"product-type-simple"},"_links":{"self":[{"href":"https:\/\/lucacastelli.com\/fr\/wp-json\/wp\/v2\/product\/688294","targetHints":{"allow":["GET"]}}],"collection":[{"href":"https:\/\/lucacastelli.com\/fr\/wp-json\/wp\/v2\/product"}],"about":[{"href":"https:\/\/lucacastelli.com\/fr\/wp-json\/wp\/v2\/types\/product"}],"wp:featuredmedia":[{"embeddable":true,"href":"https:\/\/lucacastelli.com\/fr\/wp-json\/wp\/v2\/media\/688268"}],"wp:attachment":[{"href":"https:\/\/lucacastelli.com\/fr\/wp-json\/wp\/v2\/media?parent=688294"}],"wp:term":[{"taxonomy":"product_brand","embeddable":true,"href":"https:\/\/lucacastelli.com\/fr\/wp-json\/wp\/v2\/product_brand?post=688294"},{"taxonomy":"product_cat","embeddable":true,"href":"https:\/\/lucacastelli.com\/fr\/wp-json\/wp\/v2\/product_cat?post=688294"},{"taxonomy":"product_tag","embeddable":true,"href":"https:\/\/lucacastelli.com\/fr\/wp-json\/wp\/v2\/product_tag?post=688294"}],"curies":[{"name":"wp","href":"https:\/\/api.w.org\/{rel}","templated":true}]}}