{"id":688283,"date":"2026-01-15T08:26:37","date_gmt":"2026-01-15T07:26:37","guid":{"rendered":"https:\/\/lucacastelli.com\/prodotto\/kit-de-base-stihl-ak-20-plus\/"},"modified":"2026-04-14T00:09:20","modified_gmt":"2026-04-13T22:09:20","slug":"kit-de-base-stihl-ak-20-plus","status":"publish","type":"product","link":"https:\/\/lucacastelli.com\/fr\/produit\/kit-de-base-stihl-ak-20-plus\/","title":{"rendered":"KIT DE BASE STIHL AK 20 PLUS"},"content":{"rendered":"<p>Set de d\u00e9marrage avec 2 batteries AK 20 et chargeur AL 101 : optimal pour les appareils du syst\u00e8me STIHL AK<br \/>\nSi vous ne disposez pas encore d&#8217;une batterie et d&#8217;un chargeur STIHL adapt\u00e9s, vous pouvez acheter facilement ce set avec 2 batteries STIHL AK 20 et un chargeur STIHL AL 101. Vous aurez ainsi tout le n\u00e9cessaire pour utiliser votre appareil du syst\u00e8me STIHL AK.<br \/>\nDans notre aper\u00e7u des temps de fonctionnement et de charge des batteries STIHL, vous pourrez d\u00e9couvrir combien de temps vous pourrez travailler avec votre appareil STIHL et les batteries ici s\u00e9lectionn\u00e9es et combien de temps il faut pour les recharger. <\/p>\n<p>&nbsp;<\/p>\n<p>Contenu : 2 pcs AK 20 et 1 pc AL 101<\/p>\n","protected":false},"excerpt":{"rendered":"<p>Set de d\u00e9marrage avec 2 batteries AK 20 et chargeur AL 101 : optimal pour les appareils du syst\u00e8me STIHL<\/p>\n","protected":false},"featured_media":688286,"template":"","meta":{"_seopress_robots_primary_cat":"none","_seopress_titles_title":"","_seopress_titles_desc":"","_seopress_robots_index":""},"product_brand":[3366],"product_cat":[29,491],"product_tag":[],"class_list":{"0":"post-688283","1":"product","2":"type-product","3":"status-publish","4":"has-post-thumbnail","6":"product_brand-stihl","7":"product_cat-macchinari","8":"product_cat-accessori-sistemi-a-batteria","9":"sws-gruppo-macchinari-fr","10":"sws-conto-ricavi-merci-rivendita-macchinari-fr","11":"sws-gruppo-iva-iva81-fr","13":"first","14":"instock","15":"shipping-taxable","16":"purchasable","17":"product-type-simple"},"_links":{"self":[{"href":"https:\/\/lucacastelli.com\/fr\/wp-json\/wp\/v2\/product\/688283","targetHints":{"allow":["GET"]}}],"collection":[{"href":"https:\/\/lucacastelli.com\/fr\/wp-json\/wp\/v2\/product"}],"about":[{"href":"https:\/\/lucacastelli.com\/fr\/wp-json\/wp\/v2\/types\/product"}],"wp:featuredmedia":[{"embeddable":true,"href":"https:\/\/lucacastelli.com\/fr\/wp-json\/wp\/v2\/media\/688286"}],"wp:attachment":[{"href":"https:\/\/lucacastelli.com\/fr\/wp-json\/wp\/v2\/media?parent=688283"}],"wp:term":[{"taxonomy":"product_brand","embeddable":true,"href":"https:\/\/lucacastelli.com\/fr\/wp-json\/wp\/v2\/product_brand?post=688283"},{"taxonomy":"product_cat","embeddable":true,"href":"https:\/\/lucacastelli.com\/fr\/wp-json\/wp\/v2\/product_cat?post=688283"},{"taxonomy":"product_tag","embeddable":true,"href":"https:\/\/lucacastelli.com\/fr\/wp-json\/wp\/v2\/product_tag?post=688283"}],"curies":[{"name":"wp","href":"https:\/\/api.w.org\/{rel}","templated":true}]}}