{"id":684493,"date":"2026-01-10T10:03:59","date_gmt":"2026-01-10T09:03:59","guid":{"rendered":"https:\/\/lucacastelli.com\/prodotto\/chaine-stihl-1-4-picco-micro-3-pm3-11-mm-15-cm-pour-gta-26\/"},"modified":"2026-01-10T10:03:59","modified_gmt":"2026-01-10T09:03:59","slug":"chaine-stihl-1-4-picco-micro-3-pm3-11-mm-15-cm-pour-gta-26","status":"publish","type":"product","link":"https:\/\/lucacastelli.com\/fr\/produit\/chaine-stihl-1-4-picco-micro-3-pm3-11-mm-15-cm-pour-gta-26\/","title":{"rendered":"Cha\u00eene STIHL 1\/4&#8243; Picco Micro 3 (PM3), 1,1 mm, 15 cm pour GTA 26"},"content":{"rendered":"<h2>1\/4&#8243; P Peak Micro 3 (PM3 ; 1,1 mm) : cha\u00eene plate et \u00e9troite<\/h2>\n<p>Cette cha\u00eene STIHL destin\u00e9e aux \u00e9lagueuses et aux Tron\u00e7onneuses compactes telles que la. <a href=\"https:\/\/www.stihl.de\/de\/p\/kettensaegen-motorsaegen-ms-151-102583\"><b>STIHL MS 151<\/b><\/a> permet un travail <a href=\"https:\/\/www.stihl.de\/de\/ratgeber-projekte\/gartenpflege\"><b>travail dans le jardin<\/b><\/a> gr\u00e2ce \u00e0 sa <b>conception \u00e0 faible vibration et \u00e0 faible recul<\/b>. Gr\u00e2ce \u00e0 sa coupe \u00e9troite, elle offre \u00e9galement une grande capacit\u00e9 de coupe. La cha\u00eene Picco Micro 3 (PM3) de 1\/4&#8243; P avec une \u00e9paisseur de marteau de 1,1 mm est particuli\u00e8rement plate et \u00e9troite. Elle est donc adapt\u00e9e aux tron\u00e7onneuses l\u00e9g\u00e8res telles que la. <a href=\"https:\/\/www.stihl.de\/de\/p\/kettensaegen-motorsaegen-akku-kettensaege-msa-70-ak-system-164137\"><b>STIHL MSA 70<\/b><\/a> ou les \u00e9lagueuses telles que l&#8217;\u00e9lagueuse sans fil <a href=\"https:\/\/www.stihl.de\/de\/p\/gartenscheren-astscheren-astsaegen-gehoelzschneider-gta-26-107847#einzelgeraet-107847\"><b>\u00e9lagueuse sans fil STIHL GTA 26<\/b><\/a>qui sont principalement utilis\u00e9es dans le jardin et pour les travaux de bricolage.   <\/p>\n<p>&nbsp;<\/p>\n<p>&nbsp;<\/p>\n","protected":false},"excerpt":{"rendered":"<p>1\/4&#8243; P Peak Micro 3 (PM3 ; 1,1 mm) : cha\u00eene plate et \u00e9troite Cette cha\u00eene STIHL destin\u00e9e aux \u00e9lagueuses<\/p>\n","protected":false},"featured_media":684479,"template":"","meta":{"_seopress_robots_primary_cat":"","_seopress_titles_title":"","_seopress_titles_desc":"","_seopress_robots_index":""},"product_brand":[3555],"product_cat":[1607,167,1604],"product_tag":[],"class_list":{"0":"post-684493","1":"product","2":"type-product","3":"status-publish","4":"has-post-thumbnail","6":"product_brand-stihl-fr","7":"product_cat-chaines-et-enrouleurs","8":"product_cat-machines","9":"product_cat-tronconneuses","10":"sws-gruppo-macchinari-fr","11":"sws-conto-ricavi-merci-rivendita-macchinari-fr","12":"sws-gruppo-iva-iva81-fr","14":"first","15":"instock","16":"shipping-taxable","17":"purchasable","18":"product-type-simple"},"_links":{"self":[{"href":"https:\/\/lucacastelli.com\/fr\/wp-json\/wp\/v2\/product\/684493","targetHints":{"allow":["GET"]}}],"collection":[{"href":"https:\/\/lucacastelli.com\/fr\/wp-json\/wp\/v2\/product"}],"about":[{"href":"https:\/\/lucacastelli.com\/fr\/wp-json\/wp\/v2\/types\/product"}],"wp:featuredmedia":[{"embeddable":true,"href":"https:\/\/lucacastelli.com\/fr\/wp-json\/wp\/v2\/media\/684479"}],"wp:attachment":[{"href":"https:\/\/lucacastelli.com\/fr\/wp-json\/wp\/v2\/media?parent=684493"}],"wp:term":[{"taxonomy":"product_brand","embeddable":true,"href":"https:\/\/lucacastelli.com\/fr\/wp-json\/wp\/v2\/product_brand?post=684493"},{"taxonomy":"product_cat","embeddable":true,"href":"https:\/\/lucacastelli.com\/fr\/wp-json\/wp\/v2\/product_cat?post=684493"},{"taxonomy":"product_tag","embeddable":true,"href":"https:\/\/lucacastelli.com\/fr\/wp-json\/wp\/v2\/product_tag?post=684493"}],"curies":[{"name":"wp","href":"https:\/\/api.w.org\/{rel}","templated":true}]}}