{"id":683898,"date":"2026-01-09T17:26:57","date_gmt":"2026-01-09T16:26:57","guid":{"rendered":"https:\/\/lucacastelli.com\/?post_type=product&#038;p=683898"},"modified":"2026-01-09T17:32:42","modified_gmt":"2026-01-09T16:32:42","slug":"stihl-duromatic-e-63-cm-3-8-13-mm-barre-de-guidage-copia-copia-copia-copia-2","status":"publish","type":"product","link":"https:\/\/lucacastelli.com\/fr\/produit\/stihl-duromatic-e-63-cm-3-8-13-mm-barre-de-guidage-copia-copia-copia-copia-2\/","title":{"rendered":"STIHL ROLLOMATIC ES 80 cm 3\/8 1,3 mm barre de guidage"},"content":{"rendered":"<h2>Lame STIHL Rollomatic ES, 3\/8&#8243;, 1,3 mm : Lame de Tron\u00e7onneuses pour bois dur et autres mat\u00e9riaux r\u00e9sistants.<\/h2>\n<p>Cette lame STIHL a \u00e9t\u00e9 d\u00e9velopp\u00e9e pour les puissantes Tron\u00e7onneuses professionnelles comme la STIHL MS 462 C-M et convient donc aux travaux forestiers professionnels. Avec la STIHL Rollomatic ES, 3\/8&#8243;, 1,3 mm, tu as la bonne lame pour l&#8217;abattage et le travail du bois dur ou la coupe du bois de chauffage. Dans les op\u00e9rations de sauvetage, tu peux \u00e9galement couper du m\u00e9tal, du bitume et du verre pare-balles en combinaison avec la tron\u00e7onneuse de sauvetage STIHL Rapid Duro et la tron\u00e7onneuse de sauvetage STIHL MS 462 C-M R, par exemple pour cr\u00e9er des ouvertures d&#8217;a\u00e9ration et d&#8217;acc\u00e8s dans les v\u00e9hicules ou les b\u00e2timents.  <\/p>\n<p>Le corps du guide STIHL Rollomatic ES, 3\/8&#8243;, 1,3 mm, est solide et tr\u00e8s stable. Cela permet de couper m\u00eame des mat\u00e9riaux tr\u00e8s durs avec pr\u00e9cision, proprement et en toute s\u00e9curit\u00e9. Si l&#8217;embout du guide s&#8217;use, il peut \u00eatre facilement remplac\u00e9 pour que le guide puisse continuer \u00e0 \u00eatre utilis\u00e9. Gr\u00e2ce au roulement ferm\u00e9 de la roue avant, la barre ne n\u00e9cessite aucun entretien.   <\/p>\n<p>&nbsp;<\/p>\n<table data-test-id=\"pdp-spec-tech-table\">\n<tbody>\n<tr>\n<td>N\u00e6sehjulsleje<\/td>\n<td>9.32mm\/3\/8&#8243;<\/td>\n<\/tr>\n<tr>\n<td>Pasbredde<\/td>\n<td>1.3mm\/.050&#8243; \/ 1.6mm\/.063&#8243;<\/td>\n<\/tr>\n<tr>\n<td>Antal se fait remarquer par son travail<\/td>\n<td>11<\/td>\n<\/tr>\n<tr>\n<td>Longueur de l&#8217;assiette<\/td>\n<td>71cm\/28&#8243; \/ 90cm\/36&#8243; \/ 40cm\/16&#8243; \/ 45cm\/18&#8243; \/ 50cm\/20&#8243; \/ 55cm\/22&#8243; \/ 63cm\/25&#8243;<\/td>\n<\/tr>\n<tr>\n<td>Poids en kg<\/td>\n<td>1 777 \/ 2 365 \/ 0,984 \/ 1 154 \/ 1 288 \/ 1 379 \/ 1 653 kg<\/td>\n<\/tr>\n<\/tbody>\n<\/table>\n","protected":false},"excerpt":{"rendered":"<p>Rollomatic E, 3\/8&#8243;, 11 d, 63cm<\/p>\n","protected":false},"featured_media":683893,"template":"","meta":{"_seopress_robots_primary_cat":"none","_seopress_titles_title":"","_seopress_titles_desc":"","_seopress_robots_index":""},"product_brand":[3366],"product_cat":[29,268,524],"product_tag":[3265],"class_list":{"0":"post-683898","1":"product","2":"type-product","3":"status-publish","4":"has-post-thumbnail","6":"product_brand-stihl","7":"product_cat-macchinari","8":"product_cat-motoseghe","9":"product_cat-spranghe-guida","10":"product_tag-import-stihl","11":"sws-gruppo-macchinari-fr","12":"sws-conto-ricavi-merci-rivendita-macchinari-fr","13":"sws-gruppo-iva-iva81-fr","15":"first","16":"onbackorder","17":"purchasable","18":"product-type-simple"},"_links":{"self":[{"href":"https:\/\/lucacastelli.com\/fr\/wp-json\/wp\/v2\/product\/683898","targetHints":{"allow":["GET"]}}],"collection":[{"href":"https:\/\/lucacastelli.com\/fr\/wp-json\/wp\/v2\/product"}],"about":[{"href":"https:\/\/lucacastelli.com\/fr\/wp-json\/wp\/v2\/types\/product"}],"wp:featuredmedia":[{"embeddable":true,"href":"https:\/\/lucacastelli.com\/fr\/wp-json\/wp\/v2\/media\/683893"}],"wp:attachment":[{"href":"https:\/\/lucacastelli.com\/fr\/wp-json\/wp\/v2\/media?parent=683898"}],"wp:term":[{"taxonomy":"product_brand","embeddable":true,"href":"https:\/\/lucacastelli.com\/fr\/wp-json\/wp\/v2\/product_brand?post=683898"},{"taxonomy":"product_cat","embeddable":true,"href":"https:\/\/lucacastelli.com\/fr\/wp-json\/wp\/v2\/product_cat?post=683898"},{"taxonomy":"product_tag","embeddable":true,"href":"https:\/\/lucacastelli.com\/fr\/wp-json\/wp\/v2\/product_tag?post=683898"}],"curies":[{"name":"wp","href":"https:\/\/api.w.org\/{rel}","templated":true}]}}