{"id":683867,"date":"2026-01-09T16:59:31","date_gmt":"2026-01-09T15:59:31","guid":{"rendered":"https:\/\/lucacastelli.com\/?post_type=product&#038;p=683867"},"modified":"2026-01-09T17:32:33","modified_gmt":"2026-01-09T16:32:33","slug":"stihl-rollomatic-es-barre-de-guidage-legere-63-cm-3-8-13-mm-copia-copia-copia","status":"publish","type":"product","link":"https:\/\/lucacastelli.com\/fr\/produit\/stihl-rollomatic-es-barre-de-guidage-legere-63-cm-3-8-13-mm-copia-copia-copia\/","title":{"rendered":"STIHL Rollomatic ES Barre de guidage l\u00e9g\u00e8re 90 cm 3\/8 1,3 mm"},"content":{"rendered":"<h1><b>Stihl 3003 000 2253 ES Barre pour Tron\u00e7onneuses l\u00e9g\u00e8res, 20&#8243;.<\/b><\/h1>\n<p>&nbsp;<\/p>\n<p>Le guide-cha\u00eene STIHL ROLLOMATIC\u00ae ES Light p\u00e8se jusqu&#8217;\u00e0 30 % de moins que le guide-cha\u00eene STIHL ROLLOMATIC\u00ae E Super. Pour r\u00e9duire le poids, de longs canaux sont frais\u00e9s au centre d&#8217;une barre de guidage solide, puis une fine plaque d&#8217;acier du m\u00eame type est soud\u00e9e sur les canaux \u00e0 l&#8217;aide d&#8217;un proc\u00e9d\u00e9 sp\u00e9cial de soudage au laser. <\/p>\n<ul>\n<li>Pi\u00e8ce d\u00e9tach\u00e9e d&#8217;origine Stihl OEM<\/li>\n<li>Le coussinet nasal \u00e9troit permet de r\u00e9duire les rebonds.<\/li>\n<li>L&#8217;assemblage du nez du pignon peut \u00eatre remplac\u00e9 plusieurs fois, ce qui augmente la dur\u00e9e de vie de la barre<\/li>\n<li>Barre de tron\u00e7onneuses de 20&#8243; ; pas de 3\/8&#8243; ; calibre 0,050 ; 114 maillons de transmission.<\/li>\n<\/ul>\n<p>Pour les mod\u00e8les : MS 500i, MS 661<\/p>\n","protected":false},"excerpt":{"rendered":"<p>Rollomatic E, 3\/8&#8243;, 11 d, 63cm<\/p>\n","protected":false},"featured_media":683018,"template":"","meta":{"_seopress_robots_primary_cat":"none","_seopress_titles_title":"","_seopress_titles_desc":"","_seopress_robots_index":""},"product_brand":[3555],"product_cat":[1622,167,1604],"product_tag":[3267],"class_list":{"0":"post-683867","1":"product","2":"type-product","3":"status-publish","4":"has-post-thumbnail","6":"product_brand-stihl-fr","7":"product_cat-guides-chaine","8":"product_cat-machines","9":"product_cat-tronconneuses","10":"product_tag-import-stihl-fr","12":"first","13":"onbackorder","14":"purchasable","15":"product-type-simple"},"_links":{"self":[{"href":"https:\/\/lucacastelli.com\/fr\/wp-json\/wp\/v2\/product\/683867","targetHints":{"allow":["GET"]}}],"collection":[{"href":"https:\/\/lucacastelli.com\/fr\/wp-json\/wp\/v2\/product"}],"about":[{"href":"https:\/\/lucacastelli.com\/fr\/wp-json\/wp\/v2\/types\/product"}],"wp:featuredmedia":[{"embeddable":true,"href":"https:\/\/lucacastelli.com\/fr\/wp-json\/wp\/v2\/media\/683018"}],"wp:attachment":[{"href":"https:\/\/lucacastelli.com\/fr\/wp-json\/wp\/v2\/media?parent=683867"}],"wp:term":[{"taxonomy":"product_brand","embeddable":true,"href":"https:\/\/lucacastelli.com\/fr\/wp-json\/wp\/v2\/product_brand?post=683867"},{"taxonomy":"product_cat","embeddable":true,"href":"https:\/\/lucacastelli.com\/fr\/wp-json\/wp\/v2\/product_cat?post=683867"},{"taxonomy":"product_tag","embeddable":true,"href":"https:\/\/lucacastelli.com\/fr\/wp-json\/wp\/v2\/product_tag?post=683867"}],"curies":[{"name":"wp","href":"https:\/\/api.w.org\/{rel}","templated":true}]}}