{"id":683731,"date":"2026-01-09T11:48:17","date_gmt":"2026-01-09T10:48:17","guid":{"rendered":"https:\/\/lucacastelli.com\/prodotto\/protections-auditives-peltor-ws-litecom-pro-iii-gb-avec-serre-tete\/"},"modified":"2026-01-09T11:48:17","modified_gmt":"2026-01-09T10:48:17","slug":"protections-auditives-peltor-ws-litecom-pro-iii-gb-avec-serre-tete","status":"publish","type":"product","link":"https:\/\/lucacastelli.com\/fr\/produit\/protections-auditives-peltor-ws-litecom-pro-iii-gb-avec-serre-tete\/","title":{"rendered":"Protections auditives Peltor WS LiteCom Pro III GB avec serre-t\u00eate"},"content":{"rendered":"<p>Informations sur l&#8217;article<\/p>\n<p>Le Peltor WS LiteCom Pro III GB avec serre-t\u00eate est un appareil de protection auditive qui offre une communication radio analogique et num\u00e9rique bidirectionnelle, ce qui le rend parfait pour une utilisation professionnelle. Dot\u00e9 d&#8217;une fonction de transmission sur la bande de fr\u00e9quence PMR-446, il offre une grande port\u00e9e allant jusqu&#8217;\u00e0 2 kilom\u00e8tres et comprend 16 canaux PMR et DMR pr\u00e9programm\u00e9s. En outre, il est programmable pour les communications radio professionnelles, ce qui renforce encore sa polyvalence. Les microphones externes amplifient les bruits ambiants importants pour garantir une s\u00e9curit\u00e9 maximale. Le microphone \u00e9tanche anti-bruit et la commande vocale VOX offrent un confort suppl\u00e9mentaire. Gr\u00e2ce \u00e0 la technologie Bluetooth, le Peltor WS LiteCom Pro III GB peut \u00eatre coupl\u00e9 avec jusqu&#8217;\u00e0 deux appareils externes, ce qui te permet de recevoir confortablement des appels ou d&#8217;\u00e9couter de la musique tout en travaillant.     <\/p>\n<ul>\n<li>Protection auditive conforme \u00e0 la norme EN 352 avec communication radio analogique et num\u00e9rique bidirectionnelle pr\u00e9programm\u00e9e.<\/li>\n<li>transmission sur la bande de fr\u00e9quence PMR 446 avec une port\u00e9e allant jusqu&#8217;\u00e0 2 km<\/li>\n<li>16 canaux PMR et DMR pr\u00e9programm\u00e9s<\/li>\n<li>programmable sur la radio de l&#8217;entreprise<\/li>\n<li>haute visibilit\u00e9 gr\u00e2ce aux capsules de couleur n\u00e9on<\/li>\n<li>Microphones externes pour amplifier les bruits ambiants importants<\/li>\n<li>Microphone antibruit, \u00e9tanche selon la norme IP68<\/li>\n<li>Commande vocale VOX<\/li>\n<li>Fonction Push-To-Listen<\/li>\n<li>Menu utilisateur avec s\u00e9lection de la langue<\/li>\n<li>Technologie Bluetooth pour coupler jusqu&#8217;\u00e0 deux appareils<\/li>\n<li>Touches de commande larges et faciles \u00e0 utiliser<\/li>\n<li>Prise pour connecter des appareils externes par c\u00e2ble<\/li>\n<li>Valeur SNR 33 dB<\/li>\n<li>Autonomie de la batterie jusqu&#8217;\u00e0 11 heures, temps de charge environ 4 heures.<\/li>\n<li>Poids (batterie incluse) environ 510 g<\/li>\n<\/ul>\n<p>La livraison comprend un kit d&#8217;hygi\u00e8ne et une batterie au lithium-ion (1800 mAh\/3,7 V\/6,7 Wh).<\/p>\n","protected":false},"excerpt":{"rendered":"<p>Informations sur l&#8217;article Le Peltor WS LiteCom Pro III GB avec serre-t\u00eate est un appareil de protection auditive qui offre<\/p>\n","protected":false},"featured_media":683733,"template":"","meta":{"_seopress_robots_primary_cat":"none","_seopress_titles_title":"","_seopress_titles_desc":"","_seopress_robots_index":""},"product_brand":[4399],"product_cat":[33,537,822,815,211,212,817],"product_tag":[],"class_list":{"0":"post-683731","1":"product","2":"type-product","3":"status-publish","4":"has-post-thumbnail","6":"product_brand-peltor-3m","7":"product_cat-attrezzature","8":"product_cat-attrezzatura-da-lavoro","9":"product_cat-altro-attrezzatura-da-lavoro","10":"product_cat-caschi","11":"product_cat-attrezzatura-per-il-tempo-libero","12":"product_cat-altro","13":"product_cat-caschi-attrezzatura-per-il-tempo-libero","14":"sws-gruppo-abb-libero-fr","15":"sws-conto-ricavi-merci-rivendita-abbigliamento-fr","16":"sws-gruppo-iva-iva81-fr","18":"first","19":"instock","20":"sale","21":"shipping-taxable","22":"purchasable","23":"product-type-simple"},"_links":{"self":[{"href":"https:\/\/lucacastelli.com\/fr\/wp-json\/wp\/v2\/product\/683731","targetHints":{"allow":["GET"]}}],"collection":[{"href":"https:\/\/lucacastelli.com\/fr\/wp-json\/wp\/v2\/product"}],"about":[{"href":"https:\/\/lucacastelli.com\/fr\/wp-json\/wp\/v2\/types\/product"}],"wp:featuredmedia":[{"embeddable":true,"href":"https:\/\/lucacastelli.com\/fr\/wp-json\/wp\/v2\/media\/683733"}],"wp:attachment":[{"href":"https:\/\/lucacastelli.com\/fr\/wp-json\/wp\/v2\/media?parent=683731"}],"wp:term":[{"taxonomy":"product_brand","embeddable":true,"href":"https:\/\/lucacastelli.com\/fr\/wp-json\/wp\/v2\/product_brand?post=683731"},{"taxonomy":"product_cat","embeddable":true,"href":"https:\/\/lucacastelli.com\/fr\/wp-json\/wp\/v2\/product_cat?post=683731"},{"taxonomy":"product_tag","embeddable":true,"href":"https:\/\/lucacastelli.com\/fr\/wp-json\/wp\/v2\/product_tag?post=683731"}],"curies":[{"name":"wp","href":"https:\/\/api.w.org\/{rel}","templated":true}]}}